{"id":556673638,"date":"2020-01-28T11:43:23","date_gmt":"2020-01-28T10:43:23","guid":{"rendered":"https:\/\/fagorarrasate.com\/uber-uns\/management-policy\/"},"modified":"2025-09-11T08:48:39","modified_gmt":"2025-09-11T06:48:39","slug":"leitbild","status":"publish","type":"page","link":"https:\/\/fagorarrasate.com\/de\/uber-uns\/leitbild\/","title":{"rendered":"Leitbild"},"content":{"rendered":"\r\n<h1>Leitbild<\/h1>\r\n<nav aria-label=\"breadcrumb\">\r\n<p><a href=\"https:\/\/fagorarrasate.com\/de\/\">Home<\/a> \/ <a href=\"https:\/\/fagorarrasate.com\/de\/uber-uns\/\">\u00dcber uns<\/a> \/ Leitbild<\/p>\r\n<\/nav>\r\n<p>Die Gesch\u00e4ftsleitung von FAGOR ARRASATE ist sich bewusst, wie wichtig es ist, sozial verantwortlich und nachhaltig zu handeln und zwar in einer Weise, die sich mit der Qualit\u00e4t unserer Produkte und Dienstleistungen, dem Umweltschutz, der Vorbeugung von Berufsrisiken und der Informationssicherheit vereinbaren l\u00e4sst. Zu diesem Zweck hat sie die folgenden Prinzipien der Managementstrategie festgelegt, die f\u00fcr alle unsere Werke gelten:<\/p>\r\n<ul>\r\n<li>Die Grunds\u00e4tze der sozialen Verantwortung respektieren und sich stets von ethischem Verhalten leiten lassen, wie in unserem Verhaltenskodex festgelegt.<\/li>\r\n<li>Den Kunden mit Produkten von hoher Verf\u00fcgbarkeit und Lebensdauer und mit bedarfsgerechten Dienstleistungen zufriedenstellen.<\/li>\r\n<li>F\u00fcr sichere und gesunde Arbeitsbedingungen sorgen.<\/li>\r\n<li>Die gesetzlichen Vorgaben, internen und externen Standards in Bezug auf Produkte, Umwelt, Vorbeugung von Berufsrisiken, Informationssicherheit und Gesch\u00e4ftsethik einhalten.<\/li>\r\n<li>Kontinuierlich in allen Bereichen besser werden nach der allgemeinen Ma\u00dfgabe: Ziele definieren, sie vermitteln und sie entsprechend dem Grad der Umsetzung mit geeigneten Mitteln nachverfolgen.<\/li>\r\n<li>Problemen und Gefahren zuvorkommen. Jedem einzelnen die Verantwortung f\u00fcr seine Arbeit \u00fcberlassen, damit er sie gleich beim ersten Mal gut macht.<\/li>\r\n<li>Probleme gemeinsam mit den Betroffenen besprechen und l\u00f6sen: Kolleg*innen, Lieferanten, Kunden, Verwaltung, Nachbarn, etc.<\/li>\r\n<li>In dem Geist, Wissen zu erwerben und zu teilen, maximale fachliche Kompetenz erlangen.<\/li>\r\n<li>Die M\u00f6glichkeit wahren, in einem baskischen Sprachumfeld in einem Werk im Baskenland zu arbeiten.<\/li>\r\n<\/ul>\r\n<p><a data-toggle=\"collapse\" data-target=\"#collapseOne\" aria-expanded=\"false\" aria-controls=\"collapseOne\"> VERHALTENSKODEX <\/a><\/p>\r\n<p>Abschnitt 9 des Managementsystemhandbuchs besagt, der dazu dient, unser Handeln vermehrt an Nachhaltigkeit und sozialer Verantwortung auszurichten.<\/p>\r\n<p><a href=\"https:\/\/fagorarrasate.com\/wp-content\/uploads\/2022\/04\/FAGOR-ARRASATE_Code-of-conduct_2022.pdf\" target=\"_blank\" rel=\"noopener\">Verhaltenskodex<\/a><\/p>\r\n<p><a data-toggle=\"collapse\" data-target=\"#collapse2\" aria-expanded=\"false\" aria-controls=\"collapse2\"> INFORMATIONSSICHERHEIT <\/a><\/p>\r\n<p>Im Rahmen unserer Unternehmensstrategie entwickeln wir eine Leitlinie f\u00fcr ein effizienteres Management. Hierf\u00fcr ist ein effektiver Einsatz von Informationssystemen unerl\u00e4sslich. Die Nutzung von Informationssystemen und vor allem die gemeinsame Nutzung von Informationen stellt eine Herausforderung f\u00fcr die Informationssicherheit dar.<\/p>\r\n<p>Die Informationssicherheit umfasst alle technischen, personellen, materiellen und organisatorischen Bestandteile, die erforderlich sind, um eine ordnungsgem\u00e4\u00dfe Datenverwaltung zu gew\u00e4hrleisten und Sicherheitsma\u00dfnahmen so treffen zu k\u00f6nnen, dass die Wahrscheinlichkeit von Angriffen klein gehalten wird und Sicherheitsrisiken rechtzeitig erkannt und behoben werden k\u00f6nnen, damit gespeicherte Informationen und erbrachte Dienstleistungen nicht ernsthaft beeintr\u00e4chtigt werden und rasch wiederhergestellt werden k\u00f6nnen.<\/p>\r\n<p>Diese Richtlinien zur Informationssicherheit tragen der Notwendigkeit Rechnung, die Vertraulichkeit, Integrit\u00e4t und Verf\u00fcgbarkeit der in der Organisation gehandhabten Informationen zu wahren.<\/p>\r\n<p><a data-toggle=\"collapse\" data-target=\"#collapse5\" aria-expanded=\"false\" aria-controls=\"collapse5\"> UMGANG MIT SPRACHLICHER VIELFALT <\/a><\/p>\r\n<p>Im Umgang mit sprachlicher Vielfalt haben wir uns folgende Ziele gesteckt:<\/p>\r\n<ul>\r\n<li>In den jeweiligen Werken die Landessprache zu respektieren und die Kommunikation zwischen den Werken zu erleichtern.<\/li>\r\n<li>Eine effektive Kommunikation mit externen Interessengruppen zu gew\u00e4hrleisten.<\/li>\r\n<li>In den Werken im Baskenland die Dynamik zugunsten der baskischen Sprache zu f\u00f6rdern, damit sie sich als gleichwertige Sprache etablieren kann.<\/li>\r\n<\/ul>\r\n<p>Diese allgemeinen Kriterien f\u00fcr die drei Hauptbereiche unserer Sprachenpolitik sind zu befolgen:<\/p>\r\n<ul>\r\n<li>Sprachliche Landschaft und Unternehmensimage:\r\n<ul>\r\n<li>Vorrangig ist die Landessprache zu gebrauchen, bei allgemeinen Themen auch die englische Sprache.<\/li>\r\n<\/ul>\r\n<\/li>\r\n<li>Externe Beziehungen:\r\n<ul>\r\n<li>Vorrangig ist die vom Kunden gew\u00e4hlte Sprache zu benutzen, sowohl hinsichtlich der Gesch\u00e4ftsbeziehung als auch im Rahmen von Projekten und Dienstleistungen.<\/li>\r\n<li>Die Beziehungspflege zu externen Akteuren erfolgt in der Landessprache oder auf Englisch. Im Baskenland ist der Gebrauch der baskischen Sprache zu f\u00f6rdern.<\/li>\r\n<\/ul>\r\n<\/li>\r\n<li>Interne Beziehungen:\r\n<ul>\r\n<li>In den Werken im Baskenland ist der Gebrauch der baskischen Sprache zu gew\u00e4hrleisten.<\/li>\r\n<li>S\u00e4mtlichen Stellenbeschreibungen ist ein sprachliches Profil zugeordnet.<\/li>\r\n<\/ul>\r\n<\/li>\r\n<\/ul>\r\n<p>Als Ma\u00dfstab f\u00fcr die Standardisierung der baskischen Sprache wird das &#8222;Bikain&#8220;-Bewertungsverfahren angesetzt.<\/p>\r\n<h3>Zertifikate<\/h3>\r\n<p><strong>Fagor Arrasate, S.Coop.<\/strong><\/p>\r\n<p><a href=\"https:\/\/fagorarrasate.com\/wp-content\/uploads\/2024\/05\/IQNetES-0088-1992_2024-05-20.pdf\"><img loading=\"lazy\" decoding=\"async\" src=\"https:\/\/fagorarrasate.com\/wp-content\/uploads\/2025\/07\/SelloAENORISO9001_EN_QUALITY-bajo.jpg\" alt=\"\" width=\"177\" height=\"150\" \/><\/a> \u00a0<a href=\"https:\/\/fagorarrasate.com\/wp-content\/uploads\/2024\/05\/IQNetES-2001-0401_2024-05-20.pdf\"><img loading=\"lazy\" decoding=\"async\" src=\"https:\/\/fagorarrasate.com\/wp-content\/uploads\/2025\/07\/SelloAENORISO14001_EN_ENVIRONMENTAL-bajo.jpg\" alt=\"\" width=\"177\" height=\"150\" \/><\/a> \u00a0<a href=\"https:\/\/fagorarrasate.com\/wp-content\/uploads\/2023\/05\/IQNetES-SST-0061-2007_2023-05-25.pdf\"><img loading=\"lazy\" decoding=\"async\" src=\"https:\/\/fagorarrasate.com\/wp-content\/uploads\/2025\/07\/Sello-AENOR_ocupational_health_safety_ISO45001_ING_POS-bajo.jpg\" alt=\"\" width=\"177\" height=\"150\" \/><\/a><\/p>\r\n<p><a href=\"https:\/\/fagorarrasate.com\/wp-content\/uploads\/2025\/09\/TISAX-Fagor-Arrasate-Scope-SVP75H.pdf\"><img loading=\"lazy\" decoding=\"async\" src=\"https:\/\/fagorarrasate.com\/wp-content\/uploads\/2025\/09\/csm_tisaxlogo_20a528c16e-282x150.png\" alt=\"\" width=\"200\" height=\"110\" \/><\/a><\/p>\r\n<p><strong>Fagor Metalforming Machine Tool (Kunshan) Co.Ltd<\/strong><\/p>\r\n<p><a href=\"https:\/\/fagorarrasate.com\/wp-content\/uploads\/2025\/07\/ISO-9001-SGS.pdf\"><img loading=\"lazy\" decoding=\"async\" src=\"https:\/\/fagorarrasate.com\/wp-content\/uploads\/2025\/07\/SGS-ISO9001-2015_bajo-1.png\" alt=\"\" width=\"145\" height=\"170\" \/><\/a>\u00a0 \u00a0<a href=\"https:\/\/fagorarrasate.com\/wp-content\/uploads\/2025\/07\/ISO-14001-Zhongnuo.pdf\"><img loading=\"lazy\" decoding=\"async\" src=\"https:\/\/fagorarrasate.com\/wp-content\/uploads\/2025\/07\/ZNC-Certification_ISO-14001_bajo-1.png\" alt=\"\" width=\"145\" height=\"170\" \/><\/a>\u00a0 \u00a0<a href=\"https:\/\/fagorarrasate.com\/wp-content\/uploads\/2025\/07\/ISO-45001-Zhongnuo.pdf\"><img loading=\"lazy\" decoding=\"async\" src=\"https:\/\/fagorarrasate.com\/wp-content\/uploads\/2025\/07\/ZNC-Certification_ISO-45001_bajo-1.png\" alt=\"\" width=\"145\" height=\"170\" \/><\/a><\/p>\r\n","protected":false},"excerpt":{"rendered":"<p>Leitbild Home \/ \u00dcber uns \/ Leitbild Die Gesch\u00e4ftsleitung von FAGOR ARRASATE ist sich bewusst, wie wichtig es ist, sozial verantwortlich und nachhaltig zu handeln und zwar in einer Weise, die sich mit der Qualit\u00e4t unserer Produkte und Dienstleistungen, dem Umweltschutz, der Vorbeugung von Berufsrisiken und der Informationssicherheit vereinbaren l\u00e4sst. Zu diesem Zweck hat sie [&hellip;]<\/p>\n","protected":false},"author":1,"featured_media":556673640,"parent":556673218,"menu_order":6,"comment_status":"closed","ping_status":"closed","template":"template-builderra-edukian.php","meta":{"_acf_changed":false,"footnotes":""},"class_list":["post-556673638","page","type-page","status-publish","has-post-thumbnail","hentry"],"acf":[],"yoast_head":"<!-- This site is optimized with the Yoast SEO plugin v25.1 - https:\/\/yoast.com\/wordpress\/plugins\/seo\/ -->\n<title>Leitbild - Fagor Arrasate<\/title>\n<meta name=\"description\" content=\"We carry out our activity in a socially responsible and sustainable manner guided by our 8-point management policy.\" \/>\n<meta name=\"robots\" content=\"index, follow, max-snippet:-1, max-image-preview:large, max-video-preview:-1\" \/>\n<link rel=\"canonical\" href=\"https:\/\/fagorarrasate.com\/de\/uber-uns\/leitbild\/\" \/>\n<meta name=\"twitter:label1\" content=\"Gesch\u00e4tzte Lesezeit\" \/>\n\t<meta name=\"twitter:data1\" content=\"4\u00a0Minuten\" \/>\n<script type=\"application\/ld+json\" class=\"yoast-schema-graph\">{\"@context\":\"https:\/\/schema.org\",\"@graph\":[{\"@type\":\"WebPage\",\"@id\":\"https:\/\/fagorarrasate.com\/de\/uber-uns\/leitbild\/\",\"url\":\"https:\/\/fagorarrasate.com\/de\/uber-uns\/leitbild\/\",\"name\":\"Leitbild - Fagor Arrasate\",\"isPartOf\":{\"@id\":\"https:\/\/fagorarrasate.com\/de\/#website\"},\"primaryImageOfPage\":{\"@id\":\"https:\/\/fagorarrasate.com\/de\/uber-uns\/leitbild\/#primaryimage\"},\"image\":{\"@id\":\"https:\/\/fagorarrasate.com\/de\/uber-uns\/leitbild\/#primaryimage\"},\"thumbnailUrl\":\"https:\/\/fagorarrasate.com\/wp-content\/uploads\/2020\/04\/FAGOR-ARRASATE-Sistema-de-gestion.png.jpg\",\"datePublished\":\"2020-01-28T10:43:23+00:00\",\"dateModified\":\"2025-09-11T06:48:39+00:00\",\"description\":\"We carry out our activity in a socially responsible and sustainable manner guided by our 8-point management policy.\",\"breadcrumb\":{\"@id\":\"https:\/\/fagorarrasate.com\/de\/uber-uns\/leitbild\/#breadcrumb\"},\"inLanguage\":\"de\",\"potentialAction\":[{\"@type\":\"ReadAction\",\"target\":[\"https:\/\/fagorarrasate.com\/de\/uber-uns\/leitbild\/\"]}]},{\"@type\":\"ImageObject\",\"inLanguage\":\"de\",\"@id\":\"https:\/\/fagorarrasate.com\/de\/uber-uns\/leitbild\/#primaryimage\",\"url\":\"https:\/\/fagorarrasate.com\/wp-content\/uploads\/2020\/04\/FAGOR-ARRASATE-Sistema-de-gestion.png.jpg\",\"contentUrl\":\"https:\/\/fagorarrasate.com\/wp-content\/uploads\/2020\/04\/FAGOR-ARRASATE-Sistema-de-gestion.png.jpg\",\"width\":1918,\"height\":565},{\"@type\":\"BreadcrumbList\",\"@id\":\"https:\/\/fagorarrasate.com\/de\/uber-uns\/leitbild\/#breadcrumb\",\"itemListElement\":[{\"@type\":\"ListItem\",\"position\":1,\"name\":\"Home\",\"item\":\"https:\/\/fagorarrasate.com\/de\/\"},{\"@type\":\"ListItem\",\"position\":2,\"name\":\"\u00dcber uns\",\"item\":\"https:\/\/fagorarrasate.com\/de\/uber-uns\/\"},{\"@type\":\"ListItem\",\"position\":3,\"name\":\"Leitbild\"}]},{\"@type\":\"WebSite\",\"@id\":\"https:\/\/fagorarrasate.com\/de\/#website\",\"url\":\"https:\/\/fagorarrasate.com\/de\/\",\"name\":\"Fagor Arrasate\",\"description\":\"Sharing Your Challenges\",\"publisher\":{\"@id\":\"https:\/\/fagorarrasate.com\/de\/#organization\"},\"potentialAction\":[{\"@type\":\"SearchAction\",\"target\":{\"@type\":\"EntryPoint\",\"urlTemplate\":\"https:\/\/fagorarrasate.com\/de\/?s={search_term_string}\"},\"query-input\":{\"@type\":\"PropertyValueSpecification\",\"valueRequired\":true,\"valueName\":\"search_term_string\"}}],\"inLanguage\":\"de\"},{\"@type\":\"Organization\",\"@id\":\"https:\/\/fagorarrasate.com\/de\/#organization\",\"name\":\"Fagor Arrasate\",\"url\":\"https:\/\/fagorarrasate.com\/de\/\",\"logo\":{\"@type\":\"ImageObject\",\"inLanguage\":\"de\",\"@id\":\"https:\/\/fagorarrasate.com\/de\/#\/schema\/logo\/image\/\",\"url\":\"https:\/\/fagorarrasate.com\/wp-content\/uploads\/2022\/01\/fagor-logo.png\",\"contentUrl\":\"https:\/\/fagorarrasate.com\/wp-content\/uploads\/2022\/01\/fagor-logo.png\",\"width\":164,\"height\":52,\"caption\":\"Fagor Arrasate\"},\"image\":{\"@id\":\"https:\/\/fagorarrasate.com\/de\/#\/schema\/logo\/image\/\"},\"sameAs\":[\"https:\/\/es.linkedin.com\/company\/fagor-arrasate-s--coop-\",\"https:\/\/www.youtube.com\/channel\/UCcIkM42cil4qiObWBRnotjA\"]}]}<\/script>\n<!-- \/ Yoast SEO plugin. -->","yoast_head_json":{"title":"Leitbild - Fagor Arrasate","description":"We carry out our activity in a socially responsible and sustainable manner guided by our 8-point management policy.","robots":{"index":"index","follow":"follow","max-snippet":"max-snippet:-1","max-image-preview":"max-image-preview:large","max-video-preview":"max-video-preview:-1"},"canonical":"https:\/\/fagorarrasate.com\/de\/uber-uns\/leitbild\/","twitter_misc":{"Gesch\u00e4tzte Lesezeit":"4\u00a0Minuten"},"schema":{"@context":"https:\/\/schema.org","@graph":[{"@type":"WebPage","@id":"https:\/\/fagorarrasate.com\/de\/uber-uns\/leitbild\/","url":"https:\/\/fagorarrasate.com\/de\/uber-uns\/leitbild\/","name":"Leitbild - Fagor Arrasate","isPartOf":{"@id":"https:\/\/fagorarrasate.com\/de\/#website"},"primaryImageOfPage":{"@id":"https:\/\/fagorarrasate.com\/de\/uber-uns\/leitbild\/#primaryimage"},"image":{"@id":"https:\/\/fagorarrasate.com\/de\/uber-uns\/leitbild\/#primaryimage"},"thumbnailUrl":"https:\/\/fagorarrasate.com\/wp-content\/uploads\/2020\/04\/FAGOR-ARRASATE-Sistema-de-gestion.png.jpg","datePublished":"2020-01-28T10:43:23+00:00","dateModified":"2025-09-11T06:48:39+00:00","description":"We carry out our activity in a socially responsible and sustainable manner guided by our 8-point management policy.","breadcrumb":{"@id":"https:\/\/fagorarrasate.com\/de\/uber-uns\/leitbild\/#breadcrumb"},"inLanguage":"de","potentialAction":[{"@type":"ReadAction","target":["https:\/\/fagorarrasate.com\/de\/uber-uns\/leitbild\/"]}]},{"@type":"ImageObject","inLanguage":"de","@id":"https:\/\/fagorarrasate.com\/de\/uber-uns\/leitbild\/#primaryimage","url":"https:\/\/fagorarrasate.com\/wp-content\/uploads\/2020\/04\/FAGOR-ARRASATE-Sistema-de-gestion.png.jpg","contentUrl":"https:\/\/fagorarrasate.com\/wp-content\/uploads\/2020\/04\/FAGOR-ARRASATE-Sistema-de-gestion.png.jpg","width":1918,"height":565},{"@type":"BreadcrumbList","@id":"https:\/\/fagorarrasate.com\/de\/uber-uns\/leitbild\/#breadcrumb","itemListElement":[{"@type":"ListItem","position":1,"name":"Home","item":"https:\/\/fagorarrasate.com\/de\/"},{"@type":"ListItem","position":2,"name":"\u00dcber uns","item":"https:\/\/fagorarrasate.com\/de\/uber-uns\/"},{"@type":"ListItem","position":3,"name":"Leitbild"}]},{"@type":"WebSite","@id":"https:\/\/fagorarrasate.com\/de\/#website","url":"https:\/\/fagorarrasate.com\/de\/","name":"Fagor Arrasate","description":"Sharing Your Challenges","publisher":{"@id":"https:\/\/fagorarrasate.com\/de\/#organization"},"potentialAction":[{"@type":"SearchAction","target":{"@type":"EntryPoint","urlTemplate":"https:\/\/fagorarrasate.com\/de\/?s={search_term_string}"},"query-input":{"@type":"PropertyValueSpecification","valueRequired":true,"valueName":"search_term_string"}}],"inLanguage":"de"},{"@type":"Organization","@id":"https:\/\/fagorarrasate.com\/de\/#organization","name":"Fagor Arrasate","url":"https:\/\/fagorarrasate.com\/de\/","logo":{"@type":"ImageObject","inLanguage":"de","@id":"https:\/\/fagorarrasate.com\/de\/#\/schema\/logo\/image\/","url":"https:\/\/fagorarrasate.com\/wp-content\/uploads\/2022\/01\/fagor-logo.png","contentUrl":"https:\/\/fagorarrasate.com\/wp-content\/uploads\/2022\/01\/fagor-logo.png","width":164,"height":52,"caption":"Fagor Arrasate"},"image":{"@id":"https:\/\/fagorarrasate.com\/de\/#\/schema\/logo\/image\/"},"sameAs":["https:\/\/es.linkedin.com\/company\/fagor-arrasate-s--coop-","https:\/\/www.youtube.com\/channel\/UCcIkM42cil4qiObWBRnotjA"]}]}},"_links":{"self":[{"href":"https:\/\/fagorarrasate.com\/de\/wp-json\/wp\/v2\/pages\/556673638","targetHints":{"allow":["GET"]}}],"collection":[{"href":"https:\/\/fagorarrasate.com\/de\/wp-json\/wp\/v2\/pages"}],"about":[{"href":"https:\/\/fagorarrasate.com\/de\/wp-json\/wp\/v2\/types\/page"}],"author":[{"embeddable":true,"href":"https:\/\/fagorarrasate.com\/de\/wp-json\/wp\/v2\/users\/1"}],"replies":[{"embeddable":true,"href":"https:\/\/fagorarrasate.com\/de\/wp-json\/wp\/v2\/comments?post=556673638"}],"version-history":[{"count":5,"href":"https:\/\/fagorarrasate.com\/de\/wp-json\/wp\/v2\/pages\/556673638\/revisions"}],"predecessor-version":[{"id":556709993,"href":"https:\/\/fagorarrasate.com\/de\/wp-json\/wp\/v2\/pages\/556673638\/revisions\/556709993"}],"up":[{"embeddable":true,"href":"https:\/\/fagorarrasate.com\/de\/wp-json\/wp\/v2\/pages\/556673218"}],"wp:featuredmedia":[{"embeddable":true,"href":"https:\/\/fagorarrasate.com\/de\/wp-json\/wp\/v2\/media\/556673640"}],"wp:attachment":[{"href":"https:\/\/fagorarrasate.com\/de\/wp-json\/wp\/v2\/media?parent=556673638"}],"curies":[{"name":"wp","href":"https:\/\/api.w.org\/{rel}","templated":true}]}}