{"id":556673784,"date":"2020-01-07T10:38:34","date_gmt":"2020-01-07T09:38:34","guid":{"rendered":"https:\/\/fagorarrasate.com\/service\/"},"modified":"2022-02-14T12:06:44","modified_gmt":"2022-02-14T11:06:44","slug":"service","status":"publish","type":"page","link":"https:\/\/fagorarrasate.com\/de\/service\/","title":{"rendered":"Service"},"content":{"rendered":"<section>\n<div class=\"container-fluid\">\n<div class=\"service-info \">\n<div class=\"row d-flex \">\n<div class=\"col-12 col-lg-6 p-0\"><img decoding=\"async\" class=\"img-fluid w-100\" src=\"https:\/\/fagorarrasate.com\/wp-content\/uploads\/2020\/10\/FAGOR-ARRASATE_Global-presence_DE.png\" \/><\/div>\n<div class=\"col-12 col-lg-6 p-0 d-flex justify-content-start\">\n<div class=\"serv-text\">\n<h2 class=\"w-border\">Global Denken<\/h2>\n<p>Unsere Servicewerke in Spanien, Deutschland, den Vereinigten Staaten, China, Mexiko und der T\u00fcrkei verf\u00fcgen \u00fcber eigene, hoch spezialisierte Teams, die weltweit zum Einsatz kommen, um Zwischenf\u00e4lle in k\u00fcrzester Zeit und mit maximaler Effizienz zu beheben.<\/p>\n<p>Dar\u00fcber hinaus haben wir ein weltweites Netz lokal t\u00e4tiger Lieferanten aufgebaut, die wir schulen und mit spezifischem Wissen \u00fcber unsere Ausr\u00fcstung ausstatten. Sie erf\u00fcllen die strengsten Qualit\u00e4tsstandards.<\/p>\n<p><a href=\"https:\/\/fagorarrasate.com\/de\/uber-uns\/unsere-standorte\/\"><strong>Lernen Sie unsere Werke kennen<\/strong><\/a><\/p>\n<\/div>\n<\/div>\n<\/div>\n<\/div>\n<div class=\"service-info bg-invert pt-0 \">\n<div class=\"row\">\n<div class=\"col-12 col-lg-6 p-0 d-flex justify-content-end\">\n<div class=\"serv-text\">\n<h2 class=\"w-border\">Lokal Handeln<\/h2>\n<p>Wir f\u00fchlen uns einem kundennahen und direkten Expertendienst verpflichtet, von der Anfangsphase eines Projektes bis zum Ende des Anlagenlebenszyklus. Bei FAGOR ARRASATE nehmen wir die Herausforderungen unserer Kunden als unsere eigenen an und wollen sie deshalb in ihrem Erfolg begleiten.<\/p>\n<p>An unseren lokalen Standorten beziehen wir einheimische Talente mit ein, um Sprache, Kultur und Eigenheiten zu ber\u00fccksichtigen. Wir wollen ein Partner sein, der wie seine Kunden spricht, denkt und handelt.<\/p>\n<p>Unb\u00fcrokratisch. Haben Sie einen Zwischenfall? Rufen Sie uns an, wir sind direkt f\u00fcr Sie da.<\/p>\n<\/div>\n<\/div>\n<div class=\"col-12 col-lg-6 p-0\"><img decoding=\"async\" class=\"img-fluid \" src=\"https:\/\/fagorarrasate.com\/wp-content\/uploads\/2020\/01\/service3.jpg\" alt=\"slide\" \/><\/div>\n<\/div>\n<\/div>\n<\/div>\n<\/section>\n","protected":false},"excerpt":{"rendered":"<p>Global Denken Unsere Servicewerke in Spanien, Deutschland, den Vereinigten Staaten, China, Mexiko und der T\u00fcrkei verf\u00fcgen \u00fcber eigene, hoch spezialisierte Teams, die weltweit zum Einsatz kommen, um Zwischenf\u00e4lle in k\u00fcrzester Zeit und mit maximaler Effizienz zu beheben. Dar\u00fcber hinaus haben wir ein weltweites Netz lokal t\u00e4tiger Lieferanten aufgebaut, die wir schulen und mit spezifischem Wissen [&hellip;]<\/p>\n","protected":false},"author":1,"featured_media":556673785,"parent":0,"menu_order":0,"comment_status":"closed","ping_status":"closed","template":"template-servicios.php","meta":{"_acf_changed":false,"footnotes":""},"class_list":["post-556673784","page","type-page","status-publish","has-post-thumbnail","hentry"],"acf":[],"yoast_head":"<!-- This site is optimized with the Yoast SEO plugin v25.1 - https:\/\/yoast.com\/wordpress\/plugins\/seo\/ -->\n<title>Experten-Service, kundennah und direkt - Fagor Arrasate<\/title>\n<meta name=\"description\" content=\"Wir unterhalten Servicewerke in Spanien, Deutschland, den USA, China, Mexiko und der T\u00fcrkei. Unsere Teams sind hochqualifiziert.\" \/>\n<meta name=\"robots\" content=\"index, follow, max-snippet:-1, max-image-preview:large, max-video-preview:-1\" \/>\n<link rel=\"canonical\" href=\"https:\/\/fagorarrasate.com\/de\/service\/\" \/>\n<meta name=\"twitter:label1\" content=\"Gesch\u00e4tzte Lesezeit\" \/>\n\t<meta name=\"twitter:data1\" content=\"1\u00a0Minute\" \/>\n<script type=\"application\/ld+json\" class=\"yoast-schema-graph\">{\"@context\":\"https:\/\/schema.org\",\"@graph\":[{\"@type\":\"WebPage\",\"@id\":\"https:\/\/fagorarrasate.com\/de\/service\/\",\"url\":\"https:\/\/fagorarrasate.com\/de\/service\/\",\"name\":\"Experten-Service, kundennah und direkt - Fagor Arrasate\",\"isPartOf\":{\"@id\":\"https:\/\/fagorarrasate.com\/de\/#website\"},\"primaryImageOfPage\":{\"@id\":\"https:\/\/fagorarrasate.com\/de\/service\/#primaryimage\"},\"image\":{\"@id\":\"https:\/\/fagorarrasate.com\/de\/service\/#primaryimage\"},\"thumbnailUrl\":\"https:\/\/fagorarrasate.com\/wp-content\/uploads\/2020\/01\/Fagor-Arrasate-Service.png\",\"datePublished\":\"2020-01-07T09:38:34+00:00\",\"dateModified\":\"2022-02-14T11:06:44+00:00\",\"description\":\"Wir unterhalten Servicewerke in Spanien, Deutschland, den USA, China, Mexiko und der T\u00fcrkei. Unsere Teams sind hochqualifiziert.\",\"breadcrumb\":{\"@id\":\"https:\/\/fagorarrasate.com\/de\/service\/#breadcrumb\"},\"inLanguage\":\"de\",\"potentialAction\":[{\"@type\":\"ReadAction\",\"target\":[\"https:\/\/fagorarrasate.com\/de\/service\/\"]}]},{\"@type\":\"ImageObject\",\"inLanguage\":\"de\",\"@id\":\"https:\/\/fagorarrasate.com\/de\/service\/#primaryimage\",\"url\":\"https:\/\/fagorarrasate.com\/wp-content\/uploads\/2020\/01\/Fagor-Arrasate-Service.png\",\"contentUrl\":\"https:\/\/fagorarrasate.com\/wp-content\/uploads\/2020\/01\/Fagor-Arrasate-Service.png\",\"width\":1927,\"height\":565},{\"@type\":\"BreadcrumbList\",\"@id\":\"https:\/\/fagorarrasate.com\/de\/service\/#breadcrumb\",\"itemListElement\":[{\"@type\":\"ListItem\",\"position\":1,\"name\":\"Home\",\"item\":\"https:\/\/fagorarrasate.com\/de\/\"},{\"@type\":\"ListItem\",\"position\":2,\"name\":\"Service\"}]},{\"@type\":\"WebSite\",\"@id\":\"https:\/\/fagorarrasate.com\/de\/#website\",\"url\":\"https:\/\/fagorarrasate.com\/de\/\",\"name\":\"Fagor Arrasate\",\"description\":\"Sharing Your Challenges\",\"publisher\":{\"@id\":\"https:\/\/fagorarrasate.com\/de\/#organization\"},\"potentialAction\":[{\"@type\":\"SearchAction\",\"target\":{\"@type\":\"EntryPoint\",\"urlTemplate\":\"https:\/\/fagorarrasate.com\/de\/?s={search_term_string}\"},\"query-input\":{\"@type\":\"PropertyValueSpecification\",\"valueRequired\":true,\"valueName\":\"search_term_string\"}}],\"inLanguage\":\"de\"},{\"@type\":\"Organization\",\"@id\":\"https:\/\/fagorarrasate.com\/de\/#organization\",\"name\":\"Fagor Arrasate\",\"url\":\"https:\/\/fagorarrasate.com\/de\/\",\"logo\":{\"@type\":\"ImageObject\",\"inLanguage\":\"de\",\"@id\":\"https:\/\/fagorarrasate.com\/de\/#\/schema\/logo\/image\/\",\"url\":\"https:\/\/fagorarrasate.com\/wp-content\/uploads\/2022\/01\/fagor-logo.png\",\"contentUrl\":\"https:\/\/fagorarrasate.com\/wp-content\/uploads\/2022\/01\/fagor-logo.png\",\"width\":164,\"height\":52,\"caption\":\"Fagor Arrasate\"},\"image\":{\"@id\":\"https:\/\/fagorarrasate.com\/de\/#\/schema\/logo\/image\/\"},\"sameAs\":[\"https:\/\/es.linkedin.com\/company\/fagor-arrasate-s--coop-\",\"https:\/\/www.youtube.com\/channel\/UCcIkM42cil4qiObWBRnotjA\"]}]}<\/script>\n<!-- \/ Yoast SEO plugin. -->","yoast_head_json":{"title":"Experten-Service, kundennah und direkt - Fagor Arrasate","description":"Wir unterhalten Servicewerke in Spanien, Deutschland, den USA, China, Mexiko und der T\u00fcrkei. Unsere Teams sind hochqualifiziert.","robots":{"index":"index","follow":"follow","max-snippet":"max-snippet:-1","max-image-preview":"max-image-preview:large","max-video-preview":"max-video-preview:-1"},"canonical":"https:\/\/fagorarrasate.com\/de\/service\/","twitter_misc":{"Gesch\u00e4tzte Lesezeit":"1\u00a0Minute"},"schema":{"@context":"https:\/\/schema.org","@graph":[{"@type":"WebPage","@id":"https:\/\/fagorarrasate.com\/de\/service\/","url":"https:\/\/fagorarrasate.com\/de\/service\/","name":"Experten-Service, kundennah und direkt - Fagor Arrasate","isPartOf":{"@id":"https:\/\/fagorarrasate.com\/de\/#website"},"primaryImageOfPage":{"@id":"https:\/\/fagorarrasate.com\/de\/service\/#primaryimage"},"image":{"@id":"https:\/\/fagorarrasate.com\/de\/service\/#primaryimage"},"thumbnailUrl":"https:\/\/fagorarrasate.com\/wp-content\/uploads\/2020\/01\/Fagor-Arrasate-Service.png","datePublished":"2020-01-07T09:38:34+00:00","dateModified":"2022-02-14T11:06:44+00:00","description":"Wir unterhalten Servicewerke in Spanien, Deutschland, den USA, China, Mexiko und der T\u00fcrkei. Unsere Teams sind hochqualifiziert.","breadcrumb":{"@id":"https:\/\/fagorarrasate.com\/de\/service\/#breadcrumb"},"inLanguage":"de","potentialAction":[{"@type":"ReadAction","target":["https:\/\/fagorarrasate.com\/de\/service\/"]}]},{"@type":"ImageObject","inLanguage":"de","@id":"https:\/\/fagorarrasate.com\/de\/service\/#primaryimage","url":"https:\/\/fagorarrasate.com\/wp-content\/uploads\/2020\/01\/Fagor-Arrasate-Service.png","contentUrl":"https:\/\/fagorarrasate.com\/wp-content\/uploads\/2020\/01\/Fagor-Arrasate-Service.png","width":1927,"height":565},{"@type":"BreadcrumbList","@id":"https:\/\/fagorarrasate.com\/de\/service\/#breadcrumb","itemListElement":[{"@type":"ListItem","position":1,"name":"Home","item":"https:\/\/fagorarrasate.com\/de\/"},{"@type":"ListItem","position":2,"name":"Service"}]},{"@type":"WebSite","@id":"https:\/\/fagorarrasate.com\/de\/#website","url":"https:\/\/fagorarrasate.com\/de\/","name":"Fagor Arrasate","description":"Sharing Your Challenges","publisher":{"@id":"https:\/\/fagorarrasate.com\/de\/#organization"},"potentialAction":[{"@type":"SearchAction","target":{"@type":"EntryPoint","urlTemplate":"https:\/\/fagorarrasate.com\/de\/?s={search_term_string}"},"query-input":{"@type":"PropertyValueSpecification","valueRequired":true,"valueName":"search_term_string"}}],"inLanguage":"de"},{"@type":"Organization","@id":"https:\/\/fagorarrasate.com\/de\/#organization","name":"Fagor Arrasate","url":"https:\/\/fagorarrasate.com\/de\/","logo":{"@type":"ImageObject","inLanguage":"de","@id":"https:\/\/fagorarrasate.com\/de\/#\/schema\/logo\/image\/","url":"https:\/\/fagorarrasate.com\/wp-content\/uploads\/2022\/01\/fagor-logo.png","contentUrl":"https:\/\/fagorarrasate.com\/wp-content\/uploads\/2022\/01\/fagor-logo.png","width":164,"height":52,"caption":"Fagor Arrasate"},"image":{"@id":"https:\/\/fagorarrasate.com\/de\/#\/schema\/logo\/image\/"},"sameAs":["https:\/\/es.linkedin.com\/company\/fagor-arrasate-s--coop-","https:\/\/www.youtube.com\/channel\/UCcIkM42cil4qiObWBRnotjA"]}]}},"_links":{"self":[{"href":"https:\/\/fagorarrasate.com\/de\/wp-json\/wp\/v2\/pages\/556673784","targetHints":{"allow":["GET"]}}],"collection":[{"href":"https:\/\/fagorarrasate.com\/de\/wp-json\/wp\/v2\/pages"}],"about":[{"href":"https:\/\/fagorarrasate.com\/de\/wp-json\/wp\/v2\/types\/page"}],"author":[{"embeddable":true,"href":"https:\/\/fagorarrasate.com\/de\/wp-json\/wp\/v2\/users\/1"}],"replies":[{"embeddable":true,"href":"https:\/\/fagorarrasate.com\/de\/wp-json\/wp\/v2\/comments?post=556673784"}],"version-history":[{"count":0,"href":"https:\/\/fagorarrasate.com\/de\/wp-json\/wp\/v2\/pages\/556673784\/revisions"}],"wp:featuredmedia":[{"embeddable":true,"href":"https:\/\/fagorarrasate.com\/de\/wp-json\/wp\/v2\/media\/556673785"}],"wp:attachment":[{"href":"https:\/\/fagorarrasate.com\/de\/wp-json\/wp\/v2\/media?parent=556673784"}],"curies":[{"name":"wp","href":"https:\/\/api.w.org\/{rel}","templated":true}]}}