{"id":556674299,"date":"2020-01-07T09:03:12","date_gmt":"2020-01-07T09:03:12","guid":{"rendered":"https:\/\/fagorarrasate.com\/privacy-policy\/"},"modified":"2021-01-22T09:50:04","modified_gmt":"2021-01-22T08:50:04","slug":"datenschutzerklaerung","status":"publish","type":"page","link":"https:\/\/fagorarrasate.com\/de\/datenschutzerklaerung\/","title":{"rendered":"Datenschutzerkl\u00e4rung"},"content":{"rendered":"<p>Dieses Dokument regelt die Verarbeitung der personenbezogenen Daten, welche die Nutzer, Besucher und Interessenten der von FAGOR ARRASATE, S.COOP. angebotenen Produkte und Dienstleistungen zur Verf\u00fcgung stellen, in \u00dcbereinstimmung mit den Bestimmungen der EU-Datenschutz-Grundverordnung 2016\/679 des Europ\u00e4ischen Parlaments und des Rates vom 27. April 2016.<\/p>\n<p>Zweck der vorliegenden Datenschutzerkl\u00e4rung ist es, \u00fcber die Art und Weise zu informieren, wie personenbezogene Daten erhoben, verarbeitet und gesch\u00fctzt werden, so dass die Personen, deren personenbezogenen Daten von FAGOR ARRASATE, S.COOP. behandelt werden, frei und freiwillig entscheiden k\u00f6nnen, ob sie ihre personenbezogenen Daten in den zu diesem Zweck vorgesehenen Formularen angeben m\u00f6chten.<\/p>\n<p>Auch regelt die Datenschutzrichtlinie die Verarbeitung von personenbezogenen Daten, die von einer Person in der Vergangenheit \u00fcber andere Kan\u00e4le als die Website bereit gestellt worden sind oder k\u00fcnftig unter Bezugnahme auf diese Richtlinie bereitgestellt werden, sofern die Person diesen nicht zum Zeitpunkt der Datenangabe ausdr\u00fccklich widerspricht, was wir in jedem Fall akzeptierten werden.<\/p>\n<p>Der Zugriff und die Nutzung unserer Website impliziert die umfassende Zustimmung des Besuchers und verpflichtet ihn, die in der vorliegenden Datenschutzerkl\u00e4rung enthaltenen Bestimmungen und Bedingungen einzuhalten. Diese k\u00f6nnen von FAGOR ARRASATE, S.COOP. in \u00dcbereinstimmung mit nachfolgenden Regelungen, gerichtlichen Beschl\u00fcssen oder unternehmerischen Erfordernissen ge\u00e4ndert werden.<\/p>\n<p>Auf dieser Website werden die personenbezogenen Daten aller Nutzer respektiert und mit Sorgfalt behandelt. Als Nutzer unserer Seite sollten Sie wissen, dass wir Ihre Rechte wahren.<\/p>\n<p>Zu s\u00e4mtlichen auf unserer Website angebotenen Diensten finden Sie eine gesonderte Klausel zur Verarbeitung jener personenbezogenen Daten, die f\u00fcr den jeweiligen Dienst ben\u00f6tigt werden.<\/p>\n<p><strong>NAME UND KONTAKTDATEN DES DATENVERANTWORTLICHEN<\/strong><\/p>\n<p>FAGOR ARRASATE, S.COOP. ist ein Maschinenbauunternehmen, das Pressen und Stanzsysteme, Umform-L\u00f6sungen f\u00fcr Metall und Verbundwerkstoffe, Schneid- und Blechbearbeitungsanlagen, sowie komplette Fertigungslinien f\u00fcr komplexe Metallteile entwickelt, fertigt und liefert.<\/p>\n<p>Verantwortlich f\u00fcr die Datenverarbeitung ist FAGOR ARRASATE, S.COOP. Bei Fragen nehmen sie bitte Kontakt auf:<\/p>\n<ul>\n<li>Pers\u00f6nlich oder \u00fcber den Postweg: FAGOR ARRASATE, S.COOP. Barrio San Andr\u00e9s s\/n, Apdo. 18 20500 Arrasate-Mondrag\u00f3n (Gipuzkoa), Spanien.<\/li>\n<li>Per E-Mail: <a href=\"mailto:fagorarrasate@fagorarrasate.com\">fagorarrasate@fagorarrasate.com<\/a><\/li>\n<li>Per Telefon: +34 943 71 99 99<\/li>\n<li>USt-ID: F20020574<\/li>\n<li>E-Mail Datenverantwortlicher: <a href=\"mailto:fagorarrasate@fagorarrasate.com\">fagorarrasate@fagorarrasate.com<\/a><\/li>\n<li>E-Mail Datenschutzbeauftragter: <a href=\"mailto:%20fagorarrasate@fagorarrasate.com\">fagorarrasate@fagorarrasate.com<\/a><\/li>\n<\/ul>\n<p><strong>VERARBEITUNG PERSONENBEZOGENER DATEN UND ZWECK DER NUTZUNG <\/strong><\/p>\n<p>FAGOR ARRASATE, S.COOP. verarbeitet die erhobenen personenbezogen Daten f\u00fcr die folgenden Zwecke:<\/p>\n<ul>\n<li>Versenden von Gesch\u00e4ftskorrespondenz<\/li>\n<li>Bearbeitung und Betreuung von Informationsanfragen, Kl\u00e4rung von Sachverhalten, die von Nutzern \u00fcber die auf der Website zur Verf\u00fcgung gestellten Kontaktm\u00f6glichkeiten oder \u00fcber andere Kommunikationskan\u00e4le an uns gestellt werden.<\/li>\n<li>Verwaltung von Website-Statistiken durch Google Analytics<\/li>\n<li>Verwaltung von Einladungen zu Veranstaltungen und organisierten Messen.<\/li>\n<li>Verwaltung von Informationen zu potentiellen Kunden im Rahmen der Erarbeitung und Planung von Projekten.<\/li>\n<li>Verwaltung von Zahlungsein- und \u2013ausg\u00e4ngen mit Kunden und Lieferanten.<\/li>\n<li>Verwaltung der mit dem vertraglichen Produkt in Zusammenhang stehenden Kundenbed\u00fcrfnisse.<\/li>\n<li>Verwaltung des G\u00e4stebuches f\u00fcr externe Besucher unserer Geb\u00e4ude.<\/li>\n<li>Verwaltung der objektbezogenen Zugangssicherung zu den Einrichtungen von FAGOR ARRASATE, S.COOP.<\/li>\n<li>Verwaltung von personenbezogenen Daten im Rahmen von Bewerbungen auf freie Stellen.<\/li>\n<li>Verwaltung von personenbezogenen Daten der Vorstandsmitglieder und ihrer Aktivit\u00e4ten.<\/li>\n<li>Verwaltung von personenbezogenen Daten der Sozialratsmitglieder und ihrer Aktivit\u00e4ten.<\/li>\n<li>Verwaltung und Bearbeitung der Rechtsaus\u00fcbung von Nutzern.<\/li>\n<\/ul>\n<p><strong>HERKUNFT DER DATEN<\/strong><\/p>\n<p>Die erhobenen personenbezogenen Daten stammen direkt vom Nutzer oder Eigent\u00fcmer der Daten oder seines gesetzlichen Vertreters oder einer ausdr\u00fccklich erm\u00e4chtigten Person, sowie aus einem in der FAGOR ARRASATE GRUPPE geregelten Datentransfer.<\/p>\n<p><strong>GENAUIGKEIT UND RICHTIGKEIT DER BEREITGESTELLTEN DATEN<\/strong><\/p>\n<p>Die Nutzer der Produkte und Dienstleistungen von FAGOR ARRASATE, S.COOP. garantieren und haften im Einzelfall f\u00fcr die Richtigkeit, G\u00fcltigkeit und Echtheit der angegebenen personenbezogenen Daten und verpflichten sich, diese ordnungsgem\u00e4\u00df zu aktualisieren.<\/p>\n<p><strong>DATENSPEICHERUNG<\/strong><\/p>\n<p>Die bereitgestellten personenbezogenen Daten werden so lange gespeichert, wie es f\u00fcr die Erf\u00fcllung des Zwecks, f\u00fcr den sie jeweils erhoben wurden, notwendig ist, um die Gesch\u00e4ftsbeziehung oder den Kontakt zur jeweiligen Person oder Organisation aufrechtzuerhalten und solange die betroffene Person nicht beantragt, diese zu l\u00f6schen. Diese Daten werden gem\u00e4\u00df der gesetzlichen Fristen gespeichert, die f\u00fcr die Erf\u00fcllung der gesetzlichen Verpflichtungen von FAGOR ARRASATE, S.COOP. gelten.<\/p>\n<p><strong>RECHTM\u00c4SSIGKEIT. RECHTSTITEL IN BEZUG AUF DIE DATENNUTZUNG<\/strong><\/p>\n<p>Die Rechtm\u00e4\u00dfigkeit der Datenverwaltung erfolgt gem\u00e4\u00df der Bestimmungen aus Artikel 6 und 9 der EU-Datenschutz-Grundverordnung, wobei die Person, die die Daten besitzt, \u00fcber den oder die rechtm\u00e4\u00dfigen Titel informiert wird, die f\u00fcr die einzelnen Dienste gelten. Dies kann die Zustimmung, die Aus\u00fcbung eines Rechtsverh\u00e4ltnisses, an dem die Person beteiligt ist, die Erf\u00fcllung einer gesetzlichen Verpflichtung oder das berechtigte Interesse von FAGOR ARRASATE, S.COOP. sein.<\/p>\n<p><strong>EMPF\u00c4NGER, DATEN\u00dcBERTRAGUNG UND DATEN\u00dcBERNAHME<\/strong><\/p>\n<p>Bei der personenbezogenen Datenverarbeitung \u00fcbernimmt FAGOR ARRASATE, S.COOP. die Daten aus dem Datenregister nach vorheriger Freigabe durch die betreffende Person. Gibt sie die Daten nicht frei, wird sie \u00fcber m\u00f6gliche Konsequenzen unterrichtet, was konkret bedeutet, dass es dann nicht m\u00f6glich ist, das betreffende Produkt zu liefern und\/oder die betreffende Dienstleistung zu erbringen.<\/p>\n<p>Die Bereitstellung der verschiedenen Produkte und\/oder Dienstleistungen von FAGOR ARRASATE, S.COOP. kann eine Weiterleitung an Informatik-Dienstleister erforderlich machen, die mit der Datenverarbeitung beauftragt sind, einer Geheimhaltungspflicht unterliegen und die sichere Datenverarbeitung gew\u00e4hrleisten m\u00fcssen. Diese k\u00f6nnen sich im Rahmen des Abkommens zwischen den Vereinigten Staaten und der Europ\u00e4ischen Union zum Schutz der Privatsph\u00e4re au\u00dferhalb der Europ\u00e4ischen Union befinden. N\u00e4here Informationen unter: h<a href=\"https:\/\/www.privacyshield.gov\/\">ttps:\/\/www.privacyshield.gov<\/a><\/p>\n<p><strong>SICHERHEITSMASSNAHMEN UND VERTRAULICHKEIT <\/strong><\/p>\n<p>FAGOR ARRASATE, S.COOP. verpflichtet sich gem\u00e4\u00df der geltenden Datenschutz-Grundverordnung, bei der Nutzung und Verarbeitung personenbezogener Daten der Nutzer die Vertraulichkeit zu wahren und sie in \u00dcbereinstimmung mit dem urspr\u00fcnglichen Zweck zu nutzen, sowie seiner Verpflichtung nachzukommen, sie so zu speichern und alle Ma\u00dfnahmen zu ergreifen, dass sie nicht ge\u00e4ndert werden k\u00f6nnen oder verloren gehen k\u00f6nnen und sie vor unerlaubtem Zugriff zu sch\u00fctzen.<\/p>\n<p>Diese Website enth\u00e4lt ein SSL-Zertifikat. Dabei handelt es sich um ein Sicherheitsprotokoll, das daf\u00fcr sorgt, dass die Daten in ihrer Gesamtheit und sicher \u00fcbertragen werden. Das hei\u00dft, die \u00dcbertragung von Daten zwischen einem Server und dem Internetnutzer ist in beide Richtungen vollst\u00e4ndig verschl\u00fcsselt bzw. chiffriert.<\/p>\n<p>FAGOR ARRASATE, S.COOP. kann die absolute Unverletzbarkeit des Internets nicht garantieren und somit auch nicht ausschlie\u00dfen, dass Dritte in betr\u00fcgerischer Absicht auf die Daten Zugriff erlangen.<\/p>\n<p>Hinsichtlich der Vertraulichkeit behandeln wir s\u00e4mtliche personenbezogenen Daten, welche Nutzer \u00fcber unsere Website oder andere Kommunikationskan\u00e4le bereitstellen, mit Respekt und verpflichten uns zur Geheimhaltung derselben, wie es die Bestimmungen der geltenden Gesetze vorsehen.<\/p>\n<p><strong>RECHTE<\/strong><\/p>\n<p>Im Zusammenhang mit der Verarbeitung ihrer personenbezogenen Daten erm\u00f6glicht FAGOR ARRASATE, S.COOP. einer interessierten Person die Aus\u00fcbung folgender Rechte:<\/p>\n<ul>\n<li>Recht auf Auskunft.<\/li>\n<li>Recht auf Berichtigung oder L\u00f6schung.<\/li>\n<li>Recht auf Einschr\u00e4nkung der Verarbeitung.<\/li>\n<li>Recht auf Untersagung der Verarbeitung.<\/li>\n<li>Recht auf Daten\u00fcbertragbarkeit.<\/li>\n<li>Widerspruchsrecht.<\/li>\n<\/ul>\n<p>Jede Person hat das Recht, eine Best\u00e4tigung dar\u00fcber zu erhalten, ob FAGOR ARRASATE, S.COOP. sie betreffende personenbezogene Daten verarbeitet oder nicht. Die Betroffenen k\u00f6nnen auf ihre personenbezogenen Daten zugreifen sowie die Berichtigung unrichtiger Daten oder gegebenenfalls deren L\u00f6schung verlangen, unter anderem wenn die Daten f\u00fcr die Zwecke, f\u00fcr die sie erhoben wurden, nicht mehr erforderlich sind.<\/p>\n<p>Unter bestimmten Umst\u00e4nden k\u00f6nnen die betroffenen Personen beantragen, dass ihre Daten in der Verarbeitung eingeschr\u00e4nkt werden; in diesem Fall werden sie ausschlie\u00dflich noch f\u00fcr die Aus\u00fcbung oder Verteidigung von Rechtsanspr\u00fcchen gespeichert. Unter bestimmten Umst\u00e4nden und aus Gr\u00fcnden, die sich auf ihre besondere Situation beziehen, k\u00f6nnen betroffene Personen der Verarbeitung ihrer Daten widersprechen. In diesem Fall stellt FAGOR ARRASATE, S.COOP. die Verarbeitung der Daten ein, es sei denn, es liegen zwingende berechtigte Gr\u00fcnde oder die Aus\u00fcbung oder Verteidigung eventueller Rechtsanspr\u00fcche vor.<\/p>\n<p>Wenn eine betroffene Person die Einwilligung f\u00fcr einen konkreten Zweck erteilt hat, hat sie das Recht, die erteilte Einwilligung jederzeit zu widerrufen, ohne dass dies die Rechtm\u00e4\u00dfigkeit der Datenverarbeitung auf der Grundlage der vor dem Widerruf erteilten Zustimmung beeintr\u00e4chtigt.<\/p>\n<p>Anfragen zu diesem Zweck richten Sie bitte an <a href=\"mailto:fagorarrasate@fagorarrasate.com\">fagorarrasate@fagorarrasate.com<\/a>.<\/p>\n<p>Sollten Sie mit Ihren Rechten hinsichtlich des Schutzes Ihrer personenbezogenen Daten nicht einverstanden sein, richten Sie Ihre Beschwerde bitte an die zust\u00e4ndige Datenschutzaufsichtsbeh\u00f6rde. Diese finden Sie auf der Website <a href=\"http:\/\/www.agpd.es\/\">www.agpd.es<\/a>.<\/p>\n<p>Sollten Sie keine weiteren Informationen \u00fcber unsere Angebote w\u00fcnschen, k\u00f6nnen Sie sich in \u00dcbereinstimmung mit den Bestimmungen des Artikels 21 des Gesetzes 34\/2002 \u00fcber die Dienste der Informationsgesellschaft und den E-Commerce hiervon abmelden, indem Sie unter <a href=\"mailto:fagorarrasate@fagorarrasate.com\">fagorarrasate@fagorarrasate.com<\/a> eine E-Mail an FAGOR ARRASATE, S.COOP richten mit dem Betreff &#8222;DAR DE BAJA LA SUSCRIPCI\u00d3N&#8220;, was so viel bedeutet wie &#8222;UNSUBSCRIBE&#8220;.<\/p>\n<p><strong>AKTUALISIERUNG DER DATENSCHUTZERKL\u00c4RUNG<\/strong><\/p>\n<p>Eine Aktualisierung dieser Datenschutzerkl\u00e4rung behalten wir uns vor, sie wird in regelm\u00e4\u00dfigen Abst\u00e4nden \u00fcberpr\u00fcft. Die jeweils g\u00fcltige Datenschutzerkl\u00e4rung finden Sie in der Fu\u00dfzeile unserer Website. Wir werden jedoch auch gesondert auf alle \u00c4nderungen in der Datenschutzerkl\u00e4rung hinweisen, die sich auf die Verarbeitung der von FAGOR ARRASATE, S.COOP. gespeicherten personenbezogenen Daten auswirken.<\/p>\n<p>Diese Datenschutzerkl\u00e4rung wurde zuletzt am 1. Januar 2020 aktualisiert.<\/p>\n","protected":false},"excerpt":{"rendered":"<p>Dieses Dokument regelt die Verarbeitung der personenbezogenen Daten, welche die Nutzer, Besucher und Interessenten der von FAGOR ARRASATE, S.COOP. angebotenen Produkte und Dienstleistungen zur Verf\u00fcgung stellen, in \u00dcbereinstimmung mit den Bestimmungen der EU-Datenschutz-Grundverordnung 2016\/679 des Europ\u00e4ischen Parlaments und des Rates vom 27. April 2016. Zweck der vorliegenden Datenschutzerkl\u00e4rung ist es, \u00fcber die Art und Weise [&hellip;]<\/p>\n","protected":false},"author":1,"featured_media":0,"parent":0,"menu_order":0,"comment_status":"closed","ping_status":"open","template":"template-simple.php","meta":{"_acf_changed":false,"footnotes":""},"class_list":["post-556674299","page","type-page","status-publish","hentry"],"acf":[],"yoast_head":"<!-- This site is optimized with the Yoast SEO plugin v25.1 - https:\/\/yoast.com\/wordpress\/plugins\/seo\/ -->\n<title>Datenschutzerkl\u00e4rung, Datenschutzrichtlinie - Fagor Arrasate<\/title>\n<meta name=\"description\" content=\"Die Datenschutzerkl\u00e4rung legt dar, wie personenbezogene Daten auf der Website von FAGOR ARRASATE erhoben, verarbeitet und gesch\u00fctzt werden.\" \/>\n<meta name=\"robots\" content=\"noindex, nofollow\" \/>\n<meta name=\"twitter:label1\" content=\"Gesch\u00e4tzte Lesezeit\" \/>\n\t<meta name=\"twitter:data1\" content=\"8\u00a0Minuten\" \/>\n<script type=\"application\/ld+json\" class=\"yoast-schema-graph\">{\"@context\":\"https:\/\/schema.org\",\"@graph\":[{\"@type\":\"WebPage\",\"@id\":\"https:\/\/fagorarrasate.com\/de\/datenschutzerklaerung\/\",\"url\":\"https:\/\/fagorarrasate.com\/de\/datenschutzerklaerung\/\",\"name\":\"Datenschutzerkl\u00e4rung, Datenschutzrichtlinie - Fagor Arrasate\",\"isPartOf\":{\"@id\":\"https:\/\/fagorarrasate.com\/de\/#website\"},\"datePublished\":\"2020-01-07T09:03:12+00:00\",\"dateModified\":\"2021-01-22T08:50:04+00:00\",\"description\":\"Die Datenschutzerkl\u00e4rung legt dar, wie personenbezogene Daten auf der Website von FAGOR ARRASATE erhoben, verarbeitet und gesch\u00fctzt werden.\",\"breadcrumb\":{\"@id\":\"https:\/\/fagorarrasate.com\/de\/datenschutzerklaerung\/#breadcrumb\"},\"inLanguage\":\"de\",\"potentialAction\":[{\"@type\":\"ReadAction\",\"target\":[\"https:\/\/fagorarrasate.com\/de\/datenschutzerklaerung\/\"]}]},{\"@type\":\"BreadcrumbList\",\"@id\":\"https:\/\/fagorarrasate.com\/de\/datenschutzerklaerung\/#breadcrumb\",\"itemListElement\":[{\"@type\":\"ListItem\",\"position\":1,\"name\":\"Home\",\"item\":\"https:\/\/fagorarrasate.com\/de\/\"},{\"@type\":\"ListItem\",\"position\":2,\"name\":\"Datenschutzerkl\u00e4rung\"}]},{\"@type\":\"WebSite\",\"@id\":\"https:\/\/fagorarrasate.com\/de\/#website\",\"url\":\"https:\/\/fagorarrasate.com\/de\/\",\"name\":\"Fagor Arrasate\",\"description\":\"Sharing Your Challenges\",\"publisher\":{\"@id\":\"https:\/\/fagorarrasate.com\/de\/#organization\"},\"potentialAction\":[{\"@type\":\"SearchAction\",\"target\":{\"@type\":\"EntryPoint\",\"urlTemplate\":\"https:\/\/fagorarrasate.com\/de\/?s={search_term_string}\"},\"query-input\":{\"@type\":\"PropertyValueSpecification\",\"valueRequired\":true,\"valueName\":\"search_term_string\"}}],\"inLanguage\":\"de\"},{\"@type\":\"Organization\",\"@id\":\"https:\/\/fagorarrasate.com\/de\/#organization\",\"name\":\"Fagor Arrasate\",\"url\":\"https:\/\/fagorarrasate.com\/de\/\",\"logo\":{\"@type\":\"ImageObject\",\"inLanguage\":\"de\",\"@id\":\"https:\/\/fagorarrasate.com\/de\/#\/schema\/logo\/image\/\",\"url\":\"https:\/\/fagorarrasate.com\/wp-content\/uploads\/2022\/01\/fagor-logo.png\",\"contentUrl\":\"https:\/\/fagorarrasate.com\/wp-content\/uploads\/2022\/01\/fagor-logo.png\",\"width\":164,\"height\":52,\"caption\":\"Fagor Arrasate\"},\"image\":{\"@id\":\"https:\/\/fagorarrasate.com\/de\/#\/schema\/logo\/image\/\"},\"sameAs\":[\"https:\/\/es.linkedin.com\/company\/fagor-arrasate-s--coop-\",\"https:\/\/www.youtube.com\/channel\/UCcIkM42cil4qiObWBRnotjA\"]}]}<\/script>\n<!-- \/ Yoast SEO plugin. -->","yoast_head_json":{"title":"Datenschutzerkl\u00e4rung, Datenschutzrichtlinie - Fagor Arrasate","description":"Die Datenschutzerkl\u00e4rung legt dar, wie personenbezogene Daten auf der Website von FAGOR ARRASATE erhoben, verarbeitet und gesch\u00fctzt werden.","robots":{"index":"noindex","follow":"nofollow"},"twitter_misc":{"Gesch\u00e4tzte Lesezeit":"8\u00a0Minuten"},"schema":{"@context":"https:\/\/schema.org","@graph":[{"@type":"WebPage","@id":"https:\/\/fagorarrasate.com\/de\/datenschutzerklaerung\/","url":"https:\/\/fagorarrasate.com\/de\/datenschutzerklaerung\/","name":"Datenschutzerkl\u00e4rung, Datenschutzrichtlinie - Fagor Arrasate","isPartOf":{"@id":"https:\/\/fagorarrasate.com\/de\/#website"},"datePublished":"2020-01-07T09:03:12+00:00","dateModified":"2021-01-22T08:50:04+00:00","description":"Die Datenschutzerkl\u00e4rung legt dar, wie personenbezogene Daten auf der Website von FAGOR ARRASATE erhoben, verarbeitet und gesch\u00fctzt werden.","breadcrumb":{"@id":"https:\/\/fagorarrasate.com\/de\/datenschutzerklaerung\/#breadcrumb"},"inLanguage":"de","potentialAction":[{"@type":"ReadAction","target":["https:\/\/fagorarrasate.com\/de\/datenschutzerklaerung\/"]}]},{"@type":"BreadcrumbList","@id":"https:\/\/fagorarrasate.com\/de\/datenschutzerklaerung\/#breadcrumb","itemListElement":[{"@type":"ListItem","position":1,"name":"Home","item":"https:\/\/fagorarrasate.com\/de\/"},{"@type":"ListItem","position":2,"name":"Datenschutzerkl\u00e4rung"}]},{"@type":"WebSite","@id":"https:\/\/fagorarrasate.com\/de\/#website","url":"https:\/\/fagorarrasate.com\/de\/","name":"Fagor Arrasate","description":"Sharing Your Challenges","publisher":{"@id":"https:\/\/fagorarrasate.com\/de\/#organization"},"potentialAction":[{"@type":"SearchAction","target":{"@type":"EntryPoint","urlTemplate":"https:\/\/fagorarrasate.com\/de\/?s={search_term_string}"},"query-input":{"@type":"PropertyValueSpecification","valueRequired":true,"valueName":"search_term_string"}}],"inLanguage":"de"},{"@type":"Organization","@id":"https:\/\/fagorarrasate.com\/de\/#organization","name":"Fagor Arrasate","url":"https:\/\/fagorarrasate.com\/de\/","logo":{"@type":"ImageObject","inLanguage":"de","@id":"https:\/\/fagorarrasate.com\/de\/#\/schema\/logo\/image\/","url":"https:\/\/fagorarrasate.com\/wp-content\/uploads\/2022\/01\/fagor-logo.png","contentUrl":"https:\/\/fagorarrasate.com\/wp-content\/uploads\/2022\/01\/fagor-logo.png","width":164,"height":52,"caption":"Fagor Arrasate"},"image":{"@id":"https:\/\/fagorarrasate.com\/de\/#\/schema\/logo\/image\/"},"sameAs":["https:\/\/es.linkedin.com\/company\/fagor-arrasate-s--coop-","https:\/\/www.youtube.com\/channel\/UCcIkM42cil4qiObWBRnotjA"]}]}},"_links":{"self":[{"href":"https:\/\/fagorarrasate.com\/de\/wp-json\/wp\/v2\/pages\/556674299","targetHints":{"allow":["GET"]}}],"collection":[{"href":"https:\/\/fagorarrasate.com\/de\/wp-json\/wp\/v2\/pages"}],"about":[{"href":"https:\/\/fagorarrasate.com\/de\/wp-json\/wp\/v2\/types\/page"}],"author":[{"embeddable":true,"href":"https:\/\/fagorarrasate.com\/de\/wp-json\/wp\/v2\/users\/1"}],"replies":[{"embeddable":true,"href":"https:\/\/fagorarrasate.com\/de\/wp-json\/wp\/v2\/comments?post=556674299"}],"version-history":[{"count":0,"href":"https:\/\/fagorarrasate.com\/de\/wp-json\/wp\/v2\/pages\/556674299\/revisions"}],"wp:attachment":[{"href":"https:\/\/fagorarrasate.com\/de\/wp-json\/wp\/v2\/media?parent=556674299"}],"curies":[{"name":"wp","href":"https:\/\/api.w.org\/{rel}","templated":true}]}}