{"id":556673224,"date":"2020-01-24T14:03:59","date_gmt":"2020-01-24T13:03:59","guid":{"rendered":"https:\/\/fagorarrasate.com\/about\/"},"modified":"2025-01-13T15:02:34","modified_gmt":"2025-01-13T14:02:34","slug":"sobre-nosotros","status":"publish","type":"page","link":"https:\/\/fagorarrasate.com\/es\/sobre-nosotros\/","title":{"rendered":"Sobre nosotros"},"content":{"rendered":"","protected":false},"excerpt":{"rendered":"","protected":false},"author":1,"featured_media":556673227,"parent":0,"menu_order":1,"comment_status":"closed","ping_status":"closed","template":"template-about-orokorra.php","meta":{"_acf_changed":false,"footnotes":""},"class_list":["post-556673224","page","type-page","status-publish","has-post-thumbnail","hentry"],"acf":[],"yoast_head":"<!-- This site is optimized with the Yoast SEO plugin v25.1 - https:\/\/yoast.com\/wordpress\/plugins\/seo\/ -->\n<title>Informaci\u00f3n sobre Fagor Arrasate, soluciones de conformado de material<\/title>\n<meta name=\"description\" content=\"Fagor Arrasate es un proveedor global internacional para el dise\u00f1o y fabricaci\u00f3n de maquinaria para el corte y conformado de materiales por deformaci\u00f3n.\" \/>\n<meta name=\"robots\" content=\"index, follow, max-snippet:-1, max-image-preview:large, max-video-preview:-1\" \/>\n<link rel=\"canonical\" href=\"https:\/\/fagorarrasate.com\/es\/sobre-nosotros\/\" \/>\n<meta name=\"twitter:label1\" content=\"Tiempo de lectura\" \/>\n\t<meta name=\"twitter:data1\" content=\"1 minuto\" \/>\n<script type=\"application\/ld+json\" class=\"yoast-schema-graph\">{\"@context\":\"https:\/\/schema.org\",\"@graph\":[{\"@type\":\"WebPage\",\"@id\":\"https:\/\/fagorarrasate.com\/es\/sobre-nosotros\/\",\"url\":\"https:\/\/fagorarrasate.com\/es\/sobre-nosotros\/\",\"name\":\"Informaci\u00f3n sobre Fagor Arrasate, soluciones de conformado de material\",\"isPartOf\":{\"@id\":\"https:\/\/fagorarrasate.com\/es\/#website\"},\"primaryImageOfPage\":{\"@id\":\"https:\/\/fagorarrasate.com\/es\/sobre-nosotros\/#primaryimage\"},\"image\":{\"@id\":\"https:\/\/fagorarrasate.com\/es\/sobre-nosotros\/#primaryimage\"},\"thumbnailUrl\":\"https:\/\/fagorarrasate.com\/wp-content\/uploads\/2020\/04\/Fagor-Arrasate-Quienes-somos..jpg\",\"datePublished\":\"2020-01-24T13:03:59+00:00\",\"dateModified\":\"2025-01-13T14:02:34+00:00\",\"description\":\"Fagor Arrasate es un proveedor global internacional para el dise\u00f1o y fabricaci\u00f3n de maquinaria para el corte y conformado de materiales por deformaci\u00f3n.\",\"breadcrumb\":{\"@id\":\"https:\/\/fagorarrasate.com\/es\/sobre-nosotros\/#breadcrumb\"},\"inLanguage\":\"es\",\"potentialAction\":[{\"@type\":\"ReadAction\",\"target\":[\"https:\/\/fagorarrasate.com\/es\/sobre-nosotros\/\"]}]},{\"@type\":\"ImageObject\",\"inLanguage\":\"es\",\"@id\":\"https:\/\/fagorarrasate.com\/es\/sobre-nosotros\/#primaryimage\",\"url\":\"https:\/\/fagorarrasate.com\/wp-content\/uploads\/2020\/04\/Fagor-Arrasate-Quienes-somos..jpg\",\"contentUrl\":\"https:\/\/fagorarrasate.com\/wp-content\/uploads\/2020\/04\/Fagor-Arrasate-Quienes-somos..jpg\",\"width\":1916,\"height\":565},{\"@type\":\"BreadcrumbList\",\"@id\":\"https:\/\/fagorarrasate.com\/es\/sobre-nosotros\/#breadcrumb\",\"itemListElement\":[{\"@type\":\"ListItem\",\"position\":1,\"name\":\"Home\",\"item\":\"https:\/\/fagorarrasate.com\/es\/\"},{\"@type\":\"ListItem\",\"position\":2,\"name\":\"Sobre nosotros\"}]},{\"@type\":\"WebSite\",\"@id\":\"https:\/\/fagorarrasate.com\/es\/#website\",\"url\":\"https:\/\/fagorarrasate.com\/es\/\",\"name\":\"Fagor Arrasate\",\"description\":\"Sharing Your Challenges\",\"publisher\":{\"@id\":\"https:\/\/fagorarrasate.com\/es\/#organization\"},\"potentialAction\":[{\"@type\":\"SearchAction\",\"target\":{\"@type\":\"EntryPoint\",\"urlTemplate\":\"https:\/\/fagorarrasate.com\/es\/?s={search_term_string}\"},\"query-input\":{\"@type\":\"PropertyValueSpecification\",\"valueRequired\":true,\"valueName\":\"search_term_string\"}}],\"inLanguage\":\"es\"},{\"@type\":\"Organization\",\"@id\":\"https:\/\/fagorarrasate.com\/es\/#organization\",\"name\":\"Fagor Arrasate\",\"url\":\"https:\/\/fagorarrasate.com\/es\/\",\"logo\":{\"@type\":\"ImageObject\",\"inLanguage\":\"es\",\"@id\":\"https:\/\/fagorarrasate.com\/es\/#\/schema\/logo\/image\/\",\"url\":\"https:\/\/fagorarrasate.com\/wp-content\/uploads\/2022\/01\/fagor-logo.png\",\"contentUrl\":\"https:\/\/fagorarrasate.com\/wp-content\/uploads\/2022\/01\/fagor-logo.png\",\"width\":164,\"height\":52,\"caption\":\"Fagor Arrasate\"},\"image\":{\"@id\":\"https:\/\/fagorarrasate.com\/es\/#\/schema\/logo\/image\/\"},\"sameAs\":[\"https:\/\/es.linkedin.com\/company\/fagor-arrasate-s--coop-\",\"https:\/\/www.youtube.com\/channel\/UCcIkM42cil4qiObWBRnotjA\"]}]}<\/script>\n<!-- \/ Yoast SEO plugin. -->","yoast_head_json":{"title":"Informaci\u00f3n sobre Fagor Arrasate, soluciones de conformado de material","description":"Fagor Arrasate es un proveedor global internacional para el dise\u00f1o y fabricaci\u00f3n de maquinaria para el corte y conformado de materiales por deformaci\u00f3n.","robots":{"index":"index","follow":"follow","max-snippet":"max-snippet:-1","max-image-preview":"max-image-preview:large","max-video-preview":"max-video-preview:-1"},"canonical":"https:\/\/fagorarrasate.com\/es\/sobre-nosotros\/","twitter_misc":{"Tiempo de lectura":"1 minuto"},"schema":{"@context":"https:\/\/schema.org","@graph":[{"@type":"WebPage","@id":"https:\/\/fagorarrasate.com\/es\/sobre-nosotros\/","url":"https:\/\/fagorarrasate.com\/es\/sobre-nosotros\/","name":"Informaci\u00f3n sobre Fagor Arrasate, soluciones de conformado de material","isPartOf":{"@id":"https:\/\/fagorarrasate.com\/es\/#website"},"primaryImageOfPage":{"@id":"https:\/\/fagorarrasate.com\/es\/sobre-nosotros\/#primaryimage"},"image":{"@id":"https:\/\/fagorarrasate.com\/es\/sobre-nosotros\/#primaryimage"},"thumbnailUrl":"https:\/\/fagorarrasate.com\/wp-content\/uploads\/2020\/04\/Fagor-Arrasate-Quienes-somos..jpg","datePublished":"2020-01-24T13:03:59+00:00","dateModified":"2025-01-13T14:02:34+00:00","description":"Fagor Arrasate es un proveedor global internacional para el dise\u00f1o y fabricaci\u00f3n de maquinaria para el corte y conformado de materiales por deformaci\u00f3n.","breadcrumb":{"@id":"https:\/\/fagorarrasate.com\/es\/sobre-nosotros\/#breadcrumb"},"inLanguage":"es","potentialAction":[{"@type":"ReadAction","target":["https:\/\/fagorarrasate.com\/es\/sobre-nosotros\/"]}]},{"@type":"ImageObject","inLanguage":"es","@id":"https:\/\/fagorarrasate.com\/es\/sobre-nosotros\/#primaryimage","url":"https:\/\/fagorarrasate.com\/wp-content\/uploads\/2020\/04\/Fagor-Arrasate-Quienes-somos..jpg","contentUrl":"https:\/\/fagorarrasate.com\/wp-content\/uploads\/2020\/04\/Fagor-Arrasate-Quienes-somos..jpg","width":1916,"height":565},{"@type":"BreadcrumbList","@id":"https:\/\/fagorarrasate.com\/es\/sobre-nosotros\/#breadcrumb","itemListElement":[{"@type":"ListItem","position":1,"name":"Home","item":"https:\/\/fagorarrasate.com\/es\/"},{"@type":"ListItem","position":2,"name":"Sobre nosotros"}]},{"@type":"WebSite","@id":"https:\/\/fagorarrasate.com\/es\/#website","url":"https:\/\/fagorarrasate.com\/es\/","name":"Fagor Arrasate","description":"Sharing Your Challenges","publisher":{"@id":"https:\/\/fagorarrasate.com\/es\/#organization"},"potentialAction":[{"@type":"SearchAction","target":{"@type":"EntryPoint","urlTemplate":"https:\/\/fagorarrasate.com\/es\/?s={search_term_string}"},"query-input":{"@type":"PropertyValueSpecification","valueRequired":true,"valueName":"search_term_string"}}],"inLanguage":"es"},{"@type":"Organization","@id":"https:\/\/fagorarrasate.com\/es\/#organization","name":"Fagor Arrasate","url":"https:\/\/fagorarrasate.com\/es\/","logo":{"@type":"ImageObject","inLanguage":"es","@id":"https:\/\/fagorarrasate.com\/es\/#\/schema\/logo\/image\/","url":"https:\/\/fagorarrasate.com\/wp-content\/uploads\/2022\/01\/fagor-logo.png","contentUrl":"https:\/\/fagorarrasate.com\/wp-content\/uploads\/2022\/01\/fagor-logo.png","width":164,"height":52,"caption":"Fagor Arrasate"},"image":{"@id":"https:\/\/fagorarrasate.com\/es\/#\/schema\/logo\/image\/"},"sameAs":["https:\/\/es.linkedin.com\/company\/fagor-arrasate-s--coop-","https:\/\/www.youtube.com\/channel\/UCcIkM42cil4qiObWBRnotjA"]}]}},"_links":{"self":[{"href":"https:\/\/fagorarrasate.com\/es\/wp-json\/wp\/v2\/pages\/556673224","targetHints":{"allow":["GET"]}}],"collection":[{"href":"https:\/\/fagorarrasate.com\/es\/wp-json\/wp\/v2\/pages"}],"about":[{"href":"https:\/\/fagorarrasate.com\/es\/wp-json\/wp\/v2\/types\/page"}],"author":[{"embeddable":true,"href":"https:\/\/fagorarrasate.com\/es\/wp-json\/wp\/v2\/users\/1"}],"replies":[{"embeddable":true,"href":"https:\/\/fagorarrasate.com\/es\/wp-json\/wp\/v2\/comments?post=556673224"}],"version-history":[{"count":0,"href":"https:\/\/fagorarrasate.com\/es\/wp-json\/wp\/v2\/pages\/556673224\/revisions"}],"wp:featuredmedia":[{"embeddable":true,"href":"https:\/\/fagorarrasate.com\/es\/wp-json\/wp\/v2\/media\/556673227"}],"wp:attachment":[{"href":"https:\/\/fagorarrasate.com\/es\/wp-json\/wp\/v2\/media?parent=556673224"}],"curies":[{"name":"wp","href":"https:\/\/api.w.org\/{rel}","templated":true}]}}