{"id":556673538,"date":"2020-01-28T10:35:42","date_gmt":"2020-01-28T09:35:42","guid":{"rendered":"https:\/\/fagorarrasate.com\/sobre-nosotros\/nuestros-valores\/"},"modified":"2022-04-26T08:12:09","modified_gmt":"2022-04-26T06:12:09","slug":"nuestros-valores","status":"publish","type":"page","link":"https:\/\/fagorarrasate.com\/es\/sobre-nosotros\/nuestros-valores\/","title":{"rendered":"Nuestros valores"},"content":{"rendered":"","protected":false},"excerpt":{"rendered":"","protected":false},"author":1,"featured_media":556673540,"parent":556673224,"menu_order":3,"comment_status":"closed","ping_status":"closed","template":"template-about-orokorra.php","meta":{"_acf_changed":false,"footnotes":""},"class_list":["post-556673538","page","type-page","status-publish","has-post-thumbnail","hentry"],"acf":[],"yoast_head":"<!-- This site is optimized with the Yoast SEO plugin v27.5 - https:\/\/yoast.com\/product\/yoast-seo-wordpress\/ -->\n<title>Nuestros valores - Fagor Arrasate<\/title>\n<meta name=\"description\" content=\"Un proyecto socio-empresarial innovador y compartido, basado en valores como la cooperaci\u00f3n, la innovaci\u00f3n, la participaci\u00f3n y la responsabilidad social.\" \/>\n<meta name=\"robots\" content=\"index, follow, max-snippet:-1, max-image-preview:large, max-video-preview:-1\" \/>\n<link rel=\"canonical\" href=\"https:\/\/fagorarrasate.com\/es\/sobre-nosotros\/nuestros-valores\/\" \/>\n<script type=\"application\/ld+json\" class=\"yoast-schema-graph\">{\"@context\":\"https:\\\/\\\/schema.org\",\"@graph\":[{\"@type\":\"WebPage\",\"@id\":\"https:\\\/\\\/fagorarrasate.com\\\/es\\\/sobre-nosotros\\\/nuestros-valores\\\/\",\"url\":\"https:\\\/\\\/fagorarrasate.com\\\/es\\\/sobre-nosotros\\\/nuestros-valores\\\/\",\"name\":\"Nuestros valores - Fagor Arrasate\",\"isPartOf\":{\"@id\":\"https:\\\/\\\/fagorarrasate.com\\\/es\\\/#website\"},\"primaryImageOfPage\":{\"@id\":\"https:\\\/\\\/fagorarrasate.com\\\/es\\\/sobre-nosotros\\\/nuestros-valores\\\/#primaryimage\"},\"image\":{\"@id\":\"https:\\\/\\\/fagorarrasate.com\\\/es\\\/sobre-nosotros\\\/nuestros-valores\\\/#primaryimage\"},\"thumbnailUrl\":\"https:\\\/\\\/fagorarrasate.com\\\/wp-content\\\/uploads\\\/2020\\\/04\\\/FAGOR-ARRASATE-Nuestros-valores.jpg\",\"datePublished\":\"2020-01-28T09:35:42+00:00\",\"dateModified\":\"2022-04-26T06:12:09+00:00\",\"description\":\"Un proyecto socio-empresarial innovador y compartido, basado en valores como la cooperaci\u00f3n, la innovaci\u00f3n, la participaci\u00f3n y la responsabilidad social.\",\"breadcrumb\":{\"@id\":\"https:\\\/\\\/fagorarrasate.com\\\/es\\\/sobre-nosotros\\\/nuestros-valores\\\/#breadcrumb\"},\"inLanguage\":\"es\",\"potentialAction\":[{\"@type\":\"ReadAction\",\"target\":[\"https:\\\/\\\/fagorarrasate.com\\\/es\\\/sobre-nosotros\\\/nuestros-valores\\\/\"]}]},{\"@type\":\"ImageObject\",\"inLanguage\":\"es\",\"@id\":\"https:\\\/\\\/fagorarrasate.com\\\/es\\\/sobre-nosotros\\\/nuestros-valores\\\/#primaryimage\",\"url\":\"https:\\\/\\\/fagorarrasate.com\\\/wp-content\\\/uploads\\\/2020\\\/04\\\/FAGOR-ARRASATE-Nuestros-valores.jpg\",\"contentUrl\":\"https:\\\/\\\/fagorarrasate.com\\\/wp-content\\\/uploads\\\/2020\\\/04\\\/FAGOR-ARRASATE-Nuestros-valores.jpg\",\"width\":1918,\"height\":565},{\"@type\":\"BreadcrumbList\",\"@id\":\"https:\\\/\\\/fagorarrasate.com\\\/es\\\/sobre-nosotros\\\/nuestros-valores\\\/#breadcrumb\",\"itemListElement\":[{\"@type\":\"ListItem\",\"position\":1,\"name\":\"Home\",\"item\":\"https:\\\/\\\/fagorarrasate.com\\\/es\\\/\"},{\"@type\":\"ListItem\",\"position\":2,\"name\":\"Sobre nosotros\",\"item\":\"https:\\\/\\\/fagorarrasate.com\\\/es\\\/sobre-nosotros\\\/\"},{\"@type\":\"ListItem\",\"position\":3,\"name\":\"Nuestros valores\"}]},{\"@type\":\"WebSite\",\"@id\":\"https:\\\/\\\/fagorarrasate.com\\\/es\\\/#website\",\"url\":\"https:\\\/\\\/fagorarrasate.com\\\/es\\\/\",\"name\":\"Fagor Arrasate\",\"description\":\"Sharing Your Challenges\",\"publisher\":{\"@id\":\"https:\\\/\\\/fagorarrasate.com\\\/es\\\/#organization\"},\"potentialAction\":[{\"@type\":\"SearchAction\",\"target\":{\"@type\":\"EntryPoint\",\"urlTemplate\":\"https:\\\/\\\/fagorarrasate.com\\\/es\\\/?s={search_term_string}\"},\"query-input\":{\"@type\":\"PropertyValueSpecification\",\"valueRequired\":true,\"valueName\":\"search_term_string\"}}],\"inLanguage\":\"es\"},{\"@type\":\"Organization\",\"@id\":\"https:\\\/\\\/fagorarrasate.com\\\/es\\\/#organization\",\"name\":\"Fagor Arrasate\",\"url\":\"https:\\\/\\\/fagorarrasate.com\\\/es\\\/\",\"logo\":{\"@type\":\"ImageObject\",\"inLanguage\":\"es\",\"@id\":\"https:\\\/\\\/fagorarrasate.com\\\/es\\\/#\\\/schema\\\/logo\\\/image\\\/\",\"url\":\"https:\\\/\\\/fagorarrasate.com\\\/wp-content\\\/uploads\\\/2022\\\/01\\\/fagor-logo.png\",\"contentUrl\":\"https:\\\/\\\/fagorarrasate.com\\\/wp-content\\\/uploads\\\/2022\\\/01\\\/fagor-logo.png\",\"width\":164,\"height\":52,\"caption\":\"Fagor Arrasate\"},\"image\":{\"@id\":\"https:\\\/\\\/fagorarrasate.com\\\/es\\\/#\\\/schema\\\/logo\\\/image\\\/\"},\"sameAs\":[\"https:\\\/\\\/es.linkedin.com\\\/company\\\/fagor-arrasate-s--coop-\",\"https:\\\/\\\/www.youtube.com\\\/channel\\\/UCcIkM42cil4qiObWBRnotjA\"]}]}<\/script>\n<!-- \/ Yoast SEO plugin. -->","yoast_head_json":{"title":"Nuestros valores - Fagor Arrasate","description":"Un proyecto socio-empresarial innovador y compartido, basado en valores como la cooperaci\u00f3n, la innovaci\u00f3n, la participaci\u00f3n y la responsabilidad social.","robots":{"index":"index","follow":"follow","max-snippet":"max-snippet:-1","max-image-preview":"max-image-preview:large","max-video-preview":"max-video-preview:-1"},"canonical":"https:\/\/fagorarrasate.com\/es\/sobre-nosotros\/nuestros-valores\/","schema":{"@context":"https:\/\/schema.org","@graph":[{"@type":"WebPage","@id":"https:\/\/fagorarrasate.com\/es\/sobre-nosotros\/nuestros-valores\/","url":"https:\/\/fagorarrasate.com\/es\/sobre-nosotros\/nuestros-valores\/","name":"Nuestros valores - Fagor Arrasate","isPartOf":{"@id":"https:\/\/fagorarrasate.com\/es\/#website"},"primaryImageOfPage":{"@id":"https:\/\/fagorarrasate.com\/es\/sobre-nosotros\/nuestros-valores\/#primaryimage"},"image":{"@id":"https:\/\/fagorarrasate.com\/es\/sobre-nosotros\/nuestros-valores\/#primaryimage"},"thumbnailUrl":"https:\/\/fagorarrasate.com\/wp-content\/uploads\/2020\/04\/FAGOR-ARRASATE-Nuestros-valores.jpg","datePublished":"2020-01-28T09:35:42+00:00","dateModified":"2022-04-26T06:12:09+00:00","description":"Un proyecto socio-empresarial innovador y compartido, basado en valores como la cooperaci\u00f3n, la innovaci\u00f3n, la participaci\u00f3n y la responsabilidad social.","breadcrumb":{"@id":"https:\/\/fagorarrasate.com\/es\/sobre-nosotros\/nuestros-valores\/#breadcrumb"},"inLanguage":"es","potentialAction":[{"@type":"ReadAction","target":["https:\/\/fagorarrasate.com\/es\/sobre-nosotros\/nuestros-valores\/"]}]},{"@type":"ImageObject","inLanguage":"es","@id":"https:\/\/fagorarrasate.com\/es\/sobre-nosotros\/nuestros-valores\/#primaryimage","url":"https:\/\/fagorarrasate.com\/wp-content\/uploads\/2020\/04\/FAGOR-ARRASATE-Nuestros-valores.jpg","contentUrl":"https:\/\/fagorarrasate.com\/wp-content\/uploads\/2020\/04\/FAGOR-ARRASATE-Nuestros-valores.jpg","width":1918,"height":565},{"@type":"BreadcrumbList","@id":"https:\/\/fagorarrasate.com\/es\/sobre-nosotros\/nuestros-valores\/#breadcrumb","itemListElement":[{"@type":"ListItem","position":1,"name":"Home","item":"https:\/\/fagorarrasate.com\/es\/"},{"@type":"ListItem","position":2,"name":"Sobre nosotros","item":"https:\/\/fagorarrasate.com\/es\/sobre-nosotros\/"},{"@type":"ListItem","position":3,"name":"Nuestros valores"}]},{"@type":"WebSite","@id":"https:\/\/fagorarrasate.com\/es\/#website","url":"https:\/\/fagorarrasate.com\/es\/","name":"Fagor Arrasate","description":"Sharing Your Challenges","publisher":{"@id":"https:\/\/fagorarrasate.com\/es\/#organization"},"potentialAction":[{"@type":"SearchAction","target":{"@type":"EntryPoint","urlTemplate":"https:\/\/fagorarrasate.com\/es\/?s={search_term_string}"},"query-input":{"@type":"PropertyValueSpecification","valueRequired":true,"valueName":"search_term_string"}}],"inLanguage":"es"},{"@type":"Organization","@id":"https:\/\/fagorarrasate.com\/es\/#organization","name":"Fagor Arrasate","url":"https:\/\/fagorarrasate.com\/es\/","logo":{"@type":"ImageObject","inLanguage":"es","@id":"https:\/\/fagorarrasate.com\/es\/#\/schema\/logo\/image\/","url":"https:\/\/fagorarrasate.com\/wp-content\/uploads\/2022\/01\/fagor-logo.png","contentUrl":"https:\/\/fagorarrasate.com\/wp-content\/uploads\/2022\/01\/fagor-logo.png","width":164,"height":52,"caption":"Fagor Arrasate"},"image":{"@id":"https:\/\/fagorarrasate.com\/es\/#\/schema\/logo\/image\/"},"sameAs":["https:\/\/es.linkedin.com\/company\/fagor-arrasate-s--coop-","https:\/\/www.youtube.com\/channel\/UCcIkM42cil4qiObWBRnotjA"]}]}},"_links":{"self":[{"href":"https:\/\/fagorarrasate.com\/es\/wp-json\/wp\/v2\/pages\/556673538","targetHints":{"allow":["GET"]}}],"collection":[{"href":"https:\/\/fagorarrasate.com\/es\/wp-json\/wp\/v2\/pages"}],"about":[{"href":"https:\/\/fagorarrasate.com\/es\/wp-json\/wp\/v2\/types\/page"}],"author":[{"embeddable":true,"href":"https:\/\/fagorarrasate.com\/es\/wp-json\/wp\/v2\/users\/1"}],"replies":[{"embeddable":true,"href":"https:\/\/fagorarrasate.com\/es\/wp-json\/wp\/v2\/comments?post=556673538"}],"version-history":[{"count":0,"href":"https:\/\/fagorarrasate.com\/es\/wp-json\/wp\/v2\/pages\/556673538\/revisions"}],"up":[{"embeddable":true,"href":"https:\/\/fagorarrasate.com\/es\/wp-json\/wp\/v2\/pages\/556673224"}],"wp:featuredmedia":[{"embeddable":true,"href":"https:\/\/fagorarrasate.com\/es\/wp-json\/wp\/v2\/media\/556673540"}],"wp:attachment":[{"href":"https:\/\/fagorarrasate.com\/es\/wp-json\/wp\/v2\/media?parent=556673538"}],"curies":[{"name":"wp","href":"https:\/\/api.w.org\/{rel}","templated":true}]}}