{"id":556674166,"date":"2020-01-29T11:28:25","date_gmt":"2020-01-29T10:28:25","guid":{"rendered":"https:\/\/fagorarrasate.com\/people\/"},"modified":"2025-11-24T10:02:53","modified_gmt":"2025-11-24T09:02:53","slug":"talento","status":"publish","type":"page","link":"https:\/\/fagorarrasate.com\/es\/talento\/","title":{"rendered":"Talento"},"content":{"rendered":"\n\n\t<p>\u00daNETE AL FUTURO DE LA TECNOLOG\u00cdA EN FAGOR ARRASATE<\/p>\n\t\t\t<a href=\"https:\/\/fagorarrasate.talentclue.com\/es\/node\/add\/cv\/job\/28862358\/company\/11740566\/12623479?clicked_button=apply_manually\" target=\"_blank\" rel=\"noopener\">\n\t\t\t\t\t\t\t\u00daNETE AL EQUIPO\n\t\t\t<\/a>\n\t\t\t<a href=\"https:\/\/fagorarrasate.com\/es\/talento\/ofertas-de-empleo\/\" target=\"_blank\" rel=\"noopener\">\n\t\t\t\t\t\t\tVER OFERTAS ACTIVAS\n\t\t\t<\/a>\n\t<h2>SHARING YOUR CHALLENGES<\/h2>\n\t<p>En FAGOR ARRASATE afrontamos retos y proyectos en equipo para ser l\u00edderes en el mercado. La innovaci\u00f3n y desarrollo tecnol\u00f3gico son parte de nuestro d\u00eda a d\u00eda, as\u00ed como el aprendizaje continuo, aumentando el \u00e9xito que entre todos conseguimos.<\/p>\n<p>&nbsp;<\/p>\n\t<h2>\u00bfQUIERES TRABAJAR CON NOSOTROS\/AS?<\/h2>\n\t<p>Si buscas trabajar en una empresa innovadora e internacional, que se preocupa por mantener un ambiente colaborativo y participativo, donde puedas afrontar retos profesionales y seguir desarroll\u00e1ndote, esta es tu oportunidad. \u00a1En Fagor Arrasate te estamos esperando!<\/p>\n<p><strong>\u00bfNo encuentras la oferta ideal para ti? \u00a1No te preocupes!<\/strong><\/p>\n<p>Si no ves una oferta que se ajuste a tu perfil, inscr\u00edbete en nuestra base de datos. Nos encantar\u00eda conocerte y poder contar contigo para futuras oportunidades.<\/p>\n\t\t\t<a href=\"https:\/\/fagorarrasate.talentclue.com\/es\/node\/add\/cv\/job\/28862358\/company\/11740566\/12623479?clicked_button=apply_manually\" target=\"_blank\" rel=\"noopener\">\n\t\t\t\t\t\t\t\u00daNETE AL EQUIPO\n\t\t\t<\/a>\n\t\t\t<a href=\"https:\/\/fagorarrasate.com\/es\/talento\/ofertas-de-empleo\/\" target=\"_blank\" rel=\"noopener\">\n\t\t\t\t\t\t\tVER OFERTAS ACTIVAS\n\t\t\t<\/a>\n\t<h2>\u00bfQU\u00c9 TE OFRECEMOS?<\/h2>\n\t<div class=\"oxi-addons-container   oxi-addons-flipbox-template-style5\">        <div class=\"oxilab-flip-box-wrapper\">\n                                <div class=\"oxilab-flip-box-col-4 oxilab-flip-box-padding-3\"\n                        sa-data-animation=\"\"\n                        sa-data-animation-offset=\"100%\"\r\n                        sa-data-animation-delay=\"0ms\"\r\n                        sa-data-animation-duration=\" 2000ms\"\n                        >\r\n                        <div class=\" oxilab-flip-box-body-3 oxilab-flip-box-body-3-4\">\n                                                        <div class=\"oxilab-flip-box-body-absulote\">\n                                <div class=\"oxilab-flip-box-flip oxilab-flip-box-flip-right-to-left\">\n                                    <div class=\"oxilab-flip-box-style-data easing_easeInOutExpo\">\n                                        <div class=\"oxilab-flip-box-style\">\n                                            <div class=\"oxilab-flip-box-front\">\n                                                <div class=\"oxilab-flip-box-3\">\n                                                    <div class=\"oxilab-flip-box-3-data\">\n\n                                                    <\/div>\n                                                <\/div>\n                                            <\/div>\n                                            <div class=\"oxilab-flip-box-back\">\n                                                <div class=\"oxilab-flip-box-back-3\">\n                                                    <div class=\"oxilab-flip-box-back-3-data\">\n                                                        <div class=\"oxilab-heading\">\n                                                            Desarrollo Continuo                                                        <\/div>\n                                                        <div class=\"oxilab-info\">\n                                                            Valoramos el crecimiento continuo de las personas ofreciendo programas de formaci\u00f3n y desarrollo que abordan tanto habilidades t\u00e9cnicas como personales.                                                        <\/div>\n                                                                                                            <\/div>\n                                                <\/div>\n                                            <\/div>\n                                        <\/div>\n                                    <\/div>\n                                <\/div>\n                            <\/div>\n                                                    <\/div>\n\n\n                        \n                    <\/div>\n                                        <div class=\"oxilab-flip-box-col-4 oxilab-flip-box-padding-3\"\n                        sa-data-animation=\"\"\n                        sa-data-animation-offset=\"100%\"\r\n                        sa-data-animation-delay=\"0ms\"\r\n                        sa-data-animation-duration=\" 2000ms\"\n                        >\r\n                        <div class=\" oxilab-flip-box-body-3 oxilab-flip-box-body-3-5\">\n                                                        <div class=\"oxilab-flip-box-body-absulote\">\n                                <div class=\"oxilab-flip-box-flip oxilab-flip-box-flip-right-to-left\">\n                                    <div class=\"oxilab-flip-box-style-data easing_easeInOutExpo\">\n                                        <div class=\"oxilab-flip-box-style\">\n                                            <div class=\"oxilab-flip-box-front\">\n                                                <div class=\"oxilab-flip-box-3\">\n                                                    <div class=\"oxilab-flip-box-3-data\">\n\n                                                    <\/div>\n                                                <\/div>\n                                            <\/div>\n                                            <div class=\"oxilab-flip-box-back\">\n                                                <div class=\"oxilab-flip-box-back-3\">\n                                                    <div class=\"oxilab-flip-box-back-3-data\">\n                                                        <div class=\"oxilab-heading\">\n                                                            Proyectos Retadores                                                        <\/div>\n                                                        <div class=\"oxilab-info\">\n                                                            Ofrecemos la posibilidad de participar en proyectos tecnol\u00f3gicamente desafiantes de principio a fin, permitiendo as\u00ed, una visi\u00f3n integral del proceso.                                                        <\/div>\n                                                                                                            <\/div>\n                                                <\/div>\n                                            <\/div>\n                                        <\/div>\n                                    <\/div>\n                                <\/div>\n                            <\/div>\n                                                    <\/div>\n\n\n                        \n                    <\/div>\n                                        <div class=\"oxilab-flip-box-col-4 oxilab-flip-box-padding-3\"\n                        sa-data-animation=\"\"\n                        sa-data-animation-offset=\"100%\"\r\n                        sa-data-animation-delay=\"0ms\"\r\n                        sa-data-animation-duration=\" 2000ms\"\n                        >\r\n                        <div class=\" oxilab-flip-box-body-3 oxilab-flip-box-body-3-6\">\n                                                        <div class=\"oxilab-flip-box-body-absulote\">\n                                <div class=\"oxilab-flip-box-flip oxilab-flip-box-flip-right-to-left\">\n                                    <div class=\"oxilab-flip-box-style-data easing_easeInOutExpo\">\n                                        <div class=\"oxilab-flip-box-style\">\n                                            <div class=\"oxilab-flip-box-front\">\n                                                <div class=\"oxilab-flip-box-3\">\n                                                    <div class=\"oxilab-flip-box-3-data\">\n\n                                                    <\/div>\n                                                <\/div>\n                                            <\/div>\n                                            <div class=\"oxilab-flip-box-back\">\n                                                <div class=\"oxilab-flip-box-back-3\">\n                                                    <div class=\"oxilab-flip-box-back-3-data\">\n                                                        <div class=\"oxilab-heading\">\n                                                            Gran equipo                                                        <\/div>\n                                                        <div class=\"oxilab-info\">\n                                                            Fomentamos un ambiente de trabajo colaborativo, donde el trabajo en equipo y la comunicaci\u00f3n abierta son fundamentales para el \u00e9xito colectivo.                                                        <\/div>\n                                                                                                            <\/div>\n                                                <\/div>\n                                            <\/div>\n                                        <\/div>\n                                    <\/div>\n                                <\/div>\n                            <\/div>\n                                                    <\/div>\n\n\n                        \n                    <\/div>\n                                        <div class=\"oxilab-flip-box-col-4 oxilab-flip-box-padding-3\"\n                        sa-data-animation=\"\"\n                        sa-data-animation-offset=\"100%\"\r\n                        sa-data-animation-delay=\"0ms\"\r\n                        sa-data-animation-duration=\" 2000ms\"\n                        >\r\n                        <div class=\" oxilab-flip-box-body-3 oxilab-flip-box-body-3-7\">\n                                                        <div class=\"oxilab-flip-box-body-absulote\">\n                                <div class=\"oxilab-flip-box-flip oxilab-flip-box-flip-right-to-left\">\n                                    <div class=\"oxilab-flip-box-style-data easing_easeInOutExpo\">\n                                        <div class=\"oxilab-flip-box-style\">\n                                            <div class=\"oxilab-flip-box-front\">\n                                                <div class=\"oxilab-flip-box-3\">\n                                                    <div class=\"oxilab-flip-box-3-data\">\n\n                                                    <\/div>\n                                                <\/div>\n                                            <\/div>\n                                            <div class=\"oxilab-flip-box-back\">\n                                                <div class=\"oxilab-flip-box-back-3\">\n                                                    <div class=\"oxilab-flip-box-back-3-data\">\n                                                        <div class=\"oxilab-heading\">\n                                                            Innovaci\u00f3n propia                                                        <\/div>\n                                                        <div class=\"oxilab-info\">\n                                                            Creamos soluciones innovadoras y \u00fanicas que nos permite establecer nuevos est\u00e1ndares de excelencia y destacarnos entre la competencia.                                                        <\/div>\n                                                                                                            <\/div>\n                                                <\/div>\n                                            <\/div>\n                                        <\/div>\n                                    <\/div>\n                                <\/div>\n                            <\/div>\n                                                    <\/div>\n\n\n                        \n                    <\/div>\n                    \n\n        <\/div>\n        <\/div>\n\t<h2>CONOCE NUESTRO EQUIPO<\/h2>\n\t\t\t<img decoding=\"async\" loading='false' src=\"https:\/\/fagorarrasate.com\/wp-content\/uploads\/2025\/03\/OLENA-SHEMET-2.png\" alt=\"\" \/>\t\t\t\n\t\t\t\t<p><em>Trabajar en el \u00e1rea de dise\u00f1o mec\u00e1nico de Fagor Arrasate me hace sentir parte importante de cada proyecto. Ver mis dise\u00f1os transformarse de digital a m\u00e1quina real es fascinante. Cada creaci\u00f3n es \u00fanica e incorpora nuevos avances tecnol\u00f3gicos que mejoran constantemente nuestro trabajo.\u00a0<\/em><\/p>\n<p>&nbsp;<\/p>\n<strong>OLENA SHEMET<\/strong><br \/>\n<strong>T\u00e9cnica dise\u00f1o mec\u00e1nico\u00a0<\/strong>\n<img decoding=\"async\" loading='false' src=\"https:\/\/fagorarrasate.com\/wp-content\/uploads\/2025\/03\/OLENA-SHEMET-2.png\" alt=\"\" \/>\t\t\t\n\t\t\t<img decoding=\"async\" loading='false' src=\"https:\/\/fagorarrasate.com\/wp-content\/uploads\/2025\/03\/John-Romero-eta-Ander-Lopez.png\" alt=\"\" \/>\t\t\t\n\t\t\t\t<p><em>Trabajar en Fagor Arrasate es una experiencia enriquecedora. Lo que m\u00e1s valoramos es la colaboraci\u00f3n entre compa\u00f1eros, lo que permite el intercambio de ideas y soluciones innovadoras. Cada d\u00eda nos enfrentemos a nuevos desaf\u00edos. que nos permiten aprender y evolucionar continuamente.\u00a0<\/em><\/p>\n<p>&nbsp;<\/p>\n<strong>JOHN ROMERO &amp; ANDER LOPEZ<\/strong><br \/>\n<strong>T\u00e9cnicos electr\u00f3nicos PaP\u00a0<\/strong>\n<img decoding=\"async\" loading='false' src=\"https:\/\/fagorarrasate.com\/wp-content\/uploads\/2025\/03\/John-Romero-eta-Ander-Lopez.png\" alt=\"\" \/>\t\t\t\n\t\t\t<img decoding=\"async\" loading='false' src=\"https:\/\/fagorarrasate.com\/wp-content\/uploads\/2025\/05\/Testimonioak-2-1.png\" alt=\"\" \/>\t\t\t\n\t\t\t\t<p><em>En el tiempo que llevo en Fagor Arrasate, he podido conocer y desarrollarme en diferentes \u00e1mbitos. Empec\u00e9 como t\u00e9cnico electr\u00f3nico poniendo en marcha l\u00edneas en casa de cliente. Ahora, abordo un nuevo reto en la parte de gesti\u00f3n en nuestra filial de M\u00e9xico, creciendo profesional y personalmente.\u00a0<\/em><\/p>\n<p>&nbsp;<\/p>\n<strong>JOANES GALARZA<\/strong><br \/>\n<strong>T\u00e9cnico responsable dise\u00f1o automatismos<\/strong>\n<img decoding=\"async\" loading='false' src=\"https:\/\/fagorarrasate.com\/wp-content\/uploads\/2025\/05\/Testimonioak-2-1.png\" alt=\"\" \/>\t\t\t\n\t\t\t<img decoding=\"async\" loading='false' src=\"https:\/\/fagorarrasate.com\/wp-content\/uploads\/2025\/05\/7.png\" alt=\"\" \/>\t\t\t\n\t\t\t\t<p><em>Aunque lleve poco tiempo en Fagor Arrasate, no he tardado en sentirme valorado por mis compa\u00f1eros y compa\u00f1eras. El entorno de trabajo favorece la participaci\u00f3n y la propuesta de nuevas ideas. Adem\u00e1s, la diversidad de proyectos y la experiencia del equipo permiten aprender de forma r\u00e1pida y efectiva. Creo que es el lugar ideal para seguirse formando como ingeniero.\u00a0<\/em><\/p>\n<p>&nbsp;<\/p>\n<strong>XABIER ALAVA<\/strong><br \/>\n<strong>T\u00e9cnico dise\u00f1o mec\u00e1nico<\/strong>\n<img decoding=\"async\" loading='false' src=\"https:\/\/fagorarrasate.com\/wp-content\/uploads\/2025\/05\/7.png\" alt=\"\" \/>\t\t\t\n\t\t\t<img decoding=\"async\" loading='false' src=\"https:\/\/fagorarrasate.com\/wp-content\/uploads\/2025\/05\/6-1.png\" alt=\"\" \/>\t\t\t\n\t\t\t\t<p><em>En Fagor Arrasate he descubierto el impacto transformador del modelo cooperativo y la importancia de compartir visi\u00f3n y metas. Agradezco el haber conocido tantas personas que viven y han vivido con pasi\u00f3n el \u00e1mbito social, una parte clave en la Cooperativa. Me han ayudado a desarrollarme personalmente y a adentrarme en en \u00e1mbito social. Ahora soy parte del Consejo Rector contribuyendo en ese cambio. \u00a0<\/em><\/p>\n<p>&nbsp;<\/p>\n<strong>JON ODRIOZOLA<\/strong><br \/>\n<strong>Secretario del Consejo Rector\u00a0<\/strong>\n<img decoding=\"async\" loading='false' src=\"https:\/\/fagorarrasate.com\/wp-content\/uploads\/2025\/05\/6-1.png\" alt=\"\" \/>\t\t\t\n\t\t\t<img decoding=\"async\" loading='false' src=\"https:\/\/fagorarrasate.com\/wp-content\/uploads\/2025\/05\/Testimonioak.png\" alt=\"\" \/>\t\t\t\n\t\t\t\t<p><em>Mi camino en Fagor Arrasate desde el inicio ha sido muy enriquecedor. Al conectar con clientes y proveedores, he crecido profesionalmente mientras desarrollaba habilidades de comunicaci\u00f3n y resoluci\u00f3n creativa de problemas. En este ambiente de colaboraci\u00f3n, encuentro la inspiraci\u00f3n para superarme cada d\u00eda. Sin duda, trabajar aqu\u00ed me empuja a superarme cada d\u00eda.<\/em><\/p>\n<p>&nbsp;<\/p>\n<strong>IDOIA ELIZONDO<\/strong><br \/>\n<strong>Gestora de compras<\/strong>\n<img decoding=\"async\" loading='false' src=\"https:\/\/fagorarrasate.com\/wp-content\/uploads\/2025\/05\/Testimonioak.png\" alt=\"\" \/>\t\t\t\n\t\t\t\t<a href=\"#\" aria-label=\"previous\" role=\"button\">\n<\/a>\n\t\t\t\t<a href=\"#\" aria-label=\"next\" role=\"button\">\n<\/a>\n\t<blockquote>\n<p><strong>\u00bfQuieres trabajar con nosotros\/as? \u00a1Inscr\u00edbete aqu\u00ed o descubre nuestras ofertas activas!<\/strong><\/p>\n<\/blockquote>\n\t\t\t<a href=\"https:\/\/fagorarrasate.talentclue.com\/es\/node\/add\/cv\/job\/28862358\/company\/11740566\/12623479?clicked_button=apply_manually\" target=\"_blank\" rel=\"noopener\">\n\t\t\t\t\t\t\t\u00daNETE AL EQUIPO\n\t\t\t<\/a>\n\t\t\t<a href=\"https:\/\/fagorarrasate.com\/es\/talento\/ofertas-de-empleo\/\" target=\"_blank\" rel=\"noopener\">\n\t\t\t\t\t\t\tVER OFERTAS ACTIVAS\n\t\t\t<\/a>\n\n","protected":false},"excerpt":{"rendered":"<p>\u00daNETE AL FUTURO DE LA TECNOLOG\u00cdA EN FAGOR ARRASATE \u00daNETE AL EQUIPO VER OFERTAS ACTIVAS SHARING YOUR CHALLENGES En FAGOR ARRASATE afrontamos retos y proyectos en equipo para ser l\u00edderes en el mercado. La innovaci\u00f3n y desarrollo tecnol\u00f3gico son parte de nuestro d\u00eda a d\u00eda, as\u00ed como el aprendizaje continuo, aumentando el \u00e9xito que entre [&hellip;]<\/p>\n","protected":false},"author":1,"featured_media":0,"parent":0,"menu_order":0,"comment_status":"closed","ping_status":"closed","template":"template-builderra-edukian.php","meta":{"_acf_changed":false,"footnotes":""},"class_list":["post-556674166","page","type-page","status-publish","hentry"],"acf":[],"yoast_head":"<!-- This site is optimized with the Yoast SEO plugin v25.1 - https:\/\/yoast.com\/wordpress\/plugins\/seo\/ -->\n<title>Conoce a las personas que forman el equipo de Fagor Arrasate<\/title>\n<meta name=\"description\" content=\"Un proyecto compartido por 600 personas en el que la innovaci\u00f3n, el desarrollo tecnol\u00f3gico y el aprendizaje continuo forman parte de nuestro d\u00eda a d\u00eda.\" \/>\n<meta name=\"robots\" content=\"index, follow, max-snippet:-1, max-image-preview:large, max-video-preview:-1\" \/>\n<link rel=\"canonical\" href=\"https:\/\/fagorarrasate.com\/es\/talento\/\" \/>\n<script type=\"application\/ld+json\" class=\"yoast-schema-graph\">{\"@context\":\"https:\/\/schema.org\",\"@graph\":[{\"@type\":\"WebPage\",\"@id\":\"https:\/\/fagorarrasate.com\/es\/talento\/\",\"url\":\"https:\/\/fagorarrasate.com\/es\/talento\/\",\"name\":\"Conoce a las personas que forman el equipo de Fagor Arrasate\",\"isPartOf\":{\"@id\":\"https:\/\/fagorarrasate.com\/es\/#website\"},\"primaryImageOfPage\":{\"@id\":\"https:\/\/fagorarrasate.com\/es\/talento\/#primaryimage\"},\"image\":{\"@id\":\"https:\/\/fagorarrasate.com\/es\/talento\/#primaryimage\"},\"thumbnailUrl\":\"https:\/\/fagorarrasate.com\/wp-content\/uploads\/2025\/03\/OLENA-SHEMET-2.png\",\"datePublished\":\"2020-01-29T10:28:25+00:00\",\"dateModified\":\"2025-11-24T09:02:53+00:00\",\"description\":\"Un proyecto compartido por 600 personas en el que la innovaci\u00f3n, el desarrollo tecnol\u00f3gico y el aprendizaje continuo forman parte de nuestro d\u00eda a d\u00eda.\",\"breadcrumb\":{\"@id\":\"https:\/\/fagorarrasate.com\/es\/talento\/#breadcrumb\"},\"inLanguage\":\"es\",\"potentialAction\":[{\"@type\":\"ReadAction\",\"target\":[\"https:\/\/fagorarrasate.com\/es\/talento\/\"]}]},{\"@type\":\"ImageObject\",\"inLanguage\":\"es\",\"@id\":\"https:\/\/fagorarrasate.com\/es\/talento\/#primaryimage\",\"url\":\"https:\/\/fagorarrasate.com\/wp-content\/uploads\/2025\/03\/OLENA-SHEMET-2.png\",\"contentUrl\":\"https:\/\/fagorarrasate.com\/wp-content\/uploads\/2025\/03\/OLENA-SHEMET-2.png\"},{\"@type\":\"BreadcrumbList\",\"@id\":\"https:\/\/fagorarrasate.com\/es\/talento\/#breadcrumb\",\"itemListElement\":[{\"@type\":\"ListItem\",\"position\":1,\"name\":\"Home\",\"item\":\"https:\/\/fagorarrasate.com\/es\/\"},{\"@type\":\"ListItem\",\"position\":2,\"name\":\"Talento\"}]},{\"@type\":\"WebSite\",\"@id\":\"https:\/\/fagorarrasate.com\/es\/#website\",\"url\":\"https:\/\/fagorarrasate.com\/es\/\",\"name\":\"Fagor Arrasate\",\"description\":\"Sharing Your Challenges\",\"publisher\":{\"@id\":\"https:\/\/fagorarrasate.com\/es\/#organization\"},\"potentialAction\":[{\"@type\":\"SearchAction\",\"target\":{\"@type\":\"EntryPoint\",\"urlTemplate\":\"https:\/\/fagorarrasate.com\/es\/?s={search_term_string}\"},\"query-input\":{\"@type\":\"PropertyValueSpecification\",\"valueRequired\":true,\"valueName\":\"search_term_string\"}}],\"inLanguage\":\"es\"},{\"@type\":\"Organization\",\"@id\":\"https:\/\/fagorarrasate.com\/es\/#organization\",\"name\":\"Fagor Arrasate\",\"url\":\"https:\/\/fagorarrasate.com\/es\/\",\"logo\":{\"@type\":\"ImageObject\",\"inLanguage\":\"es\",\"@id\":\"https:\/\/fagorarrasate.com\/es\/#\/schema\/logo\/image\/\",\"url\":\"https:\/\/fagorarrasate.com\/wp-content\/uploads\/2022\/01\/fagor-logo.png\",\"contentUrl\":\"https:\/\/fagorarrasate.com\/wp-content\/uploads\/2022\/01\/fagor-logo.png\",\"width\":164,\"height\":52,\"caption\":\"Fagor Arrasate\"},\"image\":{\"@id\":\"https:\/\/fagorarrasate.com\/es\/#\/schema\/logo\/image\/\"},\"sameAs\":[\"https:\/\/es.linkedin.com\/company\/fagor-arrasate-s--coop-\",\"https:\/\/www.youtube.com\/channel\/UCcIkM42cil4qiObWBRnotjA\"]}]}<\/script>\n<!-- \/ Yoast SEO plugin. -->","yoast_head_json":{"title":"Conoce a las personas que forman el equipo de Fagor Arrasate","description":"Un proyecto compartido por 600 personas en el que la innovaci\u00f3n, el desarrollo tecnol\u00f3gico y el aprendizaje continuo forman parte de nuestro d\u00eda a d\u00eda.","robots":{"index":"index","follow":"follow","max-snippet":"max-snippet:-1","max-image-preview":"max-image-preview:large","max-video-preview":"max-video-preview:-1"},"canonical":"https:\/\/fagorarrasate.com\/es\/talento\/","schema":{"@context":"https:\/\/schema.org","@graph":[{"@type":"WebPage","@id":"https:\/\/fagorarrasate.com\/es\/talento\/","url":"https:\/\/fagorarrasate.com\/es\/talento\/","name":"Conoce a las personas que forman el equipo de Fagor Arrasate","isPartOf":{"@id":"https:\/\/fagorarrasate.com\/es\/#website"},"primaryImageOfPage":{"@id":"https:\/\/fagorarrasate.com\/es\/talento\/#primaryimage"},"image":{"@id":"https:\/\/fagorarrasate.com\/es\/talento\/#primaryimage"},"thumbnailUrl":"https:\/\/fagorarrasate.com\/wp-content\/uploads\/2025\/03\/OLENA-SHEMET-2.png","datePublished":"2020-01-29T10:28:25+00:00","dateModified":"2025-11-24T09:02:53+00:00","description":"Un proyecto compartido por 600 personas en el que la innovaci\u00f3n, el desarrollo tecnol\u00f3gico y el aprendizaje continuo forman parte de nuestro d\u00eda a d\u00eda.","breadcrumb":{"@id":"https:\/\/fagorarrasate.com\/es\/talento\/#breadcrumb"},"inLanguage":"es","potentialAction":[{"@type":"ReadAction","target":["https:\/\/fagorarrasate.com\/es\/talento\/"]}]},{"@type":"ImageObject","inLanguage":"es","@id":"https:\/\/fagorarrasate.com\/es\/talento\/#primaryimage","url":"https:\/\/fagorarrasate.com\/wp-content\/uploads\/2025\/03\/OLENA-SHEMET-2.png","contentUrl":"https:\/\/fagorarrasate.com\/wp-content\/uploads\/2025\/03\/OLENA-SHEMET-2.png"},{"@type":"BreadcrumbList","@id":"https:\/\/fagorarrasate.com\/es\/talento\/#breadcrumb","itemListElement":[{"@type":"ListItem","position":1,"name":"Home","item":"https:\/\/fagorarrasate.com\/es\/"},{"@type":"ListItem","position":2,"name":"Talento"}]},{"@type":"WebSite","@id":"https:\/\/fagorarrasate.com\/es\/#website","url":"https:\/\/fagorarrasate.com\/es\/","name":"Fagor Arrasate","description":"Sharing Your Challenges","publisher":{"@id":"https:\/\/fagorarrasate.com\/es\/#organization"},"potentialAction":[{"@type":"SearchAction","target":{"@type":"EntryPoint","urlTemplate":"https:\/\/fagorarrasate.com\/es\/?s={search_term_string}"},"query-input":{"@type":"PropertyValueSpecification","valueRequired":true,"valueName":"search_term_string"}}],"inLanguage":"es"},{"@type":"Organization","@id":"https:\/\/fagorarrasate.com\/es\/#organization","name":"Fagor Arrasate","url":"https:\/\/fagorarrasate.com\/es\/","logo":{"@type":"ImageObject","inLanguage":"es","@id":"https:\/\/fagorarrasate.com\/es\/#\/schema\/logo\/image\/","url":"https:\/\/fagorarrasate.com\/wp-content\/uploads\/2022\/01\/fagor-logo.png","contentUrl":"https:\/\/fagorarrasate.com\/wp-content\/uploads\/2022\/01\/fagor-logo.png","width":164,"height":52,"caption":"Fagor Arrasate"},"image":{"@id":"https:\/\/fagorarrasate.com\/es\/#\/schema\/logo\/image\/"},"sameAs":["https:\/\/es.linkedin.com\/company\/fagor-arrasate-s--coop-","https:\/\/www.youtube.com\/channel\/UCcIkM42cil4qiObWBRnotjA"]}]}},"_links":{"self":[{"href":"https:\/\/fagorarrasate.com\/es\/wp-json\/wp\/v2\/pages\/556674166","targetHints":{"allow":["GET"]}}],"collection":[{"href":"https:\/\/fagorarrasate.com\/es\/wp-json\/wp\/v2\/pages"}],"about":[{"href":"https:\/\/fagorarrasate.com\/es\/wp-json\/wp\/v2\/types\/page"}],"author":[{"embeddable":true,"href":"https:\/\/fagorarrasate.com\/es\/wp-json\/wp\/v2\/users\/1"}],"replies":[{"embeddable":true,"href":"https:\/\/fagorarrasate.com\/es\/wp-json\/wp\/v2\/comments?post=556674166"}],"version-history":[{"count":6,"href":"https:\/\/fagorarrasate.com\/es\/wp-json\/wp\/v2\/pages\/556674166\/revisions"}],"predecessor-version":[{"id":556711505,"href":"https:\/\/fagorarrasate.com\/es\/wp-json\/wp\/v2\/pages\/556674166\/revisions\/556711505"}],"wp:attachment":[{"href":"https:\/\/fagorarrasate.com\/es\/wp-json\/wp\/v2\/media?parent=556674166"}],"curies":[{"name":"wp","href":"https:\/\/api.w.org\/{rel}","templated":true}]}}