{"id":556674178,"date":"2020-01-29T12:37:48","date_gmt":"2020-01-29T11:37:48","guid":{"rendered":"https:\/\/fagorarrasate.com\/people\/ofertas-de-empleo\/"},"modified":"2025-06-02T16:04:14","modified_gmt":"2025-06-02T14:04:14","slug":"ofertas-de-empleo","status":"publish","type":"page","link":"https:\/\/fagorarrasate.com\/es\/talento\/ofertas-de-empleo\/","title":{"rendered":"Ofertas de empleo"},"content":{"rendered":"\n\n<h1>Ofertas de empleo\n<\/h1>\n\t<nav aria-label=\"breadcrumb\">\n<p><a href=\"https:\/\/fagorarrasate.com\/es\/\">Home<\/a> \/ <a href=\"https:\/\/fagorarrasate.com\/es\/Talento\/\">Talento<\/a> \/ Ofertas de empleo<\/p><\/nav>\n\t<p>\u00bfQUIERES TRABAJAR CON NOSOTROS\/AS?<\/p>\n\t<p>Explora nuestras oportunidades actuales y da el primer paso hacia un nuevo futuro con nosotros y nosotras.<\/p>\n\t  <section>\n              <label for=\"select-kategoria\">Pa\u00eds<\/label>\n              <select id=\"select-country\" name=\"post-cat1\" data-bind=\"options: countries,  value : selectedCountry, optionsCaption : $root.caption\">\n              <\/select>\n          <table>\n  <thead>\n    <tr>\n      <th scope=\"col\"><\/th>\n      <th scope=\"col\">Oferta de empleo<\/th>\n      <th scope=\"col\">Ciudad<\/th>\n      <th scope=\"col\">Provincia<\/th>\n      <!--<th scope=\"col\"><?php _e('Date','fagorarrasate'); ?><\/th>-->\n    <\/tr>\n  <\/thead>\n  <tbody>\n    <!-- ko foreach: visibleJobs -->\n        <tr>\n          <td scope=\"row\">Job offer<\/td>\n          <td>Job <a target=\"_blank\" data-bind=\"text: title, attr: {href: url}\"><\/a><\/td>\n          <!--td><?php _e('Job','fagorarrasate'); ?> \n          <td>City<\/td>\n          <td>Province<\/td>\n          <!--<td>Date<\/td>-->\n        <\/tr>\n    <!-- \/ko -->\n  <\/tbody>\n<\/table>\n<\/section>\n\t<p><strong>\u00bfNo encuentras la oferta ideal para ti? \u00a1No te preocupes!<\/strong><\/p>\n\t<p>Si no ves una oferta que se ajuste a tu perfil, inscr\u00edbete en nuestra base de datos de candidatos. Nos encantar\u00eda conocerte y poder contar contigo para futuras oportunidades.<\/p>\n\t\t\t<a href=\"https:\/\/fagorarrasate.talentclue.com\/es\/node\/add\/cv\/job\/28862358\/company\/11740566\/12623479?clicked_button=apply_manually\" target=\"_blank\" rel=\"noopener\">\n\t\t\t\t\t\t\t\u00daNETE AL EQUIPO\n\t\t\t<\/a>\n\t<p><strong>EL EQUIPO DE PERSONAS<\/strong><\/p>\n\t<p>En Fagor Arrasate contar\u00e1s con el respaldo de un equipo comprometido, que te facilitar\u00e1 una incorporaci\u00f3n fluida y te apoyar\u00e1 en el desarrollo de tu carrera profesional.<\/p>\n\t\t\t\t<img decoding=\"async\" src=\"https:\/\/fagorarrasate.com\/wp-content\/uploads\/2025\/05\/5.png\" alt=\"Leire Aramburu\" itemprop=\"image\" height=\"600\" width=\"1000\" title=\"Leire Aramburu\" onerror=\"this.style.display='none'\" loading='lazy' \/>\n\t<strong>LEIRE ARAMBURU<\/strong><br \/>\n<strong>Gesti\u00f3n de personas &amp; atracci\u00f3n de talento<\/strong>\n\t\t\t\t<img decoding=\"async\" src=\"https:\/\/fagorarrasate.com\/wp-content\/uploads\/2025\/05\/4.png\" alt=\"Joana Altuna\" itemprop=\"image\" height=\"600\" width=\"1000\" title=\"Joana Altuna\" onerror=\"this.style.display='none'\" loading='lazy' \/>\n\t<strong>JOANA ALTUNA<\/strong><br \/>\n<strong>Gesti\u00f3n de personas &amp; atracci\u00f3n de talento\u00a0<\/strong>\n\n","protected":false},"excerpt":{"rendered":"<p>Ofertas de empleo Home \/ Talento \/ Ofertas de empleo \u00bfQUIERES TRABAJAR CON NOSOTROS\/AS? Explora nuestras oportunidades actuales y da el primer paso hacia un nuevo futuro con nosotros y nosotras. Pa\u00eds Oferta de empleo Ciudad Provincia Job offer Job \u00bfNo encuentras la oferta ideal para ti? \u00a1No te preocupes! Si no ves una oferta [&hellip;]<\/p>\n","protected":false},"author":1,"featured_media":556703584,"parent":556674166,"menu_order":0,"comment_status":"closed","ping_status":"closed","template":"template-builderra-edukian.php","meta":{"_acf_changed":false,"footnotes":""},"class_list":["post-556674178","page","type-page","status-publish","has-post-thumbnail","hentry"],"acf":[],"yoast_head":"<!-- This site is optimized with the Yoast SEO plugin v27.5 - https:\/\/yoast.com\/product\/yoast-seo-wordpress\/ -->\n<title>Ofertas de empleo - Fagor Arrasate<\/title>\n<meta name=\"description\" content=\"Si buscas empleo en una empresa innovadora e internacional que se preocupa por crear un entorno de colaboraci\u00f3n, Fagor Arrasate es tu sitio.\" \/>\n<meta name=\"robots\" content=\"index, follow, max-snippet:-1, max-image-preview:large, max-video-preview:-1\" \/>\n<link rel=\"canonical\" href=\"https:\/\/fagorarrasate.com\/es\/talento\/ofertas-de-empleo\/\" \/>\n<meta name=\"twitter:label1\" content=\"Tiempo de lectura\" \/>\n\t<meta name=\"twitter:data1\" content=\"1 minuto\" \/>\n<script type=\"application\/ld+json\" class=\"yoast-schema-graph\">{\"@context\":\"https:\\\/\\\/schema.org\",\"@graph\":[{\"@type\":\"WebPage\",\"@id\":\"https:\\\/\\\/fagorarrasate.com\\\/es\\\/talento\\\/ofertas-de-empleo\\\/\",\"url\":\"https:\\\/\\\/fagorarrasate.com\\\/es\\\/talento\\\/ofertas-de-empleo\\\/\",\"name\":\"Ofertas de empleo - Fagor Arrasate\",\"isPartOf\":{\"@id\":\"https:\\\/\\\/fagorarrasate.com\\\/es\\\/#website\"},\"primaryImageOfPage\":{\"@id\":\"https:\\\/\\\/fagorarrasate.com\\\/es\\\/talento\\\/ofertas-de-empleo\\\/#primaryimage\"},\"image\":{\"@id\":\"https:\\\/\\\/fagorarrasate.com\\\/es\\\/talento\\\/ofertas-de-empleo\\\/#primaryimage\"},\"thumbnailUrl\":\"https:\\\/\\\/fagorarrasate.com\\\/wp-content\\\/uploads\\\/2024\\\/10\\\/Diseno-sin-titulo-7.png\",\"datePublished\":\"2020-01-29T11:37:48+00:00\",\"dateModified\":\"2025-06-02T14:04:14+00:00\",\"description\":\"Si buscas empleo en una empresa innovadora e internacional que se preocupa por crear un entorno de colaboraci\u00f3n, Fagor Arrasate es tu sitio.\",\"breadcrumb\":{\"@id\":\"https:\\\/\\\/fagorarrasate.com\\\/es\\\/talento\\\/ofertas-de-empleo\\\/#breadcrumb\"},\"inLanguage\":\"es\",\"potentialAction\":[{\"@type\":\"ReadAction\",\"target\":[\"https:\\\/\\\/fagorarrasate.com\\\/es\\\/talento\\\/ofertas-de-empleo\\\/\"]}]},{\"@type\":\"ImageObject\",\"inLanguage\":\"es\",\"@id\":\"https:\\\/\\\/fagorarrasate.com\\\/es\\\/talento\\\/ofertas-de-empleo\\\/#primaryimage\",\"url\":\"https:\\\/\\\/fagorarrasate.com\\\/wp-content\\\/uploads\\\/2024\\\/10\\\/Diseno-sin-titulo-7.png\",\"contentUrl\":\"https:\\\/\\\/fagorarrasate.com\\\/wp-content\\\/uploads\\\/2024\\\/10\\\/Diseno-sin-titulo-7.png\",\"width\":3840,\"height\":1118},{\"@type\":\"BreadcrumbList\",\"@id\":\"https:\\\/\\\/fagorarrasate.com\\\/es\\\/talento\\\/ofertas-de-empleo\\\/#breadcrumb\",\"itemListElement\":[{\"@type\":\"ListItem\",\"position\":1,\"name\":\"Home\",\"item\":\"https:\\\/\\\/fagorarrasate.com\\\/es\\\/\"},{\"@type\":\"ListItem\",\"position\":2,\"name\":\"Talento\",\"item\":\"https:\\\/\\\/fagorarrasate.com\\\/es\\\/talento\\\/\"},{\"@type\":\"ListItem\",\"position\":3,\"name\":\"Ofertas de empleo\"}]},{\"@type\":\"WebSite\",\"@id\":\"https:\\\/\\\/fagorarrasate.com\\\/es\\\/#website\",\"url\":\"https:\\\/\\\/fagorarrasate.com\\\/es\\\/\",\"name\":\"Fagor Arrasate\",\"description\":\"Sharing Your Challenges\",\"publisher\":{\"@id\":\"https:\\\/\\\/fagorarrasate.com\\\/es\\\/#organization\"},\"potentialAction\":[{\"@type\":\"SearchAction\",\"target\":{\"@type\":\"EntryPoint\",\"urlTemplate\":\"https:\\\/\\\/fagorarrasate.com\\\/es\\\/?s={search_term_string}\"},\"query-input\":{\"@type\":\"PropertyValueSpecification\",\"valueRequired\":true,\"valueName\":\"search_term_string\"}}],\"inLanguage\":\"es\"},{\"@type\":\"Organization\",\"@id\":\"https:\\\/\\\/fagorarrasate.com\\\/es\\\/#organization\",\"name\":\"Fagor Arrasate\",\"url\":\"https:\\\/\\\/fagorarrasate.com\\\/es\\\/\",\"logo\":{\"@type\":\"ImageObject\",\"inLanguage\":\"es\",\"@id\":\"https:\\\/\\\/fagorarrasate.com\\\/es\\\/#\\\/schema\\\/logo\\\/image\\\/\",\"url\":\"https:\\\/\\\/fagorarrasate.com\\\/wp-content\\\/uploads\\\/2022\\\/01\\\/fagor-logo.png\",\"contentUrl\":\"https:\\\/\\\/fagorarrasate.com\\\/wp-content\\\/uploads\\\/2022\\\/01\\\/fagor-logo.png\",\"width\":164,\"height\":52,\"caption\":\"Fagor Arrasate\"},\"image\":{\"@id\":\"https:\\\/\\\/fagorarrasate.com\\\/es\\\/#\\\/schema\\\/logo\\\/image\\\/\"},\"sameAs\":[\"https:\\\/\\\/es.linkedin.com\\\/company\\\/fagor-arrasate-s--coop-\",\"https:\\\/\\\/www.youtube.com\\\/channel\\\/UCcIkM42cil4qiObWBRnotjA\"]}]}<\/script>\n<!-- \/ Yoast SEO plugin. -->","yoast_head_json":{"title":"Ofertas de empleo - Fagor Arrasate","description":"Si buscas empleo en una empresa innovadora e internacional que se preocupa por crear un entorno de colaboraci\u00f3n, Fagor Arrasate es tu sitio.","robots":{"index":"index","follow":"follow","max-snippet":"max-snippet:-1","max-image-preview":"max-image-preview:large","max-video-preview":"max-video-preview:-1"},"canonical":"https:\/\/fagorarrasate.com\/es\/talento\/ofertas-de-empleo\/","twitter_misc":{"Tiempo de lectura":"1 minuto"},"schema":{"@context":"https:\/\/schema.org","@graph":[{"@type":"WebPage","@id":"https:\/\/fagorarrasate.com\/es\/talento\/ofertas-de-empleo\/","url":"https:\/\/fagorarrasate.com\/es\/talento\/ofertas-de-empleo\/","name":"Ofertas de empleo - Fagor Arrasate","isPartOf":{"@id":"https:\/\/fagorarrasate.com\/es\/#website"},"primaryImageOfPage":{"@id":"https:\/\/fagorarrasate.com\/es\/talento\/ofertas-de-empleo\/#primaryimage"},"image":{"@id":"https:\/\/fagorarrasate.com\/es\/talento\/ofertas-de-empleo\/#primaryimage"},"thumbnailUrl":"https:\/\/fagorarrasate.com\/wp-content\/uploads\/2024\/10\/Diseno-sin-titulo-7.png","datePublished":"2020-01-29T11:37:48+00:00","dateModified":"2025-06-02T14:04:14+00:00","description":"Si buscas empleo en una empresa innovadora e internacional que se preocupa por crear un entorno de colaboraci\u00f3n, Fagor Arrasate es tu sitio.","breadcrumb":{"@id":"https:\/\/fagorarrasate.com\/es\/talento\/ofertas-de-empleo\/#breadcrumb"},"inLanguage":"es","potentialAction":[{"@type":"ReadAction","target":["https:\/\/fagorarrasate.com\/es\/talento\/ofertas-de-empleo\/"]}]},{"@type":"ImageObject","inLanguage":"es","@id":"https:\/\/fagorarrasate.com\/es\/talento\/ofertas-de-empleo\/#primaryimage","url":"https:\/\/fagorarrasate.com\/wp-content\/uploads\/2024\/10\/Diseno-sin-titulo-7.png","contentUrl":"https:\/\/fagorarrasate.com\/wp-content\/uploads\/2024\/10\/Diseno-sin-titulo-7.png","width":3840,"height":1118},{"@type":"BreadcrumbList","@id":"https:\/\/fagorarrasate.com\/es\/talento\/ofertas-de-empleo\/#breadcrumb","itemListElement":[{"@type":"ListItem","position":1,"name":"Home","item":"https:\/\/fagorarrasate.com\/es\/"},{"@type":"ListItem","position":2,"name":"Talento","item":"https:\/\/fagorarrasate.com\/es\/talento\/"},{"@type":"ListItem","position":3,"name":"Ofertas de empleo"}]},{"@type":"WebSite","@id":"https:\/\/fagorarrasate.com\/es\/#website","url":"https:\/\/fagorarrasate.com\/es\/","name":"Fagor Arrasate","description":"Sharing Your Challenges","publisher":{"@id":"https:\/\/fagorarrasate.com\/es\/#organization"},"potentialAction":[{"@type":"SearchAction","target":{"@type":"EntryPoint","urlTemplate":"https:\/\/fagorarrasate.com\/es\/?s={search_term_string}"},"query-input":{"@type":"PropertyValueSpecification","valueRequired":true,"valueName":"search_term_string"}}],"inLanguage":"es"},{"@type":"Organization","@id":"https:\/\/fagorarrasate.com\/es\/#organization","name":"Fagor Arrasate","url":"https:\/\/fagorarrasate.com\/es\/","logo":{"@type":"ImageObject","inLanguage":"es","@id":"https:\/\/fagorarrasate.com\/es\/#\/schema\/logo\/image\/","url":"https:\/\/fagorarrasate.com\/wp-content\/uploads\/2022\/01\/fagor-logo.png","contentUrl":"https:\/\/fagorarrasate.com\/wp-content\/uploads\/2022\/01\/fagor-logo.png","width":164,"height":52,"caption":"Fagor Arrasate"},"image":{"@id":"https:\/\/fagorarrasate.com\/es\/#\/schema\/logo\/image\/"},"sameAs":["https:\/\/es.linkedin.com\/company\/fagor-arrasate-s--coop-","https:\/\/www.youtube.com\/channel\/UCcIkM42cil4qiObWBRnotjA"]}]}},"_links":{"self":[{"href":"https:\/\/fagorarrasate.com\/es\/wp-json\/wp\/v2\/pages\/556674178","targetHints":{"allow":["GET"]}}],"collection":[{"href":"https:\/\/fagorarrasate.com\/es\/wp-json\/wp\/v2\/pages"}],"about":[{"href":"https:\/\/fagorarrasate.com\/es\/wp-json\/wp\/v2\/types\/page"}],"author":[{"embeddable":true,"href":"https:\/\/fagorarrasate.com\/es\/wp-json\/wp\/v2\/users\/1"}],"replies":[{"embeddable":true,"href":"https:\/\/fagorarrasate.com\/es\/wp-json\/wp\/v2\/comments?post=556674178"}],"version-history":[{"count":2,"href":"https:\/\/fagorarrasate.com\/es\/wp-json\/wp\/v2\/pages\/556674178\/revisions"}],"predecessor-version":[{"id":556708907,"href":"https:\/\/fagorarrasate.com\/es\/wp-json\/wp\/v2\/pages\/556674178\/revisions\/556708907"}],"up":[{"embeddable":true,"href":"https:\/\/fagorarrasate.com\/es\/wp-json\/wp\/v2\/pages\/556674166"}],"wp:featuredmedia":[{"embeddable":true,"href":"https:\/\/fagorarrasate.com\/es\/wp-json\/wp\/v2\/media\/556703584"}],"wp:attachment":[{"href":"https:\/\/fagorarrasate.com\/es\/wp-json\/wp\/v2\/media?parent=556674178"}],"curies":[{"name":"wp","href":"https:\/\/api.w.org\/{rel}","templated":true}]}}