{"id":556674301,"date":"2020-01-07T09:03:12","date_gmt":"2020-01-07T09:03:12","guid":{"rendered":"https:\/\/fagorarrasate.com\/privacy-policy\/"},"modified":"2021-01-18T11:45:35","modified_gmt":"2021-01-18T10:45:35","slug":"politica-de-privacidad","status":"publish","type":"page","link":"https:\/\/fagorarrasate.com\/es\/politica-de-privacidad\/","title":{"rendered":"Pol\u00edtica de privacidad"},"content":{"rendered":"<p>Este documento regula el tratamiento de los datos personales facilitados por las personas usuarias, visitantes e interesadas en los productos y servicios ofrecidos por FAGOR ARRASATE, S.COOP., de conformidad con lo dispuesto en el Reglamento General de Protecci\u00f3n de Datos 2016\/679, del Parlamento Europeo y del Consejo, de 27 abril de 2016.<\/p>\n<p>La presente Pol\u00edtica de Privacidad tiene por objeto dar a conocer el modo en que se recaban, tratan y protegen los datos de car\u00e1cter personal, a fin de que las personas cuyos datos personales se traten por FAGOR ARRASATE, S.COOP. determinen libre y voluntariamente si desean facilitar sus datos personales a trav\u00e9s de los formularios habilitados al efecto.<\/p>\n<p>Asimismo, la Pol\u00edtica de Privacidad regula el tratamiento de los datos personales facilitados en el pasado por la persona a trav\u00e9s de otras v\u00edas distintas al sitio web o los que puedas facilitar en el futuro con remisi\u00f3n a la presente Pol\u00edtica, siempre en la medida en que no contradiga lo expresamente aceptado en el momento de facilitar los datos, que ser\u00e1 respetado en todo caso.<\/p>\n<p>El acceso y uso de este sitio web implica la aceptaci\u00f3n en su totalidad por las personas visitantes quedando estas obligadas a cumplir los t\u00e9rminos y condiciones recogidos en la presente Pol\u00edtica de Privacidad, la cual podr\u00e1 modificarse en cumplimiento de normas sucesivas, de resoluciones jurisprudenciales o necesidades de negocio de FAGOR ARRASATE, S.COOP..<\/p>\n<p>En esta web se respetan y cuidan los datos personales de todas las personas usuarias. Como persona usuaria debes saber que tus derechos est\u00e1n garantizados.<\/p>\n<p>En cada uno de los servicios ofrecidos que se exponen en la web encontrar\u00e1 una cl\u00e1usula informativa espec\u00edfica relativa al tratamiento de los datos personales que se le solicitan para la ejecuci\u00f3n del servicio de que se trate.<\/p>\n<p><strong>IDENTIFICACI\u00d3N Y DATOS DEL RESPONSABLE DEL TRATAMIENTO<\/strong><\/p>\n<p>FAGOR ARRASATE, S.COOP. es un fabricante que dise\u00f1a, fabrica y provee Prensas y Sistemas de Estampaci\u00f3n, Soluciones para el Conformado de Metal y Composites, L\u00edneas de Corte y Procesado de Chapa, as\u00ed como Instalaciones completas para la Fabricaci\u00f3n de Piezas Met\u00e1licas complejas.<\/p>\n<p>Puede contactar con FAGOR ARRASATE, S.COOP., como responsable del tratamiento:<\/p>\n<ul>\n<li>De forma presencial o mediante correo postal: FAGOR ARRASATE, S.COOP. Barrio San Andr\u00e9s s\/n, Apdo. 18 20500 Arrasate-Mondrag\u00f3n (Gipuzkoa).<\/li>\n<li>Mediante correo electr\u00f3nico: <a href=\"mailto:fagorarrasate@fagorarrasate.com\">fagorarrasate@fagorarrasate.com<\/a><\/li>\n<li>Mediante tel\u00e9fono:\u00a0943 71 99 99<\/li>\n<li>NIF: F20020574<\/li>\n<li>Correo electr\u00f3nico del responsable del tratamiento:\u00a0<a href=\"mailto:fagorarrasate@fagorarrasate.com\">fagorarrasate@fagorarrasate.com<\/a><\/li>\n<li>Delegado de Protecci\u00f3n de Datos: <a href=\"mailto:%20fagorarrasate@fagorarrasate.com\">fagorarrasate@fagorarrasate.com<\/a><\/li>\n<\/ul>\n<p><strong>TRATAMIENTO DE LOS DATOS PERSONALES Y FINALIDADES DE USO<\/strong><\/p>\n<p>FAGOR ARRASATE, S.COOP. trata los datos personales recabados, para dar cumplimiento a las siguientes finalidades:<\/p>\n<ul>\n<li>Enviar comunicaciones comerciales<\/li>\n<li>Tramitar y atender las solicitudes de informaci\u00f3n y de las dudas o preguntas de los interesados, planteadas a trav\u00e9s de los espacios dispuestos en la web o a trav\u00e9s de otros canales de comunicaci\u00f3n<\/li>\n<li>Gestionar las estad\u00edsticas de p\u00e1ginas web a trav\u00e9s de Google Analytics<\/li>\n<li>Gestionar las invitaciones a eventos y ferias organizadas<\/li>\n<li>Gestionar la informaci\u00f3n de los clientes potenciales en la definici\u00f3n y planificaci\u00f3n de los proyectos<\/li>\n<li>Gestionar los cobros y pagos con clientes y proveedores<\/li>\n<li>Gestionar las necesidades de los clientes asociados al producto contratado<\/li>\n<li>Gestionar el libro de visitas de las personas externas que acceden al edificio<\/li>\n<li>Gestionar la seguridad f\u00edsica de los accesos a las instalaciones de FAGOR ARRASATE, S.COOP.<\/li>\n<li>Gestionar la informaci\u00f3n personal relativa a la convocatoria de puestos de trabajo vacantes<\/li>\n<li>Gestionar la informaci\u00f3n personal relativa a las personas miembros del consejo rector y a la gesti\u00f3n de su actuaci\u00f3n<\/li>\n<li>Gestionar la informaci\u00f3n personal relativa a las personas miembros del consejo social y a la gesti\u00f3n de su actuaci\u00f3n<\/li>\n<li>Gestionar y tramitar el ejercicio de derechos de los interesados<\/li>\n<\/ul>\n<p><strong>PROCEDENCIA DE LOS DATOS<\/strong><\/p>\n<p>Los datos personales recabados proceden directamente del propio interesado o titular de los datos o su representante legal o en quien autorice expresamente, as\u00ed como de las cesiones de datos reguladas con el GRUPO FAGOR ARRASATE.<\/p>\n<p><strong>EXACTITUD Y VERACIDAD DE LOS DATOS FACILITADOS<\/strong><\/p>\n<p>Las personas usuarias de los productos y servicios de FAGOR ARRASATE, S.COOP. garantizan y responden, en cualquier caso, de la exactitud, vigencia y autenticidad de los datos personales facilitados, y se comprometen a mantenerlos debidamente actualizados.<\/p>\n<p><strong>CONSERVACI\u00d3N<\/strong><\/p>\n<p>Los datos personales proporcionados se conservar\u00e1n mientras sean necesarios para atender a las finalidades para las que, en cada caso, hayan sido recabados al objeto de mantener la relaci\u00f3n o v\u00ednculo de la persona interesada con la organizaci\u00f3n y no se solicite su supresi\u00f3n por la persona interesada, siendo asimismo conservados conforme a los plazos legales de cumplimiento de obligaciones legales exigibles a FAGOR ARRASATE, S.COOP..<\/p>\n<p><strong>LEGITIMACI\u00d3N. T\u00cdTULO LEGAL HABILITANTE PARA EL USO DE LOS DATOS<\/strong><\/p>\n<p>La legitimaci\u00f3n para el tratamiento de los datos se efectuar\u00e1 en los t\u00e9rminos establecidos por el art\u00edculo 6 y el 9 del Reglamento General Europeo de Protecci\u00f3n de Datos, siendo informada la persona titular de los mismos del t\u00edtulo o t\u00edtulos de licitud que en cada prestaci\u00f3n de servicio se apliquen, y que podr\u00e1n ser el consentimiento, la ejecuci\u00f3n de una relaci\u00f3n jur\u00eddica en la que la persona sea parte, el cumplimiento de una obligaci\u00f3n legal o el inter\u00e9s leg\u00edtimo de FAGOR ARRASATE, S.COOP..<\/p>\n<p><strong>DESTINATARIOS, TRANSFERENCIAS Y CESIONES<\/strong><\/p>\n<p>Durante el tratamiento de los datos personales FAGOR ARRASATE, S.COOP. realizar\u00e1 cesi\u00f3n de datos de algunos tratamientos identificados en el Registro de actividades de tratamientos previa autorizaci\u00f3n a la persona a la que se solicitar\u00e1 en el caso en que sea necesario, inform\u00e1ndole de las consecuencias que de no hacerlo pueden suponer y, en concreto, la imposibilidad de prestar el producto y\/o servicio que se trate.<\/p>\n<p>La prestaci\u00f3n de los distintos productos y\/o servicios de FAGOR ARRASATE, S.COOP. puede requerir la utilizaci\u00f3n de comunicaciones a empresas de servicios inform\u00e1ticos que act\u00faan en calidad de encargados de tratamiento, sometidas a condiciones de confidencialidad y seguridad en los tratamientos de los datos, pudiendo estar ubicadas fuera de la Uni\u00f3n Europea al amparo del acuerdo Estados Unidos-Uni\u00f3n Europea Privacy Shield o Escudo de Privacidad. Informaci\u00f3n disponible en:\u00a0h<a href=\"https:\/\/www.privacyshield.gov\/\">ttps:\/\/www.privacyshield.gov\u00a0<\/a><\/p>\n<p><strong>MEDIDAS DE SEGURIDAD Y CONFIDENCIALIDAD<\/strong><\/p>\n<p>FAGOR ARRASATE, S.COOP. se compromete en el uso y tratamiento de los datos personales de las personas usuarias, respetando su confidencialidad y a utilizarlos de acuerdo con la finalidad del mismo, as\u00ed como a dar cumplimiento a su obligaci\u00f3n de guardarlos y adaptar todas las medidas para evitar la alteraci\u00f3n, p\u00e9rdida, tratamiento o acceso no autorizado, de conformidad con lo establecido en la normativa vigente de protecci\u00f3n de datos.<\/p>\n<p>La presente web incluye un certificado SSL. Se trata de un protocolo de seguridad que hace que los datos viajen de manera \u00edntegra y segura, es decir, la transmisi\u00f3n de los datos entre un servidor y usuario web, y en retroalimentaci\u00f3n, es totalmente cifrada o encriptada.<\/p>\n<p>FAGOR ARRASATE, S.COOP. no puede garantizar la absoluta inexpugnabilidad de la red Internet y por tanto la violaci\u00f3n de los datos mediante accesos fraudulentos a ellos por parte de terceros.<\/p>\n<p>Con respecto a la confidencialidad, los datos personales que se recaban a trav\u00e9s del Sitio Web o por medio de las distintas comunicaciones que se mantienen con las personas usuarias ser\u00e1n tratados con respeto, comprometi\u00e9ndonos a guardar secreto respecto de los mismos de acuerdo con lo establecido en la legislaci\u00f3n aplicable.<\/p>\n<p><strong>DERECHOS<\/strong><\/p>\n<p>FAGOR ARRASATE, S.COOP. facilita a las personas interesadas el ejercicio de los siguientes derechos vinculados al tratamiento de sus datos personales:<\/p>\n<ul>\n<li>Derecho a solicitar el acceso a sus datos personales.<\/li>\n<li>Derecho a solicitar su rectificaci\u00f3n o supresi\u00f3n.<\/li>\n<li>Derecho a solicitar la limitaci\u00f3n de su tratamiento.<\/li>\n<li>Derecho a oponerse al tratamiento.<\/li>\n<li>Derecho a la portabilidad de los datos.<\/li>\n<li>Derecho a retirar el consentimiento prestado.<\/li>\n<\/ul>\n<p>Cualquier persona tiene derecho a obtener confirmaci\u00f3n sobre si FAGOR ARRASATE, S.COOP. trata datos personales que le conciernan, pudiendo acceder las personas interesadas a sus datos personales, as\u00ed como a solicitar la rectificaci\u00f3n de los datos inexactos o, en su caso, solicitar su supresi\u00f3n cuando, entre otros motivos, los datos ya no sean necesarios para los fines que fueron recogidos.<\/p>\n<p>En determinadas circunstancias, las personas interesadas podr\u00e1n solicitar la limitaci\u00f3n del tratamiento de sus datos, en cuyo caso \u00fanicamente se conservar\u00e1n para el ejercicio o la defensa de reclamaciones. En determinadas circunstancias y por motivos relacionados con su situaci\u00f3n particular, las personas interesadas podr\u00e1n oponerse al tratamiento de sus datos. En este caso, FAGOR ARRASATE, S.COOP., dejar\u00e1 de tratar los datos, salvo por motivos leg\u00edtimos imperiosos, o el ejercicio o la defensa de posibles reclamaciones.<\/p>\n<p>Si ha otorgado su consentimiento para alguna finalidad concreta, la persona interesada tiene derecho a retirar el consentimiento otorgado en cualquier momento, sin que ello afecte a la licitud del tratamiento basado en el consentimiento previo a su retirada.<\/p>\n<p>Para ello podr\u00e1 emplear el mail habilitado\u00a0por FAGOR ARRASATE, S.COOP. (<a href=\"mailto:fagorarrasate@fagorarrasate.com\">fagorarrasate@fagorarrasate.com<\/a>) donde le ser\u00e1n atendidas sus solicitudes.<\/p>\n<p>En caso de que sienta no satisfechos sus derechos en lo concerniente a la protecci\u00f3n de sus datos personales puede presentar una reclamaci\u00f3n ante la Autoridad de Control en materia de Protecci\u00f3n de Datos competente a trav\u00e9s de su sitio web\u00a0<a href=\"http:\/\/www.agpd.es\/\">www.agpd.es<\/a>.<\/p>\n<p>En cumplimiento de lo prevenido en el art\u00edculo 21 de la Ley 34\/2002 de servicios de la sociedad de la informaci\u00f3n y comercio electr\u00f3nico, si usted no desea recibir m\u00e1s informaci\u00f3n sobre nuestros servicios, puede darse de baja en la siguiente direcci\u00f3n de correo electr\u00f3nico de FAGOR ARRASATE, S.COOP. (<a href=\"mailto:fagorarrasate@fagorarrasate.com\">fagorarrasate@fagorarrasate.com<\/a>), indicando en el asunto \u00abDAR DE BAJA LA SUSCRIPCI\u00d3N\u00bb.<\/p>\n<p><strong>ACTUALIZACI\u00d3N DE LA POLITICA DE SEGURIDAD<\/strong><\/p>\n<p>Es posible que se deba actualizar esta Pol\u00edtica de Privacidad; por ello se revisar\u00e1 esta pol\u00edtica peri\u00f3dicamente. La Pol\u00edtica de Privacidad se colocar\u00e1 al pie del Sitio Web. No obstante, comunicaremos cualquier modificaci\u00f3n de la presente pol\u00edtica de privacidad que afecte al tratamiento de los datos personales recabados por parte de FAGOR ARRASATE, S.COOP..<\/p>\n<p>La Pol\u00edtica de Privacidad se actualiz\u00f3 por \u00faltima vez a fecha 01 de enero de 2020.<\/p>\n","protected":false},"excerpt":{"rendered":"<p>Este documento regula el tratamiento de los datos personales facilitados por las personas usuarias, visitantes e interesadas en los productos y servicios ofrecidos por FAGOR ARRASATE, S.COOP., de conformidad con lo dispuesto en el Reglamento General de Protecci\u00f3n de Datos 2016\/679, del Parlamento Europeo y del Consejo, de 27 abril de 2016. La presente Pol\u00edtica [&hellip;]<\/p>\n","protected":false},"author":1,"featured_media":0,"parent":0,"menu_order":0,"comment_status":"closed","ping_status":"open","template":"template-simple.php","meta":{"_acf_changed":false,"footnotes":""},"class_list":["post-556674301","page","type-page","status-publish","hentry"],"acf":[],"yoast_head":"<!-- This site is optimized with the Yoast SEO plugin v25.1 - https:\/\/yoast.com\/wordpress\/plugins\/seo\/ -->\n<title>Pol\u00edtica de privacidad - Fagor Arrasate<\/title>\n<meta name=\"description\" content=\"El objetivo de esta Pol\u00edtica de Privacidad es explicar c\u00f3mo se recoger\u00e1n, procesar\u00e1n y proteger\u00e1n los datos personales en la web de Fagor Arrasate.\" \/>\n<meta name=\"robots\" content=\"noindex, nofollow\" \/>\n<meta name=\"twitter:label1\" content=\"Tiempo de lectura\" \/>\n\t<meta name=\"twitter:data1\" content=\"9 minutos\" \/>\n<script type=\"application\/ld+json\" class=\"yoast-schema-graph\">{\"@context\":\"https:\/\/schema.org\",\"@graph\":[{\"@type\":\"WebPage\",\"@id\":\"https:\/\/fagorarrasate.com\/es\/politica-de-privacidad\/\",\"url\":\"https:\/\/fagorarrasate.com\/es\/politica-de-privacidad\/\",\"name\":\"Pol\u00edtica de privacidad - Fagor Arrasate\",\"isPartOf\":{\"@id\":\"https:\/\/fagorarrasate.com\/es\/#website\"},\"datePublished\":\"2020-01-07T09:03:12+00:00\",\"dateModified\":\"2021-01-18T10:45:35+00:00\",\"description\":\"El objetivo de esta Pol\u00edtica de Privacidad es explicar c\u00f3mo se recoger\u00e1n, procesar\u00e1n y proteger\u00e1n los datos personales en la web de Fagor Arrasate.\",\"breadcrumb\":{\"@id\":\"https:\/\/fagorarrasate.com\/es\/politica-de-privacidad\/#breadcrumb\"},\"inLanguage\":\"es\",\"potentialAction\":[{\"@type\":\"ReadAction\",\"target\":[\"https:\/\/fagorarrasate.com\/es\/politica-de-privacidad\/\"]}]},{\"@type\":\"BreadcrumbList\",\"@id\":\"https:\/\/fagorarrasate.com\/es\/politica-de-privacidad\/#breadcrumb\",\"itemListElement\":[{\"@type\":\"ListItem\",\"position\":1,\"name\":\"Home\",\"item\":\"https:\/\/fagorarrasate.com\/es\/\"},{\"@type\":\"ListItem\",\"position\":2,\"name\":\"Pol\u00edtica de privacidad\"}]},{\"@type\":\"WebSite\",\"@id\":\"https:\/\/fagorarrasate.com\/es\/#website\",\"url\":\"https:\/\/fagorarrasate.com\/es\/\",\"name\":\"Fagor Arrasate\",\"description\":\"Sharing Your Challenges\",\"publisher\":{\"@id\":\"https:\/\/fagorarrasate.com\/es\/#organization\"},\"potentialAction\":[{\"@type\":\"SearchAction\",\"target\":{\"@type\":\"EntryPoint\",\"urlTemplate\":\"https:\/\/fagorarrasate.com\/es\/?s={search_term_string}\"},\"query-input\":{\"@type\":\"PropertyValueSpecification\",\"valueRequired\":true,\"valueName\":\"search_term_string\"}}],\"inLanguage\":\"es\"},{\"@type\":\"Organization\",\"@id\":\"https:\/\/fagorarrasate.com\/es\/#organization\",\"name\":\"Fagor Arrasate\",\"url\":\"https:\/\/fagorarrasate.com\/es\/\",\"logo\":{\"@type\":\"ImageObject\",\"inLanguage\":\"es\",\"@id\":\"https:\/\/fagorarrasate.com\/es\/#\/schema\/logo\/image\/\",\"url\":\"https:\/\/fagorarrasate.com\/wp-content\/uploads\/2022\/01\/fagor-logo.png\",\"contentUrl\":\"https:\/\/fagorarrasate.com\/wp-content\/uploads\/2022\/01\/fagor-logo.png\",\"width\":164,\"height\":52,\"caption\":\"Fagor Arrasate\"},\"image\":{\"@id\":\"https:\/\/fagorarrasate.com\/es\/#\/schema\/logo\/image\/\"},\"sameAs\":[\"https:\/\/es.linkedin.com\/company\/fagor-arrasate-s--coop-\",\"https:\/\/www.youtube.com\/channel\/UCcIkM42cil4qiObWBRnotjA\"]}]}<\/script>\n<!-- \/ Yoast SEO plugin. -->","yoast_head_json":{"title":"Pol\u00edtica de privacidad - Fagor Arrasate","description":"El objetivo de esta Pol\u00edtica de Privacidad es explicar c\u00f3mo se recoger\u00e1n, procesar\u00e1n y proteger\u00e1n los datos personales en la web de Fagor Arrasate.","robots":{"index":"noindex","follow":"nofollow"},"twitter_misc":{"Tiempo de lectura":"9 minutos"},"schema":{"@context":"https:\/\/schema.org","@graph":[{"@type":"WebPage","@id":"https:\/\/fagorarrasate.com\/es\/politica-de-privacidad\/","url":"https:\/\/fagorarrasate.com\/es\/politica-de-privacidad\/","name":"Pol\u00edtica de privacidad - Fagor Arrasate","isPartOf":{"@id":"https:\/\/fagorarrasate.com\/es\/#website"},"datePublished":"2020-01-07T09:03:12+00:00","dateModified":"2021-01-18T10:45:35+00:00","description":"El objetivo de esta Pol\u00edtica de Privacidad es explicar c\u00f3mo se recoger\u00e1n, procesar\u00e1n y proteger\u00e1n los datos personales en la web de Fagor Arrasate.","breadcrumb":{"@id":"https:\/\/fagorarrasate.com\/es\/politica-de-privacidad\/#breadcrumb"},"inLanguage":"es","potentialAction":[{"@type":"ReadAction","target":["https:\/\/fagorarrasate.com\/es\/politica-de-privacidad\/"]}]},{"@type":"BreadcrumbList","@id":"https:\/\/fagorarrasate.com\/es\/politica-de-privacidad\/#breadcrumb","itemListElement":[{"@type":"ListItem","position":1,"name":"Home","item":"https:\/\/fagorarrasate.com\/es\/"},{"@type":"ListItem","position":2,"name":"Pol\u00edtica de privacidad"}]},{"@type":"WebSite","@id":"https:\/\/fagorarrasate.com\/es\/#website","url":"https:\/\/fagorarrasate.com\/es\/","name":"Fagor Arrasate","description":"Sharing Your Challenges","publisher":{"@id":"https:\/\/fagorarrasate.com\/es\/#organization"},"potentialAction":[{"@type":"SearchAction","target":{"@type":"EntryPoint","urlTemplate":"https:\/\/fagorarrasate.com\/es\/?s={search_term_string}"},"query-input":{"@type":"PropertyValueSpecification","valueRequired":true,"valueName":"search_term_string"}}],"inLanguage":"es"},{"@type":"Organization","@id":"https:\/\/fagorarrasate.com\/es\/#organization","name":"Fagor Arrasate","url":"https:\/\/fagorarrasate.com\/es\/","logo":{"@type":"ImageObject","inLanguage":"es","@id":"https:\/\/fagorarrasate.com\/es\/#\/schema\/logo\/image\/","url":"https:\/\/fagorarrasate.com\/wp-content\/uploads\/2022\/01\/fagor-logo.png","contentUrl":"https:\/\/fagorarrasate.com\/wp-content\/uploads\/2022\/01\/fagor-logo.png","width":164,"height":52,"caption":"Fagor Arrasate"},"image":{"@id":"https:\/\/fagorarrasate.com\/es\/#\/schema\/logo\/image\/"},"sameAs":["https:\/\/es.linkedin.com\/company\/fagor-arrasate-s--coop-","https:\/\/www.youtube.com\/channel\/UCcIkM42cil4qiObWBRnotjA"]}]}},"_links":{"self":[{"href":"https:\/\/fagorarrasate.com\/es\/wp-json\/wp\/v2\/pages\/556674301","targetHints":{"allow":["GET"]}}],"collection":[{"href":"https:\/\/fagorarrasate.com\/es\/wp-json\/wp\/v2\/pages"}],"about":[{"href":"https:\/\/fagorarrasate.com\/es\/wp-json\/wp\/v2\/types\/page"}],"author":[{"embeddable":true,"href":"https:\/\/fagorarrasate.com\/es\/wp-json\/wp\/v2\/users\/1"}],"replies":[{"embeddable":true,"href":"https:\/\/fagorarrasate.com\/es\/wp-json\/wp\/v2\/comments?post=556674301"}],"version-history":[{"count":0,"href":"https:\/\/fagorarrasate.com\/es\/wp-json\/wp\/v2\/pages\/556674301\/revisions"}],"wp:attachment":[{"href":"https:\/\/fagorarrasate.com\/es\/wp-json\/wp\/v2\/media?parent=556674301"}],"curies":[{"name":"wp","href":"https:\/\/api.w.org\/{rel}","templated":true}]}}