{"id":556704668,"date":"2020-01-07T09:03:12","date_gmt":"2020-01-07T09:03:12","guid":{"rendered":"https:\/\/fagorarrasate.com\/privacy-policy\/"},"modified":"2025-02-10T10:08:30","modified_gmt":"2025-02-10T09:08:30","slug":"gizlilik-politikasi","status":"publish","type":"page","link":"https:\/\/fagorarrasate.com\/tr\/gizlilik-politikasi\/","title":{"rendered":"Gizlilik Politikasi"},"content":{"rendered":"<p>Bu belge, kullan\u0131c\u0131lar, ziyaret\u00e7iler ve FAGOR ARRASATE, S.COOP. taraf\u0131ndan sunulan hizmet ve \u00fcr\u00fcnlerle ilgilenenler taraf\u0131ndan sa\u011flanan ki\u015fisel verilerin, 27 Nisan 2016 tarihli Avrupa Parlamentosu ve Konseyi&#8217;nin 2016\/679 say\u0131l\u0131 Genel Veri Koruma Y\u00f6netmeli\u011fi h\u00fck\u00fcmlerine uygun olarak i\u015flenmesini y\u00f6netir.<\/p>\n<p>Bu Gizlilik Politikas\u0131n\u0131n amac\u0131, ki\u015fisel verilerin nas\u0131l toplanaca\u011f\u0131n\u0131, i\u015flenece\u011fini ve korunaca\u011f\u0131n\u0131 a\u00e7\u0131klamakt\u0131r, b\u00f6ylece ki\u015fisel verileri FAGOR ARRASATE, S.COOP. taraf\u0131ndan i\u015flenen ki\u015filer, ki\u015fisel verilerini bu ama\u00e7 \u0130\u00c7\u0130N tasarlanm\u0131\u015f formlar arac\u0131l\u0131\u011f\u0131yla sa\u011flamak isteyip istemediklerine \u00f6zg\u00fcrce ve g\u00f6n\u00fcll\u00fc olarak karar verebilirler.<\/p>\n<p>Ayn\u0131 \u015fekilde, Gizlilik Politikas\u0131, ki\u015fi taraf\u0131ndan ge\u00e7mi\u015fte web sitesinden farkl\u0131 yollarla sa\u011flanan ki\u015fisel verilerin veya gelecekte bu Gizlilik Politikas\u0131na at\u0131fta bulunularak sa\u011flanabilecek verilerin i\u015flenmesini, verilerin sa\u011fland\u0131\u011f\u0131 s\u0131rada a\u00e7\u0131k\u00e7a kabul edilen ve her ko\u015fulda sayg\u0131 duyulacak olanla \u00e7eli\u015fmemesi ko\u015fuluyla y\u00f6netir.<\/p>\n<p>Bu web sitesine eri\u015fim ve kullan\u0131m, i\u015fbu Gizlilik Politikas\u0131nda yer alan ve m\u00fcteakip mevzuat, i\u00e7tihat kararlar\u0131 veya FAGOR ARRASATE, S.COOP&#8217;un i\u015f ihtiya\u00e7lar\u0131na uygun olarak de\u011fi\u015ftirilebilecek h\u00fck\u00fcm ve ko\u015fullar\u0131 yerine getirmekle y\u00fck\u00fcml\u00fc olan ziyaret\u00e7iler taraf\u0131ndan tam olarak kabul edildi\u011fi anlam\u0131na gelir.<\/p>\n<p>Bu web sitesinde, t\u00fcm kullan\u0131c\u0131lar\u0131n ki\u015fisel verilerine sayg\u0131 duyulur ve korunur. Bir kullan\u0131c\u0131 olarak, haklar\u0131n\u0131z\u0131n garanti alt\u0131nda oldu\u011funu bilmelisiniz.<br \/>\nWeb sitesinde g\u00f6sterilen ve sunulan hizmetlerin her biri \u0130\u00c7\u0130N, s\u00f6z konusu hizmeti ger\u00e7ekle\u015ftirmek \u0130\u00c7\u0130N talep edilen ki\u015fisel verilerin i\u015flenmesine ili\u015fkin \u00f6zel bir bilgilendirme maddesi bulacaks\u0131n\u0131z.<\/p>\n<p><strong> VERI\u0307 SORUMLUSUNUN KI\u0307MLI\u0307\u011eI\u0307 VE DETAYLARI<\/strong><\/p>\n<p>FAGOR ARRASATE, S.COOP. Presler ve Damgalama Sistemleri, Metal ve Kompozitler, \u015eekillendirme \u00c7\u00f6z\u00fcmleri, Bobin Kesme ve Proses Hatlar\u0131n\u0131n yan\u0131 s\u0131ra Karma\u015f\u0131k Sac Metal Par\u00e7alar \u00fcretmek \u0130\u00c7\u0130N komple Kurulumlar tasarlayan, \u00fcreten ve tedarik eden bir \u00fcreticidir.<br \/>\nVeri Sorumlusu olarak FAGOR ARRASATE, S.COOP. ile ileti\u015fime ge\u00e7ebilirsiniz:<\/p>\n<ul>\n<li>\u015eahsen veya posta yoluyla: FAGOR ARRASATE, S.COOP. Barrio San Andr\u00e9s s\/n, Apdo. 18 20500 Arrasate-Mondrag\u00f3n (Gipuzkoa).<\/li>\n<li>E-posta ile: <a href=\"mailto:fagorarrasate@fagorarrasate.com\">fagorarrasate@fagorarrasate.com<\/a><\/li>\n<li>Telefon ile: +34 943 71 99 99<\/li>\n<li>Vergi Kimlik Numaras\u0131 (NIF): F20020574<\/li>\n<li>Veri Sorumlusunun e-posta adresi: <a href=\"mailto:fagorarrasate@fagorarrasate.com\">fagorarrasate@fagorarrasate.com<\/a><\/li>\n<li>Veri Koruma G\u00f6revlisi: <a href=\"mailto:fagorarrasate@fagorarrasate.com\">fagorarrasate@fagorarrasate.com<\/a><\/li>\n<\/ul>\n<p><strong>KI\u0307\u015eI\u0307SEL VERI\u0307LERI\u0307N I\u0307\u015eLENMESI\u0307 VE KULLANIM AMA\u00c7LARI<\/strong><\/p>\n<p>FAGOR ARRASATE, S.COOP. toplanan verileri a\u015fa\u011f\u0131daki ama\u00e7lar\u0131 yerine getirmek \u0130\u00c7\u0130N i\u015fler:<\/p>\n<ul>\n<li>Ticari ileti\u015fim g\u00f6nderme<\/li>\n<li>\u00c7evrimi\u00e7i veya di\u011fer ileti\u015fim kanallar\u0131 arac\u0131l\u0131\u011f\u0131yla g\u00f6nderilen bilgi taleplerini ve veri sahiplerinden gelen sorular\u0131 veya \u015f\u00fcpheleri Prosesk ve yan\u0131tlamak<\/li>\n<li>Google Analytics arac\u0131l\u0131\u011f\u0131yla web sayfas\u0131 istatistiklerini y\u00f6netme<\/li>\n<li>D\u00fczenlenen etkinlik ve fuarlara davetleri y\u00f6netmek<\/li>\n<li>Projelerin tan\u0131mlanmas\u0131 ve planlanmas\u0131nda potansiyel m\u00fc\u015fteriler hakk\u0131ndaki bilgileri y\u00f6netmek<\/li>\n<li>M\u00fc\u015fteriler ve sa\u011flay\u0131c\u0131lar ile \u00fccretleri ve \u00f6demeleri y\u00f6netin<\/li>\n<li>S\u00f6zle\u015fmeli \u00fcr\u00fcnle ili\u015fkili m\u00fc\u015fterilerin ihtiya\u00e7lar\u0131n\u0131 y\u00f6netmek<\/li>\n<li>Binaya eri\u015fim sa\u011flayan harici ki\u015filerin ziyaret defterini y\u00f6netmek<\/li>\n<li>FAGOR ARRASATE, S.COOP&#8217;un tesislerine eri\u015fimin fiziksel g\u00fcvenli\u011fini y\u00f6netmek.<\/li>\n<li>Bo\u015f pozisyonlar\u0131n ilan edilmesiyle ilgili ki\u015fisel bilgileri y\u00f6netmek<\/li>\n<li>Y\u00f6netim konseyi \u00fcyeleriyle ilgili ki\u015fisel bilgileri ve eylemlerinin y\u00f6netimini y\u00f6netmek<\/li>\n<li>Sosyal konsey \u00fcyeleri ile ilgili ki\u015fisel bilgileri ve eylemlerinin y\u00f6netimini y\u00f6netmek<\/li>\n<li>Veri sahiplerinin hak kullan\u0131m\u0131n\u0131 y\u00f6netmek ve Prosesk<\/li>\n<\/ul>\n<p><strong>VER\u0130 KAYNA\u011eI<\/strong><\/p>\n<p>Ki\u015fisel veriler do\u011frudan ilgili ki\u015fiden, veri sahibinden, yasal temsilciden veya a\u00e7\u0131k\u00e7a yetkilendirilmi\u015f ki\u015fiden ve ayr\u0131ca FAGOR ARRASATE GROUP taraf\u0131ndan d\u00fczenlenen veri aktar\u0131mlar\u0131ndan toplan\u0131r.<\/p>\n<p><strong>SA\u011eLANAN VER\u0130LER\u0130N DO\u011eRULU\u011eU VE GER\u00c7EKL\u0130\u011e\u0130<\/strong><\/p>\n<p>FAGOR ARRASATE, S.COOP. \u00fcr\u00fcn ve hizmetlerinin kullan\u0131c\u0131lar\u0131, her durumda, sa\u011flanan ki\u015fisel verilerin do\u011frulu\u011funu, ge\u00e7erlili\u011fini ve ger\u00e7ekli\u011fini garanti eder ve kefil olur ve s\u00f6z konusu verileri usul\u00fcne uygun olarak g\u00fcncel tutmay\u0131 taahh\u00fct eder.<\/p>\n<p><strong>SAKLAMA<\/strong><\/p>\n<p>Sa\u011flanan ki\u015fisel veriler, her durumda, veri sahibinin kurulu\u015fla olan ili\u015fkisini veya ba\u011flant\u0131s\u0131n\u0131 s\u00fcrd\u00fcrmek \u0130\u00c7\u0130N topland\u0131\u011f\u0131 ama\u00e7lar\u0131 yerine getirmek i\u00e7in gerekli oldu\u011fu s\u00fcrece ve veri sahibi verilerin silinmesini talep etmedi\u011fi s\u00fcrece saklanacakt\u0131r. Bu nedenle veriler, FAGOR ARRASATE, S.COOP. \u0130\u00c7\u0130N ge\u00e7erli olan yasal y\u00fck\u00fcml\u00fcl\u00fcklerin yerine getirilmesi \u0130\u00c7\u0130N yasal zaman dilimlerine uygun olarak saklanacakt\u0131r.<\/p>\n<p><strong>GEREK\u00c7E, VER\u0130 KULLANIMINA OLANAK SA\u011eLAYAN YASAL UNVAN<\/strong><\/p>\n<p>Veri Prosesnin gerek\u00e7esi, Avrupa Genel Veri Koruma Y\u00f6netmeli\u011fi&#8217;nin 6. ve 9. Maddelerinde belirlenen \u015fartlar alt\u0131nda, veri sahibinin her bir hizmet sunumunda ge\u00e7erli olan ve r\u0131za, ki\u015finin kat\u0131ld\u0131\u011f\u0131 bir yasal ili\u015fkinin y\u00fcr\u00fct\u00fclmesi, yasal bir y\u00fck\u00fcml\u00fcl\u00fc\u011f\u00fcn yerine getirilmesi veya FAGOR ARRASATE, S.COOP&#8217;un me\u015fru menfaati olabilecek yasal ba\u015fl\u0131k veya ba\u015fl\u0131klar hakk\u0131nda bilgilendirilmesi ile yap\u0131lacakt\u0131r.<\/p>\n<p><strong>ALICILAR, TRANSFERLER VE ATAMALAR<\/strong><\/p>\n<p>FAGOR ARRASATE, S.COOP. ki\u015fisel verilerin i\u015flenmesi s\u0131ras\u0131nda, Proses Faaliyetleri Sicilinde tan\u0131mlanan i\u015flenmi\u015f verilerin bir k\u0131sm\u0131n\u0131, gerekti\u011finde verilerin talep edilece\u011fi ki\u015fiden \u00f6nceden izin alarak, bunu yapmaman\u0131n sonu\u00e7lar\u0131 ve \u00f6zellikle s\u00f6z konusu \u00fcr\u00fcn ve\/veya hizmeti sa\u011flaman\u0131n imkans\u0131zl\u0131\u011f\u0131 konusunda kendisini bilgilendirerek aktaracakt\u0131r.<\/p>\n<p>FAGOR ARRASATE, S.COOP. taraf\u0131ndan sunulan farkl\u0131 \u00fcr\u00fcn ve\/veya hizmetlerin sa\u011flanmas\u0131, veri Prosesde gizlilik ve g\u00fcvenlik ko\u015fullar\u0131na tabi olarak veri i\u015fleyicisi olarak hareket eden BT hizmetleri \u015firketleriyle ileti\u015fimin kullan\u0131lmas\u0131n\u0131 gerektirebilir. Bu \u015firketler, Amerika Birle\u015fik Devletleri ile Avrupa Birli\u011fi aras\u0131ndaki Gizlilik Kalkan\u0131 anla\u015fmas\u0131n\u0131n korumas\u0131 alt\u0131nda Avrupa Birli\u011fi&#8217;nde bulunuyor olabilir. Bilgi \u015fu adreste mevcuttur: <a href=\"https:\/\/www.privacyshield.gov\/\" target=\"_blank\">https:\/\/www.privacyshield.gov<\/a><\/p>\n<p><strong>G\u00dcVENLI\u0307K VE GI\u0307ZLI\u0307LI\u0307K \u00d6NLEMLERI\u0307<\/strong><\/p>\n<p>FAGOR ARRASATE, S.COOP. kullan\u0131c\u0131lar\u0131n ki\u015fisel verilerini gizlili\u011fine sayg\u0131 g\u00f6stererek kullanmay\u0131 ve Prosesyi ve s\u00f6z konusu verileri amac\u0131na uygun olarak kullanmay\u0131, ayr\u0131ca verileri saklama y\u00fck\u00fcml\u00fcl\u00fc\u011f\u00fcn\u00fc yerine getirmeyi ve mevcut veri koruma d\u00fczenlemelerinin h\u00fck\u00fcmlerine uygun olarak de\u011fi\u015ftirilmesini, kaybolmas\u0131n\u0131 ve yetkisiz i\u015flenmesini veya eri\u015filmesini \u00f6nlemek \u0130\u00c7\u0130N t\u00fcm \u00f6nlemleri almay\u0131 taahh\u00fct eder.<br \/>\nBu web sitesi bir SSL sertifikas\u0131 i\u00e7ermektedir. Bu, verilerin g\u00fcvenli bir \u015fekilde seyahat etmesini ve b\u00fct\u00fcn\u00fcyle, yani bir sunucu ile bir web sitesi kullan\u0131c\u0131s\u0131 aras\u0131ndaki veri aktar\u0131m\u0131n\u0131n ve bunun tersinin tamamen \u015fifrelenmesini sa\u011flayan bir g\u00fcvenlik protokol\u00fcd\u00fcr.<\/p>\n<p>FAGOR ARRASATE, S.COOP. internet a\u011f\u0131n\u0131n mutlak zaptedilemezli\u011fini garanti edemez ve bu nedenle ki\u015fisel verilerin \u00fc\u00e7\u00fcnc\u00fc \u015fah\u0131slar taraf\u0131ndan hileli eri\u015fim yoluyla ihlal eD\u0130LMEsi m\u00fcmk\u00fcnd\u00fcr.<\/p>\n<p>Gizlilik a\u00e7\u0131s\u0131ndan, Web Sitesi arac\u0131l\u0131\u011f\u0131yla veya kullan\u0131c\u0131larla s\u00fcrd\u00fcr\u00fclen farkl\u0131 ileti\u015fimler yoluyla toplanan ki\u015fisel veriler sayg\u0131yla i\u015flenecek ve FAGOR ARRASATE, S.COOP. y\u00fcr\u00fcrl\u00fckteki mevzuat h\u00fck\u00fcmlerine uygun olarak gizli tutmay\u0131 taahh\u00fct eder.<\/p>\n<p><strong>HAKLAR<\/strong><\/p>\n<p>FAGOR ARRASATE, S.COOP. veri sahiplerinin ki\u015fisel verilerinin i\u015flenmesiyle ilgili a\u015fa\u011f\u0131daki haklar\u0131 kullanabilmelerini sa\u011flar:<\/p>\n<ul>\n<li>Ki\u015fisel verilerine eri\u015fim talep etme hakk\u0131<\/li>\n<li>D\u00fczeltilmesini veya silinmesini talep etme hakk\u0131<\/li>\n<li>Prosesnin s\u0131n\u0131rland\u0131r\u0131lmas\u0131n\u0131 talep etme hakk\u0131<\/li>\n<li>Prosesye kar\u015f\u0131 \u00e7\u0131kma hakk\u0131<\/li>\n<li>Verilerin ta\u015f\u0131nabilir bir kopyas\u0131n\u0131 alma hakk\u0131<\/li>\n<li>Verilen onay\u0131 geri \u00e7ekme hakk\u0131<\/li>\n<\/ul>\n<p>T\u00fcm ki\u015filer, FAGOR ARRASATE, S.COOP.&#8217;un ki\u015fisel verilerini i\u015fleyip Prosesdi\u011fine dair onay alma, ki\u015fisel verilerine eri\u015fme ve yanl\u0131\u015f verilerin d\u00fczeltilmesini talep etme veya uygun oldu\u011fu durumlarda, di\u011fer nedenlerin yan\u0131 s\u0131ra, verilerin toplanma ama\u00e7lar\u0131 i\u00e7in art\u0131k gerekli olmad\u0131\u011f\u0131 durumlarda silinmesini talep etme hakk\u0131na sahiptir.<\/p>\n<p>Belirli durumlarda, veri sahipleri verilerinin i\u015flenmesinin s\u0131n\u0131rland\u0131r\u0131lmas\u0131n\u0131 talep edebilir, bu durumda veriler yaln\u0131zca taleplerin yerine getirilmesi veya savunulmas\u0131 i\u00e7in saklanacakt\u0131r. Belirli ko\u015fullar alt\u0131nda ve bireysel durumlar\u0131yla ilgili nedenlerle, veri sahipleri verilerinin i\u015flenmesine itiraz edebilir. Bu durumda, FAGOR ARRASATE, S.COOP. zorlay\u0131c\u0131 me\u015fru gerek\u00e7eler veya olas\u0131 taleplerin uygulanmas\u0131 veya savunulmas\u0131 d\u0131\u015f\u0131nda verileri Prosesyi durduracakt\u0131r.<\/p>\n<p>Belirli bir ama\u00e7 i\u00e7in onay verilmi\u015fse, veri sahibi, GER\u0130 \u00e7ekilmeden \u00f6nce bu onaya dayal\u0131 Prosesnin yasall\u0131\u011f\u0131n\u0131 etkilemeksizin, onay\u0131n\u0131 herhangi bir anda GER\u0130 \u00e7ekme hakk\u0131na sahiptir.<\/p>\n<p>Bunu yapmak \u0130\u00c7\u0130N, veri sahibi FAGOR ARRASATE, S.COOP taraf\u0131ndan sa\u011flanan formlar\u0131 kullanabilir. (fagorarrasate@fagorarrasate.com) taraf\u0131ndan sa\u011flanan ve taleplerinin ele al\u0131naca\u011f\u0131 formlar\u0131 kullanabilir.<\/p>\n<p>Veri sahibi, ki\u015fisel verilerin korunmas\u0131 a\u00e7\u0131s\u0131ndan haklar\u0131n\u0131n yerine getirilmedi\u011fini d\u00fc\u015f\u00fcn\u00fcyorsa, <a href=\"https:\/\/www.aepd.es\/\" target=\"_blank\">www.agpd.es<\/a> web sitesi arac\u0131l\u0131\u011f\u0131yla yetkili Veri Koruma Denetleme Kurumu nezdinde bir talepte bulunabilir.<\/p>\n<p>34\/2002 say\u0131l\u0131 Bilgi Toplumu Hizmetleri ve Elektronik Ticaret Yasas\u0131&#8217;n\u0131n 21. maddesi h\u00fck\u00fcmleri uyar\u0131nca, hizmetlerimiz hakk\u0131nda daha fazla bilgi almak istemiyorsan\u0131z, FAGOR ARRASATE, S.COOP. adresine a\u015fa\u011f\u0131daki e-posta adresinden (fagorarrasate@fagorarrasate.com), e-posta konusu &#8220;UNSUBSCRIBE&#8221; olacak \u015fekilde yazarak aboneli\u011finizi iptal edebilirsiniz.<\/p>\n<p><strong>GI\u0307ZLI\u0307LI\u0307K POLI\u0307TI\u0307KASININ G\u00dcNCELLENMESI\u0307<\/strong><\/p>\n<p>Bu Gizlilik Politikas\u0131n\u0131n g\u00fcncellenmesi gerekebilir; bu nedenle d\u00fczenli olarak revize edilecektir. Gizlilik Politikas\u0131 Web Sitesinin alt k\u0131sm\u0131nda yer alacakt\u0131r. Ancak, FAGOR ARRASATE, S.COOP. taraf\u0131ndan toplanan ki\u015fisel verilerin i\u015flenmesini etkileyen bu gizlilik politikas\u0131ndaki t\u00fcm de\u011fi\u015fiklikleri bildirece\u011fiz.<\/p>\n<p>Gizlilik Politikas\u0131 en son 01\/01\/2020 tarihinde g\u00fcncellenmi\u015ftir.<\/p>\n","protected":false},"excerpt":{"rendered":"<p>Bu belge, kullan\u0131c\u0131lar, ziyaret\u00e7iler ve FAGOR ARRASATE, S.COOP. taraf\u0131ndan sunulan hizmet ve \u00fcr\u00fcnlerle ilgilenenler taraf\u0131ndan sa\u011flanan ki\u015fisel verilerin, 27 Nisan 2016 tarihli Avrupa Parlamentosu ve Konseyi&#8217;nin 2016\/679 say\u0131l\u0131 Genel Veri Koruma Y\u00f6netmeli\u011fi h\u00fck\u00fcmlerine uygun olarak i\u015flenmesini y\u00f6netir. Bu Gizlilik Politikas\u0131n\u0131n amac\u0131, ki\u015fisel verilerin nas\u0131l toplanaca\u011f\u0131n\u0131, i\u015flenece\u011fini ve korunaca\u011f\u0131n\u0131 a\u00e7\u0131klamakt\u0131r, b\u00f6ylece ki\u015fisel verileri FAGOR ARRASATE, S.COOP. [&hellip;]<\/p>\n","protected":false},"author":1,"featured_media":0,"parent":0,"menu_order":0,"comment_status":"closed","ping_status":"open","template":"template-simple.php","meta":{"_acf_changed":false,"footnotes":""},"class_list":["post-556704668","page","type-page","status-publish","hentry"],"acf":[],"yoast_head":"<!-- This site is optimized with the Yoast SEO plugin v25.1 - https:\/\/yoast.com\/wordpress\/plugins\/seo\/ -->\n<title>Gizlilik Politikasi - Fagor Arrasate<\/title>\n<meta name=\"description\" content=\"The objective of this Privacy Policy is to explain how personal data will be collected, processed and protected by Fagor Arrasate.\" \/>\n<meta name=\"robots\" content=\"noindex, nofollow\" \/>\n<meta name=\"twitter:label1\" content=\"Tahmini okuma s\u00fcresi\" \/>\n\t<meta name=\"twitter:data1\" content=\"5 dakika\" \/>\n<script type=\"application\/ld+json\" class=\"yoast-schema-graph\">{\"@context\":\"https:\/\/schema.org\",\"@graph\":[{\"@type\":\"WebPage\",\"@id\":\"https:\/\/fagorarrasate.com\/tr\/gizlilik-politikasi\/\",\"url\":\"https:\/\/fagorarrasate.com\/tr\/gizlilik-politikasi\/\",\"name\":\"Gizlilik Politikasi - Fagor Arrasate\",\"isPartOf\":{\"@id\":\"https:\/\/fagorarrasate.com\/tr\/#website\"},\"datePublished\":\"2020-01-07T09:03:12+00:00\",\"dateModified\":\"2025-02-10T09:08:30+00:00\",\"description\":\"The objective of this Privacy Policy is to explain how personal data will be collected, processed and protected by Fagor Arrasate.\",\"breadcrumb\":{\"@id\":\"https:\/\/fagorarrasate.com\/tr\/gizlilik-politikasi\/#breadcrumb\"},\"inLanguage\":\"tr\",\"potentialAction\":[{\"@type\":\"ReadAction\",\"target\":[\"https:\/\/fagorarrasate.com\/tr\/gizlilik-politikasi\/\"]}]},{\"@type\":\"BreadcrumbList\",\"@id\":\"https:\/\/fagorarrasate.com\/tr\/gizlilik-politikasi\/#breadcrumb\",\"itemListElement\":[{\"@type\":\"ListItem\",\"position\":1,\"name\":\"Anasayfa\",\"item\":\"https:\/\/fagorarrasate.com\/tr\/\"},{\"@type\":\"ListItem\",\"position\":2,\"name\":\"Gizlilik Politikasi\"}]},{\"@type\":\"WebSite\",\"@id\":\"https:\/\/fagorarrasate.com\/tr\/#website\",\"url\":\"https:\/\/fagorarrasate.com\/tr\/\",\"name\":\"Fagor Arrasate\",\"description\":\"Sharing Your Challenges\",\"publisher\":{\"@id\":\"https:\/\/fagorarrasate.com\/tr\/#organization\"},\"potentialAction\":[{\"@type\":\"SearchAction\",\"target\":{\"@type\":\"EntryPoint\",\"urlTemplate\":\"https:\/\/fagorarrasate.com\/tr\/?s={search_term_string}\"},\"query-input\":{\"@type\":\"PropertyValueSpecification\",\"valueRequired\":true,\"valueName\":\"search_term_string\"}}],\"inLanguage\":\"tr\"},{\"@type\":\"Organization\",\"@id\":\"https:\/\/fagorarrasate.com\/tr\/#organization\",\"name\":\"Fagor Arrasate\",\"url\":\"https:\/\/fagorarrasate.com\/tr\/\",\"logo\":{\"@type\":\"ImageObject\",\"inLanguage\":\"tr\",\"@id\":\"https:\/\/fagorarrasate.com\/tr\/#\/schema\/logo\/image\/\",\"url\":\"https:\/\/fagorarrasate.com\/wp-content\/uploads\/2022\/01\/fagor-logo.png\",\"contentUrl\":\"https:\/\/fagorarrasate.com\/wp-content\/uploads\/2022\/01\/fagor-logo.png\",\"width\":164,\"height\":52,\"caption\":\"Fagor Arrasate\"},\"image\":{\"@id\":\"https:\/\/fagorarrasate.com\/tr\/#\/schema\/logo\/image\/\"},\"sameAs\":[\"https:\/\/es.linkedin.com\/company\/fagor-arrasate-s--coop-\",\"https:\/\/www.youtube.com\/channel\/UCcIkM42cil4qiObWBRnotjA\"]}]}<\/script>\n<!-- \/ Yoast SEO plugin. -->","yoast_head_json":{"title":"Gizlilik Politikasi - Fagor Arrasate","description":"The objective of this Privacy Policy is to explain how personal data will be collected, processed and protected by Fagor Arrasate.","robots":{"index":"noindex","follow":"nofollow"},"twitter_misc":{"Tahmini okuma s\u00fcresi":"5 dakika"},"schema":{"@context":"https:\/\/schema.org","@graph":[{"@type":"WebPage","@id":"https:\/\/fagorarrasate.com\/tr\/gizlilik-politikasi\/","url":"https:\/\/fagorarrasate.com\/tr\/gizlilik-politikasi\/","name":"Gizlilik Politikasi - Fagor Arrasate","isPartOf":{"@id":"https:\/\/fagorarrasate.com\/tr\/#website"},"datePublished":"2020-01-07T09:03:12+00:00","dateModified":"2025-02-10T09:08:30+00:00","description":"The objective of this Privacy Policy is to explain how personal data will be collected, processed and protected by Fagor Arrasate.","breadcrumb":{"@id":"https:\/\/fagorarrasate.com\/tr\/gizlilik-politikasi\/#breadcrumb"},"inLanguage":"tr","potentialAction":[{"@type":"ReadAction","target":["https:\/\/fagorarrasate.com\/tr\/gizlilik-politikasi\/"]}]},{"@type":"BreadcrumbList","@id":"https:\/\/fagorarrasate.com\/tr\/gizlilik-politikasi\/#breadcrumb","itemListElement":[{"@type":"ListItem","position":1,"name":"Anasayfa","item":"https:\/\/fagorarrasate.com\/tr\/"},{"@type":"ListItem","position":2,"name":"Gizlilik Politikasi"}]},{"@type":"WebSite","@id":"https:\/\/fagorarrasate.com\/tr\/#website","url":"https:\/\/fagorarrasate.com\/tr\/","name":"Fagor Arrasate","description":"Sharing Your Challenges","publisher":{"@id":"https:\/\/fagorarrasate.com\/tr\/#organization"},"potentialAction":[{"@type":"SearchAction","target":{"@type":"EntryPoint","urlTemplate":"https:\/\/fagorarrasate.com\/tr\/?s={search_term_string}"},"query-input":{"@type":"PropertyValueSpecification","valueRequired":true,"valueName":"search_term_string"}}],"inLanguage":"tr"},{"@type":"Organization","@id":"https:\/\/fagorarrasate.com\/tr\/#organization","name":"Fagor Arrasate","url":"https:\/\/fagorarrasate.com\/tr\/","logo":{"@type":"ImageObject","inLanguage":"tr","@id":"https:\/\/fagorarrasate.com\/tr\/#\/schema\/logo\/image\/","url":"https:\/\/fagorarrasate.com\/wp-content\/uploads\/2022\/01\/fagor-logo.png","contentUrl":"https:\/\/fagorarrasate.com\/wp-content\/uploads\/2022\/01\/fagor-logo.png","width":164,"height":52,"caption":"Fagor Arrasate"},"image":{"@id":"https:\/\/fagorarrasate.com\/tr\/#\/schema\/logo\/image\/"},"sameAs":["https:\/\/es.linkedin.com\/company\/fagor-arrasate-s--coop-","https:\/\/www.youtube.com\/channel\/UCcIkM42cil4qiObWBRnotjA"]}]}},"_links":{"self":[{"href":"https:\/\/fagorarrasate.com\/tr\/wp-json\/wp\/v2\/pages\/556704668","targetHints":{"allow":["GET"]}}],"collection":[{"href":"https:\/\/fagorarrasate.com\/tr\/wp-json\/wp\/v2\/pages"}],"about":[{"href":"https:\/\/fagorarrasate.com\/tr\/wp-json\/wp\/v2\/types\/page"}],"author":[{"embeddable":true,"href":"https:\/\/fagorarrasate.com\/tr\/wp-json\/wp\/v2\/users\/1"}],"replies":[{"embeddable":true,"href":"https:\/\/fagorarrasate.com\/tr\/wp-json\/wp\/v2\/comments?post=556704668"}],"version-history":[{"count":0,"href":"https:\/\/fagorarrasate.com\/tr\/wp-json\/wp\/v2\/pages\/556704668\/revisions"}],"wp:attachment":[{"href":"https:\/\/fagorarrasate.com\/tr\/wp-json\/wp\/v2\/media?parent=556704668"}],"curies":[{"name":"wp","href":"https:\/\/api.w.org\/{rel}","templated":true}]}}