{"id":556704669,"date":"2020-04-21T12:01:47","date_gmt":"2020-04-21T10:01:47","guid":{"rendered":"https:\/\/fagorarrasate.com\/terms-of-use\/"},"modified":"2025-02-10T10:08:36","modified_gmt":"2025-02-10T09:08:36","slug":"kullanim-kosullari","status":"publish","type":"page","link":"https:\/\/fagorarrasate.com\/tr\/kullanim-kosullari\/","title":{"rendered":"Kullanim ko\u015fullari"},"content":{"rendered":"<p><strong>LSSIYCE YASAL BI\u0307LGI\u0307LER<\/strong><\/p>\n<p>FAGOR ARRASATE, S.COOP. 34\/2002 say\u0131l\u0131 Bilgi Toplumu ve Elektronik Ticaret Hizmetleri Kanunu&#8217;nda (bundan b\u00f6yle LSSIYCE olarak an\u0131lacakt\u0131r) \u00f6ng\u00f6r\u00fclen y\u00fck\u00fcml\u00fcl\u00fckler uyar\u0131nca, fagorarrasate.com alan ad\u0131n\u0131n F20020574 \u0130spanyol vergi numaras\u0131na ve Barrio San Andr\u00e9s s\/n, Apdo adresinde kay\u0131tl\u0131 bir adrese sahip olan FAGOR ARRASATE, S.COOP. 18, 20500 Arrasate-Mondrag\u00f3n (Gipuzkoa), \u0130spanya adresinde bulunmaktad\u0131r.<br \/>\nAyr\u0131ca FAGOR ARRASATE, S.COOP. \u015firketinin Bask B\u00f6lgesi Kooperatifler Siciline, Kooperatif Dernekleri Kay\u0131t Defterinde, Sayfa: GUI-154, Giri\u015f: 154, Numara: 52\/86.<\/p>\n<p><strong>HI\u0307ZMET SA\u011eLAYICININ HAK VE Y\u00dcK\u00dcML\u00dcL\u00dcKLERI\u0307<\/strong><\/p>\n<p>Hizmet sa\u011flay\u0131c\u0131 olarak FAGOR ARRASATE, S. COOP. bu WEB S\u0130TES\u0130 taraf\u0131ndan sunulan hizmetleri sa\u011flarken, kullan\u0131c\u0131 ile olan her t\u00fcrl\u00fc ileti\u015fimin gizlili\u011fini etkin bir \u015fekilde garanti etmek ve ortaya \u00e7\u0131kabilecek her t\u00fcrl\u00fc \u015fikayete yan\u0131t vermekle y\u00fck\u00fcml\u00fcd\u00fcr. Bu web sitesi, kullan\u0131c\u0131 g\u00f6n\u00fcll\u00fc olarak vermedi\u011fi s\u00fcrece ziyaret\u00e7ilerinin ki\u015fisel bilgilerini toplamaz veya saklamaz.<\/p>\n<p>FAGOR ARRASATE, S. COOP. herhangi bir zamanda ve \u00f6nceden bildirime gerek olmaks\u0131z\u0131n, WEB S\u0130TES\u0130NDE yer alan bilgileri veya yap\u0131land\u0131rmas\u0131n\u0131n veya sunumunun herhangi bir y\u00f6n\u00fcn\u00fc de\u011fi\u015ftirme veya g\u00fcncelleme hakk\u0131n\u0131 sakl\u0131 tutar, ancak ko\u015fullar elverdi\u011finde bunu kullan\u0131c\u0131lara bildirmeye \u00e7al\u0131\u015facakt\u0131r.<\/p>\n<p>Hem WEB S\u0130TES\u0130NDE eri\u015fim hem de burada yer alan bilgilerin kullan\u0131m\u0131, bu t\u00fcr eylemleri ger\u00e7ekle\u015ftiren ki\u015finin m\u00fcnhas\u0131r sorumlulu\u011fundad\u0131r. FAGOR ARRASATE, S. COOP. yetkilerinin s\u0131k\u0131 bir \u015fekilde uygulanmas\u0131nda tabi olmas\u0131 gereken yasal h\u00fck\u00fcmlerin uygulanmas\u0131ndan kaynaklanan eylemler hari\u00e7 olmak \u00fczere, bu eri\u015fim veya bilgi kullan\u0131m\u0131ndan kaynaklanabilecek herhangi bir sonu\u00e7 veya zarardan sorumlu olmayacakt\u0131r.<\/p>\n<p>FAGOR ARRASATE, S. COOP. y\u00fcr\u00fcrl\u00fckteki yasalar uyar\u0131nca verilmesi gereken veya bu \u015firket ile kullan\u0131c\u0131 aras\u0131ndaki bir anla\u015fmada a\u00e7\u0131k\u00e7a belirtilen garantiler d\u0131\u015f\u0131nda, sunulan bilgi veya hizmetleri do\u011frudan veya dolayl\u0131 olarak garanti etmez.<\/p>\n<p>FAGOR ARRASATE S, S. COOP. \u00fc\u00e7\u00fcnc\u00fc taraflarca sa\u011flanan i\u00e7eri\u011fi garanti etmedi\u011fi gibi, kullan\u0131c\u0131lara veya ba\u015fka herhangi bir ki\u015fiye y\u00f6nelik olarak sa\u011flanan bilgilerin do\u011frulu\u011funu, g\u00fcvenilirli\u011fini, kesinli\u011fini, uygunlu\u011funu veya uygunlu\u011funu da garanti etmez.<\/p>\n<p>FAGOR ARRASATE, S.COOP. internet sayfalar\u0131 di\u011fer \u00fc\u00e7\u00fcnc\u00fc taraf sayfalar\u0131na ba\u011flant\u0131lar i\u00e7erebilir. Bu nedenle, \u00fc\u00e7\u00fcnc\u00fc taraf sayfalar\u0131nda g\u00f6r\u00fcnebilecek i\u00e7erik i\u00e7in sorumluluk kabul edemez. Bu WEB S\u0130TES\u0130NDE yer alan metinler, resimler, sesler, animasyonlar, yaz\u0131l\u0131mlar ve di\u011fer i\u00e7erikler FAGOR ARRASATE, S.COOP. veya lisans verenlerinin m\u00fcnhas\u0131r m\u00fclkiyetindedir. Herhangi bir iletim, da\u011f\u0131t\u0131m, devir, \u00e7o\u011faltma, depolama veya tamamen veya k\u0131smen kamuya a\u00e7\u0131k ileti\u015fim eylemi FAGOR ARRASATE, S. COOP&#8217;un a\u00e7\u0131k iznine sahip olmal\u0131d\u0131r.<\/p>\n<p><strong>KULLANICI HAKLARI VE Y\u00dcK\u00dcML\u00dcL\u00dcKLERI\u0307<\/strong><\/p>\n<p>Kullan\u0131c\u0131lar, FAGOR ARRASATE, S. COOP&#8217;un fikri m\u00fclkiyet haklar\u0131na sayg\u0131 g\u00f6stererek, bu WEB S\u0130TES\u0130N\u0130N hizmetlerini her zaman y\u00fcr\u00fcrl\u00fckteki mevzuata uygun olarak kullanmal\u0131d\u0131r.<\/p>\n<p>Kullan\u0131c\u0131, FAGOR ARRASATE, S. COOP. taraf\u0131ndan sunulan hizmetler arac\u0131l\u0131\u011f\u0131yla i\u00e7eri\u011fe zarar verebilecek veya i\u00e7eri\u011fini de\u011fi\u015ftirebilecek herhangi bir eylemde bulunamaz veya WEB S\u0130TES\u0130N\u0130N do\u011fru \u00e7al\u0131\u015fmas\u0131n\u0131 engelleyemez, herhangi bir teknik soruna neden olamaz, bilgisayar vir\u00fcs\u00fc ta\u015f\u0131yabilecek veya zarar verebilecek unsurlar\u0131 aktaramaz, bu WEB S\u0130TES\u0130N\u0130N tamam\u0131na veya bir k\u0131sm\u0131na m\u00fcdahale edemez veya m\u00fcdahale edemez, di\u011fer kullan\u0131c\u0131lar taraf\u0131ndan g\u00f6nderilen veya di\u011fer kullan\u0131c\u0131lara y\u00f6nelik e-postalara m\u00fcdahale edemez veya bunlar\u0131 de\u011fi\u015ftiremez.<\/p>\n<p><strong>WEB SI\u0307TESI\u0307NI\u0307N VE HI\u0307ZMETLERI\u0307NI\u0307N I\u0307\u015eLEYI\u0307\u015eI\u0307NE I\u0307LI\u0307\u015eKI\u0307N GARANTI\u0307 VE SORUMLULU\u011eUN DI\u015eLANMASI<\/strong><\/p>\n<p>1.- FAGOR ARRASATE, S. COOP. bu WEB S\u0130TES\u0130N\u0130N ve hizmetlerinin kullan\u0131labilirli\u011fini ve \u00e7al\u0131\u015fmas\u0131n\u0131n s\u00fcreklili\u011fini garanti etmez.<\/p>\n<p>Bu nedenle, web sitesinin ve hizmetlerinin kullan\u0131labilir olmamas\u0131 veya \u00e7al\u0131\u015fmas\u0131n\u0131n s\u00fcreklili\u011finin olmamas\u0131ndan kaynaklanabilecek her t\u00fcrl\u00fc zarar i\u00e7in herhangi bir sorumluluk kabul edilmez.<\/p>\n<p>Her durumda, FAGOR ARRASATE, S. COOP. bu WEB S\u0130TES\u0130N\u0130N s\u00fcrekli kullan\u0131labilirli\u011fini korumak i\u00e7in elinden gelen \u00e7abay\u0131 g\u00f6sterecektir.<\/p>\n<p>2.- FAGOR ARRASATE, S. COOP. kullan\u0131c\u0131lar\u0131n \u00fc\u00e7\u00fcnc\u00fc \u015fah\u0131slar taraf\u0131ndan hacklenmesini engelleyen ki\u015fisel veri gizlilik sistemlerine eri\u015fmesine izin verir. (<a href=\"https:\/\/fagorarrasate.com\/tr\/gizlilik-politikasi\/\">FAGOR ARRASATE, S. COOP. Gizlilik Politikas\u0131<\/a>) FAGOR ARRASATE, S. COOP. kullan\u0131c\u0131 taraf\u0131ndan sa\u011flanan ki\u015fisel verilerin b\u00fct\u00fcnl\u00fc\u011f\u00fcn\u00fc, gizlili\u011fini ve kullan\u0131labilirli\u011fini garanti etmek i\u00e7in gerekli t\u00fcm teknik ve organizasyonel g\u00fcvenlik \u00f6nlemlerini uygulam\u0131\u015ft\u0131r.<br \/>\nBu ama\u00e7la, s\u00f6z konusu \u015firket, bu verilerin if\u015fa edilmesi durumunda ortaya \u00e7\u0131kan zararlara ili\u015fkin her t\u00fcrl\u00fc sorumluluktan muaf tutulacakt\u0131r.<\/p>\n<p>3.- FAGOR ARRASATE, S. COOP. bu alanda g\u00fcvenli\u011fi garanti etmek i\u00e7in t\u00fcm uygun \u00f6nlemleri alm\u0131\u015f olsa da, bu web sitesinin i\u00e7eri\u011finde kullan\u0131c\u0131n\u0131n bilgisayar sisteminde (yaz\u0131l\u0131m ve donan\u0131m) veya bilgisayar sisteminde depolanan elektronik belge ve dosyalarda de\u011fi\u015fikliklere neden olabilecek vir\u00fcs veya di\u011fer unsurlar\u0131n bulunmad\u0131\u011f\u0131n\u0131 kontrol etmez veya garanti etmez.<\/p>\n<p>FAGOR ARRASATE, S. COOP. i\u00e7erikte bilgisayar sisteminde, elektronik belgelerde, dosyalarda vb. de\u011fi\u015fikliklere neden olabilecek bir vir\u00fcs\u00fcn varl\u0131\u011f\u0131ndan kaynaklanabilecek her t\u00fcrl\u00fc zarardan sorumlu de\u011fildir.<\/p>\n<p>4.- FAGOR ARRASATE, S. COOP. WEB S\u0130TES\u0130NE eri\u015fimde veya i\u00e7eri\u011finde hata olmayaca\u011f\u0131n\u0131 garanti etmez. Bu nedenle, kullan\u0131c\u0131 FAGOR ARRASATE, S. COOP. \u015firketini WEB S\u0130TES\u0130N\u0130N g\u00fcvenilirli\u011fi ve kullan\u0131\u015fl\u0131l\u0131\u011f\u0131 ile ilgili her t\u00fcrl\u00fc sorumluluktan veya WEB S\u0130TES\u0130NE g\u00f6z atmaktan kaynaklanabilecek her t\u00fcrl\u00fc yanl\u0131\u015f beklentiden muaf tutar.<\/p>\n<p><strong>SINAI\u0307 VE FI\u0307KRI\u0307 M\u00dcLKI\u0307YET<\/strong><\/p>\n<p>Bu WEB S\u0130TES\u0130 FAGOR ARRASATE, S.COOP&#8217;un m\u00fclkiyetindedir. Bu WEB S\u0130TES\u0130, sayfalar\u0131, ekranlar\u0131, i\u00e7erdikleri Bilgiler, g\u00f6r\u00fcn\u00fcmleri ve tasar\u0131mlar\u0131 ve ayr\u0131ca FAGOR ARRASATE, S.COOP. taraf\u0131ndan desteklenen veya kontrol edilen herhangi bir \u015firketin di\u011fer web sayfalar\u0131na kurulan ba\u011flant\u0131lar (&#8220;k\u00f6pr\u00fcler&#8221;) ile ilgili Fikri M\u00fclkiyet haklar\u0131 ve kullan\u0131m ve \u00e7o\u011faltma haklar\u0131, aksi a\u00e7\u0131k\u00e7a belirtilmedik\u00e7e, m\u00fcnhas\u0131ran FAGOR ARRASATE, S.COOP.&#8217;un m\u00fclkiyetindedir.<\/p>\n<p>Bu WEB S\u0130TES\u0130NDE sunulan ve g\u00f6r\u00fcnt\u00fclenen herhangi bir isim, tasar\u0131m ve\/veya logonun yan\u0131 s\u0131ra herhangi bir \u00fcr\u00fcn veya hizmet, FAGOR ARRASATE, S.COOP. taraf\u0131ndan, i\u015ftirakleri ve\/veya hakim \u015firketleri taraf\u0131ndan veya \u00fc\u00e7\u00fcnc\u00fc taraflarca usul\u00fcne uygun olarak tescil edilmi\u015f markalard\u0131r.<\/p>\n<p>Bunlar\u0131n me\u015fru sahibi d\u0131\u015f\u0131ndaki ki\u015filer taraf\u0131ndan a\u00e7\u0131k ve kesin r\u0131zas\u0131 olmaks\u0131z\u0131n uygunsuz kullan\u0131m\u0131, \u0130spanya ve\/veya Avrupa Toplulu\u011fu hukuk S\u0130STEM\u0130nde mevcut olan t\u00fcm yasal yollarla bildirilebilir ve kovu\u015fturulabilir.<\/p>\n<p>\u00dc\u00e7\u00fcnc\u00fc taraflar\u0131n fikri m\u00fclkiyet haklar\u0131 ve ticari markalar\u0131 uygun \u015fekilde vurgulanm\u0131\u015ft\u0131r ve bu sayfaya eri\u015fen herkes taraf\u0131ndan sayg\u0131 g\u00f6sterilmelidir ve FAGOR ARRASATE, S.COOP. kullan\u0131c\u0131n\u0131n bunlar\u0131 kullanmas\u0131ndan sorumlu de\u011fildir, sorumluluk yaln\u0131zca o ki\u015fiye aittir.<\/p>\n<p>Bu WEB S\u0130TES\u0130 ve i\u00e7eri\u011fi sadece ki\u015fisel kullan\u0131m i\u00e7in kopyalanabilir, yazd\u0131r\u0131labilir veya indirilebilir. FAGOR ARRASATE, S.COOP&#8217;un \u00f6nceden yaz\u0131l\u0131 izni olmaks\u0131z\u0131n bu web sitesindeki herhangi bir bilginin veya i\u00e7eri\u011fin \u00e7o\u011falt\u0131lmas\u0131, yay\u0131nlanmas\u0131, de\u011fi\u015ftirilmesi veya silinmesi yasakt\u0131r.<\/p>\n<p>FAGOR ARRASATE, S.COOP. yaz\u0131l\u0131m\u0131n\u0131n m\u00fclkiyetini kullan\u0131c\u0131lara devretmez. Kullan\u0131c\u0131, yaz\u0131l\u0131m\u0131n kaydedildi\u011fi medyan\u0131n sahibidir. FAGOR ARRASATE, S.COOP. yaz\u0131l\u0131m da dahil olmak \u00fczere ilgili t\u00fcm s\u0131nai ve fikri m\u00fclkiyet haklar\u0131na sahiptir. Kullan\u0131c\u0131 bu WEB S\u0130TES\u0130N\u0130N yaz\u0131l\u0131m\u0131n\u0131 kendi terminaline aktar\u0131rsa, \u00e7al\u0131\u015fmak i\u00e7in tersine m\u00fchendislik yapmamal\u0131, kaynak koda d\u00f6n\u00fc\u015ft\u00fcrmemeli veya orijinal nesne kodunu veya dilini ba\u015fka bir koda veya dile \u00e7evirmemelidir.<\/p>\n<p><strong>UYGULANABI\u0307LI\u0307R HUKUK VE YARGI YETKI\u0307SI\u0307<\/strong><\/p>\n<p>Bu Genel Kullan\u0131m ve Tarama Ko\u015fullar\u0131 ile kullan\u0131c\u0131 ve FAGOR ARRASATE, S. COOP. aras\u0131ndaki her t\u00fcrl\u00fc ili\u015fki \u0130spanyol mevzuat\u0131na tabi olacakt\u0131r. Bu Genel Ko\u015fullar\u0131n varl\u0131\u011f\u0131ndan veya i\u00e7eri\u011finden veya kullan\u0131c\u0131 ile FAGOR ARRASATE, S. COOP. aras\u0131ndaki ili\u015fkilerden kaynaklanan herhangi bir dava \u0130\u00c7\u0130N, her iki taraf da, aksi takdirde sahip olabilecekleri di\u011fer yarg\u0131 yetkilerinden a\u00e7\u0131k\u00e7a feragat ederek, Bergara (Gipuzkoa), \u0130spanya Mahkemelerinin ve Mahkemelerinin yarg\u0131 yetkisine ve m\u00fcnhas\u0131r yetkisine tabi olacakt\u0131r.<\/p>\n","protected":false},"excerpt":{"rendered":"<p>LSSIYCE YASAL BI\u0307LGI\u0307LER FAGOR ARRASATE, S.COOP. 34\/2002 say\u0131l\u0131 Bilgi Toplumu ve Elektronik Ticaret Hizmetleri Kanunu&#8217;nda (bundan b\u00f6yle LSSIYCE olarak an\u0131lacakt\u0131r) \u00f6ng\u00f6r\u00fclen y\u00fck\u00fcml\u00fcl\u00fckler uyar\u0131nca, fagorarrasate.com alan ad\u0131n\u0131n F20020574 \u0130spanyol vergi numaras\u0131na ve Barrio San Andr\u00e9s s\/n, Apdo adresinde kay\u0131tl\u0131 bir adrese sahip olan FAGOR ARRASATE, S.COOP. 18, 20500 Arrasate-Mondrag\u00f3n (Gipuzkoa), \u0130spanya adresinde bulunmaktad\u0131r. Ayr\u0131ca FAGOR ARRASATE, [&hellip;]<\/p>\n","protected":false},"author":1,"featured_media":0,"parent":0,"menu_order":0,"comment_status":"closed","ping_status":"closed","template":"template-simple.php","meta":{"_acf_changed":false,"footnotes":""},"class_list":["post-556704669","page","type-page","status-publish","hentry"],"acf":[],"yoast_head":"<!-- This site is optimized with the Yoast SEO plugin v25.1 - https:\/\/yoast.com\/wordpress\/plugins\/seo\/ -->\n<title>Kullanim ko\u015fullari - Fagor Arrasate<\/title>\n<meta name=\"description\" content=\"By accessing and using Fagor Arrasate\u00b4s website, you agree to the following terms of use.\" \/>\n<meta name=\"robots\" content=\"noindex, nofollow\" \/>\n<meta name=\"twitter:label1\" content=\"Tahmini okuma s\u00fcresi\" \/>\n\t<meta name=\"twitter:data1\" content=\"5 dakika\" \/>\n<script type=\"application\/ld+json\" class=\"yoast-schema-graph\">{\"@context\":\"https:\/\/schema.org\",\"@graph\":[{\"@type\":\"WebPage\",\"@id\":\"https:\/\/fagorarrasate.com\/tr\/kullanim-kosullari\/\",\"url\":\"https:\/\/fagorarrasate.com\/tr\/kullanim-kosullari\/\",\"name\":\"Kullanim ko\u015fullari - Fagor Arrasate\",\"isPartOf\":{\"@id\":\"https:\/\/fagorarrasate.com\/tr\/#website\"},\"datePublished\":\"2020-04-21T10:01:47+00:00\",\"dateModified\":\"2025-02-10T09:08:36+00:00\",\"description\":\"By accessing and using Fagor Arrasate\u00b4s website, you agree to the following terms of use.\",\"breadcrumb\":{\"@id\":\"https:\/\/fagorarrasate.com\/tr\/kullanim-kosullari\/#breadcrumb\"},\"inLanguage\":\"tr\",\"potentialAction\":[{\"@type\":\"ReadAction\",\"target\":[\"https:\/\/fagorarrasate.com\/tr\/kullanim-kosullari\/\"]}]},{\"@type\":\"BreadcrumbList\",\"@id\":\"https:\/\/fagorarrasate.com\/tr\/kullanim-kosullari\/#breadcrumb\",\"itemListElement\":[{\"@type\":\"ListItem\",\"position\":1,\"name\":\"Anasayfa\",\"item\":\"https:\/\/fagorarrasate.com\/tr\/\"},{\"@type\":\"ListItem\",\"position\":2,\"name\":\"Kullanim ko\u015fullari\"}]},{\"@type\":\"WebSite\",\"@id\":\"https:\/\/fagorarrasate.com\/tr\/#website\",\"url\":\"https:\/\/fagorarrasate.com\/tr\/\",\"name\":\"Fagor Arrasate\",\"description\":\"Sharing Your Challenges\",\"publisher\":{\"@id\":\"https:\/\/fagorarrasate.com\/tr\/#organization\"},\"potentialAction\":[{\"@type\":\"SearchAction\",\"target\":{\"@type\":\"EntryPoint\",\"urlTemplate\":\"https:\/\/fagorarrasate.com\/tr\/?s={search_term_string}\"},\"query-input\":{\"@type\":\"PropertyValueSpecification\",\"valueRequired\":true,\"valueName\":\"search_term_string\"}}],\"inLanguage\":\"tr\"},{\"@type\":\"Organization\",\"@id\":\"https:\/\/fagorarrasate.com\/tr\/#organization\",\"name\":\"Fagor Arrasate\",\"url\":\"https:\/\/fagorarrasate.com\/tr\/\",\"logo\":{\"@type\":\"ImageObject\",\"inLanguage\":\"tr\",\"@id\":\"https:\/\/fagorarrasate.com\/tr\/#\/schema\/logo\/image\/\",\"url\":\"https:\/\/fagorarrasate.com\/wp-content\/uploads\/2022\/01\/fagor-logo.png\",\"contentUrl\":\"https:\/\/fagorarrasate.com\/wp-content\/uploads\/2022\/01\/fagor-logo.png\",\"width\":164,\"height\":52,\"caption\":\"Fagor Arrasate\"},\"image\":{\"@id\":\"https:\/\/fagorarrasate.com\/tr\/#\/schema\/logo\/image\/\"},\"sameAs\":[\"https:\/\/es.linkedin.com\/company\/fagor-arrasate-s--coop-\",\"https:\/\/www.youtube.com\/channel\/UCcIkM42cil4qiObWBRnotjA\"]}]}<\/script>\n<!-- \/ Yoast SEO plugin. -->","yoast_head_json":{"title":"Kullanim ko\u015fullari - Fagor Arrasate","description":"By accessing and using Fagor Arrasate\u00b4s website, you agree to the following terms of use.","robots":{"index":"noindex","follow":"nofollow"},"twitter_misc":{"Tahmini okuma s\u00fcresi":"5 dakika"},"schema":{"@context":"https:\/\/schema.org","@graph":[{"@type":"WebPage","@id":"https:\/\/fagorarrasate.com\/tr\/kullanim-kosullari\/","url":"https:\/\/fagorarrasate.com\/tr\/kullanim-kosullari\/","name":"Kullanim ko\u015fullari - Fagor Arrasate","isPartOf":{"@id":"https:\/\/fagorarrasate.com\/tr\/#website"},"datePublished":"2020-04-21T10:01:47+00:00","dateModified":"2025-02-10T09:08:36+00:00","description":"By accessing and using Fagor Arrasate\u00b4s website, you agree to the following terms of use.","breadcrumb":{"@id":"https:\/\/fagorarrasate.com\/tr\/kullanim-kosullari\/#breadcrumb"},"inLanguage":"tr","potentialAction":[{"@type":"ReadAction","target":["https:\/\/fagorarrasate.com\/tr\/kullanim-kosullari\/"]}]},{"@type":"BreadcrumbList","@id":"https:\/\/fagorarrasate.com\/tr\/kullanim-kosullari\/#breadcrumb","itemListElement":[{"@type":"ListItem","position":1,"name":"Anasayfa","item":"https:\/\/fagorarrasate.com\/tr\/"},{"@type":"ListItem","position":2,"name":"Kullanim ko\u015fullari"}]},{"@type":"WebSite","@id":"https:\/\/fagorarrasate.com\/tr\/#website","url":"https:\/\/fagorarrasate.com\/tr\/","name":"Fagor Arrasate","description":"Sharing Your Challenges","publisher":{"@id":"https:\/\/fagorarrasate.com\/tr\/#organization"},"potentialAction":[{"@type":"SearchAction","target":{"@type":"EntryPoint","urlTemplate":"https:\/\/fagorarrasate.com\/tr\/?s={search_term_string}"},"query-input":{"@type":"PropertyValueSpecification","valueRequired":true,"valueName":"search_term_string"}}],"inLanguage":"tr"},{"@type":"Organization","@id":"https:\/\/fagorarrasate.com\/tr\/#organization","name":"Fagor Arrasate","url":"https:\/\/fagorarrasate.com\/tr\/","logo":{"@type":"ImageObject","inLanguage":"tr","@id":"https:\/\/fagorarrasate.com\/tr\/#\/schema\/logo\/image\/","url":"https:\/\/fagorarrasate.com\/wp-content\/uploads\/2022\/01\/fagor-logo.png","contentUrl":"https:\/\/fagorarrasate.com\/wp-content\/uploads\/2022\/01\/fagor-logo.png","width":164,"height":52,"caption":"Fagor Arrasate"},"image":{"@id":"https:\/\/fagorarrasate.com\/tr\/#\/schema\/logo\/image\/"},"sameAs":["https:\/\/es.linkedin.com\/company\/fagor-arrasate-s--coop-","https:\/\/www.youtube.com\/channel\/UCcIkM42cil4qiObWBRnotjA"]}]}},"_links":{"self":[{"href":"https:\/\/fagorarrasate.com\/tr\/wp-json\/wp\/v2\/pages\/556704669","targetHints":{"allow":["GET"]}}],"collection":[{"href":"https:\/\/fagorarrasate.com\/tr\/wp-json\/wp\/v2\/pages"}],"about":[{"href":"https:\/\/fagorarrasate.com\/tr\/wp-json\/wp\/v2\/types\/page"}],"author":[{"embeddable":true,"href":"https:\/\/fagorarrasate.com\/tr\/wp-json\/wp\/v2\/users\/1"}],"replies":[{"embeddable":true,"href":"https:\/\/fagorarrasate.com\/tr\/wp-json\/wp\/v2\/comments?post=556704669"}],"version-history":[{"count":0,"href":"https:\/\/fagorarrasate.com\/tr\/wp-json\/wp\/v2\/pages\/556704669\/revisions"}],"wp:attachment":[{"href":"https:\/\/fagorarrasate.com\/tr\/wp-json\/wp\/v2\/media?parent=556704669"}],"curies":[{"name":"wp","href":"https:\/\/api.w.org\/{rel}","templated":true}]}}