{"id":556706823,"date":"2025-02-10T10:08:51","date_gmt":"2025-02-10T09:08:51","guid":{"rendered":"https:\/\/fagorarrasate.com\/hakkimizda\/our-values\/"},"modified":"2025-02-10T10:08:51","modified_gmt":"2025-02-10T09:08:51","slug":"degerlerimiz","status":"publish","type":"page","link":"https:\/\/fagorarrasate.com\/tr\/hakkimizda\/degerlerimiz\/","title":{"rendered":"DE\u011eERLER\u0130M\u0130Z"},"content":{"rendered":"","protected":false},"excerpt":{"rendered":"","protected":false},"author":1,"featured_media":556706825,"parent":556706635,"menu_order":3,"comment_status":"closed","ping_status":"closed","template":"template-about-orokorra.php","meta":{"_acf_changed":false,"footnotes":""},"class_list":["post-556706823","page","type-page","status-publish","has-post-thumbnail","hentry"],"acf":[],"yoast_head":"<!-- This site is optimized with the Yoast SEO plugin v25.1 - https:\/\/yoast.com\/wordpress\/plugins\/seo\/ -->\n<title>DE\u011eERLER\u0130M\u0130Z - Fagor Arrasate<\/title>\n<meta name=\"robots\" content=\"index, follow, max-snippet:-1, max-image-preview:large, max-video-preview:-1\" \/>\n<link rel=\"canonical\" href=\"https:\/\/fagorarrasate.com\/tr\/hakkimizda\/degerlerimiz\/\" \/>\n<meta name=\"twitter:label1\" content=\"Tahmini okuma s\u00fcresi\" \/>\n\t<meta name=\"twitter:data1\" content=\"1 dakika\" \/>\n<script type=\"application\/ld+json\" class=\"yoast-schema-graph\">{\"@context\":\"https:\/\/schema.org\",\"@graph\":[{\"@type\":\"WebPage\",\"@id\":\"https:\/\/fagorarrasate.com\/tr\/hakkimizda\/degerlerimiz\/\",\"url\":\"https:\/\/fagorarrasate.com\/tr\/hakkimizda\/degerlerimiz\/\",\"name\":\"DE\u011eERLER\u0130M\u0130Z - Fagor Arrasate\",\"isPartOf\":{\"@id\":\"https:\/\/fagorarrasate.com\/tr\/#website\"},\"primaryImageOfPage\":{\"@id\":\"https:\/\/fagorarrasate.com\/tr\/hakkimizda\/degerlerimiz\/#primaryimage\"},\"image\":{\"@id\":\"https:\/\/fagorarrasate.com\/tr\/hakkimizda\/degerlerimiz\/#primaryimage\"},\"thumbnailUrl\":\"https:\/\/fagorarrasate.com\/wp-content\/uploads\/2020\/04\/FAGOR-ARRASATE-Nuestros-valores.jpg\",\"datePublished\":\"2025-02-10T09:08:51+00:00\",\"breadcrumb\":{\"@id\":\"https:\/\/fagorarrasate.com\/tr\/hakkimizda\/degerlerimiz\/#breadcrumb\"},\"inLanguage\":\"tr\",\"potentialAction\":[{\"@type\":\"ReadAction\",\"target\":[\"https:\/\/fagorarrasate.com\/tr\/hakkimizda\/degerlerimiz\/\"]}]},{\"@type\":\"ImageObject\",\"inLanguage\":\"tr\",\"@id\":\"https:\/\/fagorarrasate.com\/tr\/hakkimizda\/degerlerimiz\/#primaryimage\",\"url\":\"https:\/\/fagorarrasate.com\/wp-content\/uploads\/2020\/04\/FAGOR-ARRASATE-Nuestros-valores.jpg\",\"contentUrl\":\"https:\/\/fagorarrasate.com\/wp-content\/uploads\/2020\/04\/FAGOR-ARRASATE-Nuestros-valores.jpg\",\"width\":1918,\"height\":565},{\"@type\":\"BreadcrumbList\",\"@id\":\"https:\/\/fagorarrasate.com\/tr\/hakkimizda\/degerlerimiz\/#breadcrumb\",\"itemListElement\":[{\"@type\":\"ListItem\",\"position\":1,\"name\":\"Anasayfa\",\"item\":\"https:\/\/fagorarrasate.com\/tr\/\"},{\"@type\":\"ListItem\",\"position\":2,\"name\":\"Hakkimizda\",\"item\":\"https:\/\/fagorarrasate.com\/tr\/hakkimizda\/\"},{\"@type\":\"ListItem\",\"position\":3,\"name\":\"DE\u011eERLER\u0130M\u0130Z\"}]},{\"@type\":\"WebSite\",\"@id\":\"https:\/\/fagorarrasate.com\/tr\/#website\",\"url\":\"https:\/\/fagorarrasate.com\/tr\/\",\"name\":\"Fagor Arrasate\",\"description\":\"Sharing Your Challenges\",\"publisher\":{\"@id\":\"https:\/\/fagorarrasate.com\/tr\/#organization\"},\"potentialAction\":[{\"@type\":\"SearchAction\",\"target\":{\"@type\":\"EntryPoint\",\"urlTemplate\":\"https:\/\/fagorarrasate.com\/tr\/?s={search_term_string}\"},\"query-input\":{\"@type\":\"PropertyValueSpecification\",\"valueRequired\":true,\"valueName\":\"search_term_string\"}}],\"inLanguage\":\"tr\"},{\"@type\":\"Organization\",\"@id\":\"https:\/\/fagorarrasate.com\/tr\/#organization\",\"name\":\"Fagor Arrasate\",\"url\":\"https:\/\/fagorarrasate.com\/tr\/\",\"logo\":{\"@type\":\"ImageObject\",\"inLanguage\":\"tr\",\"@id\":\"https:\/\/fagorarrasate.com\/tr\/#\/schema\/logo\/image\/\",\"url\":\"https:\/\/fagorarrasate.com\/wp-content\/uploads\/2022\/01\/fagor-logo.png\",\"contentUrl\":\"https:\/\/fagorarrasate.com\/wp-content\/uploads\/2022\/01\/fagor-logo.png\",\"width\":164,\"height\":52,\"caption\":\"Fagor Arrasate\"},\"image\":{\"@id\":\"https:\/\/fagorarrasate.com\/tr\/#\/schema\/logo\/image\/\"},\"sameAs\":[\"https:\/\/es.linkedin.com\/company\/fagor-arrasate-s--coop-\",\"https:\/\/www.youtube.com\/channel\/UCcIkM42cil4qiObWBRnotjA\"]}]}<\/script>\n<!-- \/ Yoast SEO plugin. -->","yoast_head_json":{"title":"DE\u011eERLER\u0130M\u0130Z - Fagor Arrasate","robots":{"index":"index","follow":"follow","max-snippet":"max-snippet:-1","max-image-preview":"max-image-preview:large","max-video-preview":"max-video-preview:-1"},"canonical":"https:\/\/fagorarrasate.com\/tr\/hakkimizda\/degerlerimiz\/","twitter_misc":{"Tahmini okuma s\u00fcresi":"1 dakika"},"schema":{"@context":"https:\/\/schema.org","@graph":[{"@type":"WebPage","@id":"https:\/\/fagorarrasate.com\/tr\/hakkimizda\/degerlerimiz\/","url":"https:\/\/fagorarrasate.com\/tr\/hakkimizda\/degerlerimiz\/","name":"DE\u011eERLER\u0130M\u0130Z - Fagor Arrasate","isPartOf":{"@id":"https:\/\/fagorarrasate.com\/tr\/#website"},"primaryImageOfPage":{"@id":"https:\/\/fagorarrasate.com\/tr\/hakkimizda\/degerlerimiz\/#primaryimage"},"image":{"@id":"https:\/\/fagorarrasate.com\/tr\/hakkimizda\/degerlerimiz\/#primaryimage"},"thumbnailUrl":"https:\/\/fagorarrasate.com\/wp-content\/uploads\/2020\/04\/FAGOR-ARRASATE-Nuestros-valores.jpg","datePublished":"2025-02-10T09:08:51+00:00","breadcrumb":{"@id":"https:\/\/fagorarrasate.com\/tr\/hakkimizda\/degerlerimiz\/#breadcrumb"},"inLanguage":"tr","potentialAction":[{"@type":"ReadAction","target":["https:\/\/fagorarrasate.com\/tr\/hakkimizda\/degerlerimiz\/"]}]},{"@type":"ImageObject","inLanguage":"tr","@id":"https:\/\/fagorarrasate.com\/tr\/hakkimizda\/degerlerimiz\/#primaryimage","url":"https:\/\/fagorarrasate.com\/wp-content\/uploads\/2020\/04\/FAGOR-ARRASATE-Nuestros-valores.jpg","contentUrl":"https:\/\/fagorarrasate.com\/wp-content\/uploads\/2020\/04\/FAGOR-ARRASATE-Nuestros-valores.jpg","width":1918,"height":565},{"@type":"BreadcrumbList","@id":"https:\/\/fagorarrasate.com\/tr\/hakkimizda\/degerlerimiz\/#breadcrumb","itemListElement":[{"@type":"ListItem","position":1,"name":"Anasayfa","item":"https:\/\/fagorarrasate.com\/tr\/"},{"@type":"ListItem","position":2,"name":"Hakkimizda","item":"https:\/\/fagorarrasate.com\/tr\/hakkimizda\/"},{"@type":"ListItem","position":3,"name":"DE\u011eERLER\u0130M\u0130Z"}]},{"@type":"WebSite","@id":"https:\/\/fagorarrasate.com\/tr\/#website","url":"https:\/\/fagorarrasate.com\/tr\/","name":"Fagor Arrasate","description":"Sharing Your Challenges","publisher":{"@id":"https:\/\/fagorarrasate.com\/tr\/#organization"},"potentialAction":[{"@type":"SearchAction","target":{"@type":"EntryPoint","urlTemplate":"https:\/\/fagorarrasate.com\/tr\/?s={search_term_string}"},"query-input":{"@type":"PropertyValueSpecification","valueRequired":true,"valueName":"search_term_string"}}],"inLanguage":"tr"},{"@type":"Organization","@id":"https:\/\/fagorarrasate.com\/tr\/#organization","name":"Fagor Arrasate","url":"https:\/\/fagorarrasate.com\/tr\/","logo":{"@type":"ImageObject","inLanguage":"tr","@id":"https:\/\/fagorarrasate.com\/tr\/#\/schema\/logo\/image\/","url":"https:\/\/fagorarrasate.com\/wp-content\/uploads\/2022\/01\/fagor-logo.png","contentUrl":"https:\/\/fagorarrasate.com\/wp-content\/uploads\/2022\/01\/fagor-logo.png","width":164,"height":52,"caption":"Fagor Arrasate"},"image":{"@id":"https:\/\/fagorarrasate.com\/tr\/#\/schema\/logo\/image\/"},"sameAs":["https:\/\/es.linkedin.com\/company\/fagor-arrasate-s--coop-","https:\/\/www.youtube.com\/channel\/UCcIkM42cil4qiObWBRnotjA"]}]}},"_links":{"self":[{"href":"https:\/\/fagorarrasate.com\/tr\/wp-json\/wp\/v2\/pages\/556706823","targetHints":{"allow":["GET"]}}],"collection":[{"href":"https:\/\/fagorarrasate.com\/tr\/wp-json\/wp\/v2\/pages"}],"about":[{"href":"https:\/\/fagorarrasate.com\/tr\/wp-json\/wp\/v2\/types\/page"}],"author":[{"embeddable":true,"href":"https:\/\/fagorarrasate.com\/tr\/wp-json\/wp\/v2\/users\/1"}],"replies":[{"embeddable":true,"href":"https:\/\/fagorarrasate.com\/tr\/wp-json\/wp\/v2\/comments?post=556706823"}],"version-history":[{"count":0,"href":"https:\/\/fagorarrasate.com\/tr\/wp-json\/wp\/v2\/pages\/556706823\/revisions"}],"up":[{"embeddable":true,"href":"https:\/\/fagorarrasate.com\/tr\/wp-json\/wp\/v2\/pages\/556706635"}],"wp:featuredmedia":[{"embeddable":true,"href":"https:\/\/fagorarrasate.com\/tr\/wp-json\/wp\/v2\/media\/556706825"}],"wp:attachment":[{"href":"https:\/\/fagorarrasate.com\/tr\/wp-json\/wp\/v2\/media?parent=556706823"}],"curies":[{"name":"wp","href":"https:\/\/api.w.org\/{rel}","templated":true}]}}