{"id":556707164,"date":"2020-01-29T13:07:44","date_gmt":"2020-01-29T12:07:44","guid":{"rendered":"https:\/\/fagorarrasate.com\/solutions\/"},"modified":"2025-02-24T12:59:41","modified_gmt":"2025-02-24T11:59:41","slug":"cozumler","status":"publish","type":"page","link":"https:\/\/fagorarrasate.com\/tr\/cozumler\/","title":{"rendered":"Sac metal \u015fekillendirme ve kesme \u00e7\u00f6z\u00fcmleri"},"content":{"rendered":"","protected":false},"excerpt":{"rendered":"","protected":false},"author":1,"featured_media":556707152,"parent":0,"menu_order":0,"comment_status":"closed","ping_status":"closed","template":"template-products.php","meta":{"_acf_changed":false,"footnotes":""},"class_list":["post-556707164","page","type-page","status-publish","has-post-thumbnail","hentry"],"acf":[],"yoast_head":"<!-- This site is optimized with the Yoast SEO plugin v25.1 - https:\/\/yoast.com\/wordpress\/plugins\/seo\/ -->\n<title>Sheet metal forming &amp; cutting solutions - Fagor Arrasate<\/title>\n<meta name=\"description\" content=\"We have the broadest product portfolio and deep knowledge in sheet metal forming as a result of our more than 60 years of experience.\" \/>\n<meta name=\"robots\" content=\"index, follow, max-snippet:-1, max-image-preview:large, max-video-preview:-1\" \/>\n<link rel=\"canonical\" href=\"https:\/\/fagorarrasate.com\/tr\/cozumler\/\" \/>\n<meta name=\"twitter:label1\" content=\"Tahmini okuma s\u00fcresi\" \/>\n\t<meta name=\"twitter:data1\" content=\"1 dakika\" \/>\n<script type=\"application\/ld+json\" class=\"yoast-schema-graph\">{\"@context\":\"https:\/\/schema.org\",\"@graph\":[{\"@type\":\"WebPage\",\"@id\":\"https:\/\/fagorarrasate.com\/tr\/cozumler\/\",\"url\":\"https:\/\/fagorarrasate.com\/tr\/cozumler\/\",\"name\":\"Sheet metal forming & cutting solutions - Fagor Arrasate\",\"isPartOf\":{\"@id\":\"https:\/\/fagorarrasate.com\/tr\/#website\"},\"primaryImageOfPage\":{\"@id\":\"https:\/\/fagorarrasate.com\/tr\/cozumler\/#primaryimage\"},\"image\":{\"@id\":\"https:\/\/fagorarrasate.com\/tr\/cozumler\/#primaryimage\"},\"thumbnailUrl\":\"https:\/\/fagorarrasate.com\/wp-content\/uploads\/2020\/04\/Fagor-Arrasate-Products.jpg\",\"datePublished\":\"2020-01-29T12:07:44+00:00\",\"dateModified\":\"2025-02-24T11:59:41+00:00\",\"description\":\"We have the broadest product portfolio and deep knowledge in sheet metal forming as a result of our more than 60 years of experience.\",\"breadcrumb\":{\"@id\":\"https:\/\/fagorarrasate.com\/tr\/cozumler\/#breadcrumb\"},\"inLanguage\":\"tr\",\"potentialAction\":[{\"@type\":\"ReadAction\",\"target\":[\"https:\/\/fagorarrasate.com\/tr\/cozumler\/\"]}]},{\"@type\":\"ImageObject\",\"inLanguage\":\"tr\",\"@id\":\"https:\/\/fagorarrasate.com\/tr\/cozumler\/#primaryimage\",\"url\":\"https:\/\/fagorarrasate.com\/wp-content\/uploads\/2020\/04\/Fagor-Arrasate-Products.jpg\",\"contentUrl\":\"https:\/\/fagorarrasate.com\/wp-content\/uploads\/2020\/04\/Fagor-Arrasate-Products.jpg\",\"width\":1516,\"height\":565},{\"@type\":\"BreadcrumbList\",\"@id\":\"https:\/\/fagorarrasate.com\/tr\/cozumler\/#breadcrumb\",\"itemListElement\":[{\"@type\":\"ListItem\",\"position\":1,\"name\":\"Anasayfa\",\"item\":\"https:\/\/fagorarrasate.com\/tr\/\"},{\"@type\":\"ListItem\",\"position\":2,\"name\":\"Sac metal \u015fekillendirme ve kesme \u00e7\u00f6z\u00fcmleri\"}]},{\"@type\":\"WebSite\",\"@id\":\"https:\/\/fagorarrasate.com\/tr\/#website\",\"url\":\"https:\/\/fagorarrasate.com\/tr\/\",\"name\":\"Fagor Arrasate\",\"description\":\"Sharing Your Challenges\",\"publisher\":{\"@id\":\"https:\/\/fagorarrasate.com\/tr\/#organization\"},\"potentialAction\":[{\"@type\":\"SearchAction\",\"target\":{\"@type\":\"EntryPoint\",\"urlTemplate\":\"https:\/\/fagorarrasate.com\/tr\/?s={search_term_string}\"},\"query-input\":{\"@type\":\"PropertyValueSpecification\",\"valueRequired\":true,\"valueName\":\"search_term_string\"}}],\"inLanguage\":\"tr\"},{\"@type\":\"Organization\",\"@id\":\"https:\/\/fagorarrasate.com\/tr\/#organization\",\"name\":\"Fagor Arrasate\",\"url\":\"https:\/\/fagorarrasate.com\/tr\/\",\"logo\":{\"@type\":\"ImageObject\",\"inLanguage\":\"tr\",\"@id\":\"https:\/\/fagorarrasate.com\/tr\/#\/schema\/logo\/image\/\",\"url\":\"https:\/\/fagorarrasate.com\/wp-content\/uploads\/2022\/01\/fagor-logo.png\",\"contentUrl\":\"https:\/\/fagorarrasate.com\/wp-content\/uploads\/2022\/01\/fagor-logo.png\",\"width\":164,\"height\":52,\"caption\":\"Fagor Arrasate\"},\"image\":{\"@id\":\"https:\/\/fagorarrasate.com\/tr\/#\/schema\/logo\/image\/\"},\"sameAs\":[\"https:\/\/es.linkedin.com\/company\/fagor-arrasate-s--coop-\",\"https:\/\/www.youtube.com\/channel\/UCcIkM42cil4qiObWBRnotjA\"]}]}<\/script>\n<!-- \/ Yoast SEO plugin. -->","yoast_head_json":{"title":"Sheet metal forming & cutting solutions - Fagor Arrasate","description":"We have the broadest product portfolio and deep knowledge in sheet metal forming as a result of our more than 60 years of experience.","robots":{"index":"index","follow":"follow","max-snippet":"max-snippet:-1","max-image-preview":"max-image-preview:large","max-video-preview":"max-video-preview:-1"},"canonical":"https:\/\/fagorarrasate.com\/tr\/cozumler\/","twitter_misc":{"Tahmini okuma s\u00fcresi":"1 dakika"},"schema":{"@context":"https:\/\/schema.org","@graph":[{"@type":"WebPage","@id":"https:\/\/fagorarrasate.com\/tr\/cozumler\/","url":"https:\/\/fagorarrasate.com\/tr\/cozumler\/","name":"Sheet metal forming & cutting solutions - Fagor Arrasate","isPartOf":{"@id":"https:\/\/fagorarrasate.com\/tr\/#website"},"primaryImageOfPage":{"@id":"https:\/\/fagorarrasate.com\/tr\/cozumler\/#primaryimage"},"image":{"@id":"https:\/\/fagorarrasate.com\/tr\/cozumler\/#primaryimage"},"thumbnailUrl":"https:\/\/fagorarrasate.com\/wp-content\/uploads\/2020\/04\/Fagor-Arrasate-Products.jpg","datePublished":"2020-01-29T12:07:44+00:00","dateModified":"2025-02-24T11:59:41+00:00","description":"We have the broadest product portfolio and deep knowledge in sheet metal forming as a result of our more than 60 years of experience.","breadcrumb":{"@id":"https:\/\/fagorarrasate.com\/tr\/cozumler\/#breadcrumb"},"inLanguage":"tr","potentialAction":[{"@type":"ReadAction","target":["https:\/\/fagorarrasate.com\/tr\/cozumler\/"]}]},{"@type":"ImageObject","inLanguage":"tr","@id":"https:\/\/fagorarrasate.com\/tr\/cozumler\/#primaryimage","url":"https:\/\/fagorarrasate.com\/wp-content\/uploads\/2020\/04\/Fagor-Arrasate-Products.jpg","contentUrl":"https:\/\/fagorarrasate.com\/wp-content\/uploads\/2020\/04\/Fagor-Arrasate-Products.jpg","width":1516,"height":565},{"@type":"BreadcrumbList","@id":"https:\/\/fagorarrasate.com\/tr\/cozumler\/#breadcrumb","itemListElement":[{"@type":"ListItem","position":1,"name":"Anasayfa","item":"https:\/\/fagorarrasate.com\/tr\/"},{"@type":"ListItem","position":2,"name":"Sac metal \u015fekillendirme ve kesme \u00e7\u00f6z\u00fcmleri"}]},{"@type":"WebSite","@id":"https:\/\/fagorarrasate.com\/tr\/#website","url":"https:\/\/fagorarrasate.com\/tr\/","name":"Fagor Arrasate","description":"Sharing Your Challenges","publisher":{"@id":"https:\/\/fagorarrasate.com\/tr\/#organization"},"potentialAction":[{"@type":"SearchAction","target":{"@type":"EntryPoint","urlTemplate":"https:\/\/fagorarrasate.com\/tr\/?s={search_term_string}"},"query-input":{"@type":"PropertyValueSpecification","valueRequired":true,"valueName":"search_term_string"}}],"inLanguage":"tr"},{"@type":"Organization","@id":"https:\/\/fagorarrasate.com\/tr\/#organization","name":"Fagor Arrasate","url":"https:\/\/fagorarrasate.com\/tr\/","logo":{"@type":"ImageObject","inLanguage":"tr","@id":"https:\/\/fagorarrasate.com\/tr\/#\/schema\/logo\/image\/","url":"https:\/\/fagorarrasate.com\/wp-content\/uploads\/2022\/01\/fagor-logo.png","contentUrl":"https:\/\/fagorarrasate.com\/wp-content\/uploads\/2022\/01\/fagor-logo.png","width":164,"height":52,"caption":"Fagor Arrasate"},"image":{"@id":"https:\/\/fagorarrasate.com\/tr\/#\/schema\/logo\/image\/"},"sameAs":["https:\/\/es.linkedin.com\/company\/fagor-arrasate-s--coop-","https:\/\/www.youtube.com\/channel\/UCcIkM42cil4qiObWBRnotjA"]}]}},"_links":{"self":[{"href":"https:\/\/fagorarrasate.com\/tr\/wp-json\/wp\/v2\/pages\/556707164","targetHints":{"allow":["GET"]}}],"collection":[{"href":"https:\/\/fagorarrasate.com\/tr\/wp-json\/wp\/v2\/pages"}],"about":[{"href":"https:\/\/fagorarrasate.com\/tr\/wp-json\/wp\/v2\/types\/page"}],"author":[{"embeddable":true,"href":"https:\/\/fagorarrasate.com\/tr\/wp-json\/wp\/v2\/users\/1"}],"replies":[{"embeddable":true,"href":"https:\/\/fagorarrasate.com\/tr\/wp-json\/wp\/v2\/comments?post=556707164"}],"version-history":[{"count":1,"href":"https:\/\/fagorarrasate.com\/tr\/wp-json\/wp\/v2\/pages\/556707164\/revisions"}],"predecessor-version":[{"id":556707677,"href":"https:\/\/fagorarrasate.com\/tr\/wp-json\/wp\/v2\/pages\/556707164\/revisions\/556707677"}],"wp:featuredmedia":[{"embeddable":true,"href":"https:\/\/fagorarrasate.com\/tr\/wp-json\/wp\/v2\/media\/556707152"}],"wp:attachment":[{"href":"https:\/\/fagorarrasate.com\/tr\/wp-json\/wp\/v2\/media?parent=556707164"}],"curies":[{"name":"wp","href":"https:\/\/api.w.org\/{rel}","templated":true}]}}