{"id":556677535,"date":"2020-01-07T10:38:34","date_gmt":"2020-01-07T09:38:34","guid":{"rendered":"https:\/\/fagorarrasate.com\/service\/"},"modified":"2022-02-14T12:06:30","modified_gmt":"2022-02-14T11:06:30","slug":"%e5%94%ae%e5%90%8e%e6%9c%8d%e5%8a%a1","status":"publish","type":"page","link":"https:\/\/fagorarrasate.com\/zh-hans\/%e5%94%ae%e5%90%8e%e6%9c%8d%e5%8a%a1\/","title":{"rendered":"\u552e\u540e\u670d\u52a1"},"content":{"rendered":"<section>\n<div class=\"container-fluid\">\n<div class=\"service-info \">\n<div class=\"row d-flex \">\n<div class=\"col-12 col-lg-6 p-0\"><img decoding=\"async\" class=\"img-fluid w-100\" src=\"https:\/\/fagorarrasate.com\/wp-content\/uploads\/2020\/10\/FAGOR-ARRASATE_Global-presence_CN.png.jpg\" \/><\/div>\n<div class=\"col-12 col-lg-6 p-0 d-flex justify-content-start\">\n<div class=\"serv-text\">\n<h2 class=\"w-border\">\u653e\u773c\u5168\u7403<\/h2>\n<p>\u6cd5\u683c\u585e\u8fbe\u5728\u897f\u73ed\u7259\u3001\u5fb7\u56fd\u3001\u7f8e\u56fd\u3001\u4e2d\u56fd\u3001\u58a8\u897f\u54e5\u548c\u571f\u8033\u5176\u5747\u8bbe\u6709\u670d\u52a1\u5de5\u5382\uff0c\u5e76\u914d\u6709\u4e13\u4e1a\u7684\u56e2\u961f\uff0c\u53ef\u4ee5\u5728\u6700\u77ed\u65f6\u95f4\u5185\u6700\u9ad8\u6548\u5730\u54cd\u5e94\u5168\u7403\u4efb\u4f55\u5730\u65b9\u51fa\u73b0\u7684\u8bbe\u5907\u95ee\u9898\u3002<\/p>\n<p>\u672c\u516c\u53f8\u8fd8\u5728\u5168\u7403\u8303\u56f4\u5185\u5efa\u7acb\u4e86\u5c5e\u5730\u4f9b\u5e94\u5546\u7f51\u7edc\uff0c\u8fd9\u4e9b\u4f9b\u5e94\u5546\u63a5\u53d7\u4e86\u6cd5\u683c\u585e\u8fbe\u7684\u4e13\u4e1a\u77e5\u8bc6\u57f9\u8bad\uff0c\u7b26\u5408\u6700\u4e25\u82db\u7684\u8d28\u91cf\u6807\u51c6\u3002<\/p>\n<p><a href=\"https:\/\/fagorarrasate.com\/zh-hans\/%e5%85%b3%e4%ba%8e%e6%88%91%e4%bb%ac\/%e5%85%a8%e7%90%83%e5%88%86%e5%b8%83\/\"><strong>\u67e5\u770b\u66f4\u591a\u8bbe\u5907\u4fe1\u606f<\/strong><\/a><\/p>\n<\/div>\n<\/div>\n<\/div>\n<\/div>\n<div class=\"service-info bg-invert pt-0 \">\n<div class=\"row\">\n<div class=\"col-12 col-lg-6 p-0 d-flex justify-content-end\">\n<div class=\"serv-text\">\n<h2 class=\"w-border\">\u7acb\u8db3\u5f53\u5730<\/h2>\n<p>\u6211\u4eec\u627f\u8bfa\u4ece\u9879\u76ee\u521d\u671f\u7684\u6982\u5ff5\u5b9a\u4e49\u8d77\u76f4\u81f3\u8bbe\u5907\u7684\u6574\u4e2a\u751f\u547d\u5468\u671f\uff0c\u4e0d\u65ad\u4e3a\u5ba2\u6237\u63d0\u4f9b\u8d34\u5fc3\u7684\u4e13\u4e1a\u670d\u52a1\u3002\u6cd5\u683c\u585e\u8fbe\u5c06\u5ba2\u6237\u7684\u6311\u6218\u89c6\u4e3a\u81ea\u5df1\u7684\u6311\u6218\uff0c\u4e5f\u56e0\u6b64\u613f\u610f\u966a\u4f34\u5ba2\u6237\u8d70\u5411\u6210\u529f\u3002<\/p>\n<p>\u4e3a\u4e86\u7ed3\u5408\u5f53\u5730\u7684\u8bed\u8a00\u3001\u6587\u5316\u548c\u4e60\u60ef\uff0c\u6210\u4e3a\u5ba2\u6237\u7684\u4f19\u4f34\u5e76\u7528\u5ba2\u6237\u7684\u65b9\u5f0f\u4ea4\u6d41\u3001\u601d\u8003\u548c\u884c\u52a8\uff0c\u6211\u4eec\u5728\u5404\u5730\u90fd\u96c7\u4f63\u4e86\u672c\u5730\u5458\u5de5\u3002<\/p>\n<p>\u8fd9\u91cc\u6ca1\u6709\u5b98\u50da\u4e3b\u4e49\u3002\u60a8\u662f\u5426\u9047\u5230\u4e86\u95ee\u9898\uff1f\u8054\u7cfb\u6211\u4eec\u5427\uff0c\u8ba9\u6211\u4eec\u4e3a\u60a8\u89e3\u51b3\u3002<\/p>\n<\/div>\n<\/div>\n<div class=\"col-12 col-lg-6 p-0\"><img decoding=\"async\" class=\"img-fluid \" src=\"https:\/\/fagorarrasate.com\/wp-content\/uploads\/2020\/01\/service3.jpg\" alt=\"slide\" \/><\/div>\n<\/div>\n<\/div>\n<\/div>\n<\/section>\n","protected":false},"excerpt":{"rendered":"<p>\u653e\u773c\u5168\u7403 \u6cd5\u683c\u585e\u8fbe\u5728\u897f\u73ed\u7259\u3001\u5fb7\u56fd\u3001\u7f8e\u56fd\u3001\u4e2d\u56fd\u3001\u58a8\u897f\u54e5\u548c\u571f\u8033\u5176\u5747\u8bbe\u6709\u670d\u52a1\u5de5\u5382\uff0c\u5e76\u914d\u6709\u4e13\u4e1a\u7684\u56e2\u961f\uff0c\u53ef\u4ee5\u5728\u6700\u77ed\u65f6\u95f4\u5185 [&hellip;]<\/p>\n","protected":false},"author":1,"featured_media":556677545,"parent":0,"menu_order":0,"comment_status":"closed","ping_status":"closed","template":"template-servicios.php","meta":{"_acf_changed":false,"footnotes":""},"class_list":["post-556677535","page","type-page","status-publish","has-post-thumbnail","hentry"],"acf":[],"yoast_head":"<!-- This site is optimized with the Yoast SEO plugin v27.5 - https:\/\/yoast.com\/product\/yoast-seo-wordpress\/ -->\n<title>\u552e\u540e\u670d\u52a1 - \u6cd5\u683c\u585e\u8fbe<\/title>\n<meta name=\"description\" content=\"Contamos con plantas de servicio en Espa\u00f1a, Alemania, Estados Unidos, China, M\u00e9xico y Turqu\u00eda, que cuentan con un equipo humano altamente especializado.\" \/>\n<meta name=\"robots\" content=\"index, follow, max-snippet:-1, max-image-preview:large, max-video-preview:-1\" \/>\n<link rel=\"canonical\" href=\"https:\/\/fagorarrasate.com\/zh-hans\/%e5%94%ae%e5%90%8e%e6%9c%8d%e5%8a%a1\/\" \/>\n<meta name=\"twitter:label1\" content=\"\u9884\u8ba1\u9605\u8bfb\u65f6\u95f4\" \/>\n\t<meta name=\"twitter:data1\" content=\"1 \u5206\" \/>\n<script type=\"application\/ld+json\" class=\"yoast-schema-graph\">{\"@context\":\"https:\\\/\\\/schema.org\",\"@graph\":[{\"@type\":\"WebPage\",\"@id\":\"https:\\\/\\\/fagorarrasate.com\\\/zh-hans\\\/%e5%94%ae%e5%90%8e%e6%9c%8d%e5%8a%a1\\\/\",\"url\":\"https:\\\/\\\/fagorarrasate.com\\\/zh-hans\\\/%e5%94%ae%e5%90%8e%e6%9c%8d%e5%8a%a1\\\/\",\"name\":\"\u552e\u540e\u670d\u52a1 - \u6cd5\u683c\u585e\u8fbe\",\"isPartOf\":{\"@id\":\"https:\\\/\\\/fagorarrasate.com\\\/zh-hans\\\/#website\"},\"primaryImageOfPage\":{\"@id\":\"https:\\\/\\\/fagorarrasate.com\\\/zh-hans\\\/%e5%94%ae%e5%90%8e%e6%9c%8d%e5%8a%a1\\\/#primaryimage\"},\"image\":{\"@id\":\"https:\\\/\\\/fagorarrasate.com\\\/zh-hans\\\/%e5%94%ae%e5%90%8e%e6%9c%8d%e5%8a%a1\\\/#primaryimage\"},\"thumbnailUrl\":\"https:\\\/\\\/fagorarrasate.com\\\/wp-content\\\/uploads\\\/2020\\\/01\\\/Fagor-Arrasate-Service.png\",\"datePublished\":\"2020-01-07T09:38:34+00:00\",\"dateModified\":\"2022-02-14T11:06:30+00:00\",\"description\":\"Contamos con plantas de servicio en Espa\u00f1a, Alemania, Estados Unidos, China, M\u00e9xico y Turqu\u00eda, que cuentan con un equipo humano altamente especializado.\",\"breadcrumb\":{\"@id\":\"https:\\\/\\\/fagorarrasate.com\\\/zh-hans\\\/%e5%94%ae%e5%90%8e%e6%9c%8d%e5%8a%a1\\\/#breadcrumb\"},\"inLanguage\":\"zh-Hans\",\"potentialAction\":[{\"@type\":\"ReadAction\",\"target\":[\"https:\\\/\\\/fagorarrasate.com\\\/zh-hans\\\/%e5%94%ae%e5%90%8e%e6%9c%8d%e5%8a%a1\\\/\"]}]},{\"@type\":\"ImageObject\",\"inLanguage\":\"zh-Hans\",\"@id\":\"https:\\\/\\\/fagorarrasate.com\\\/zh-hans\\\/%e5%94%ae%e5%90%8e%e6%9c%8d%e5%8a%a1\\\/#primaryimage\",\"url\":\"https:\\\/\\\/fagorarrasate.com\\\/wp-content\\\/uploads\\\/2020\\\/01\\\/Fagor-Arrasate-Service.png\",\"contentUrl\":\"https:\\\/\\\/fagorarrasate.com\\\/wp-content\\\/uploads\\\/2020\\\/01\\\/Fagor-Arrasate-Service.png\",\"width\":1927,\"height\":565},{\"@type\":\"BreadcrumbList\",\"@id\":\"https:\\\/\\\/fagorarrasate.com\\\/zh-hans\\\/%e5%94%ae%e5%90%8e%e6%9c%8d%e5%8a%a1\\\/#breadcrumb\",\"itemListElement\":[{\"@type\":\"ListItem\",\"position\":1,\"name\":\"\u4e3b\u9875\",\"item\":\"https:\\\/\\\/fagorarrasate.com\\\/zh-hans\\\/\"},{\"@type\":\"ListItem\",\"position\":2,\"name\":\"\u552e\u540e\u670d\u52a1\"}]},{\"@type\":\"WebSite\",\"@id\":\"https:\\\/\\\/fagorarrasate.com\\\/zh-hans\\\/#website\",\"url\":\"https:\\\/\\\/fagorarrasate.com\\\/zh-hans\\\/\",\"name\":\"\u6cd5\u683c\u585e\u8fbe\",\"description\":\"Sharing Your Challenges\",\"publisher\":{\"@id\":\"https:\\\/\\\/fagorarrasate.com\\\/zh-hans\\\/#organization\"},\"potentialAction\":[{\"@type\":\"SearchAction\",\"target\":{\"@type\":\"EntryPoint\",\"urlTemplate\":\"https:\\\/\\\/fagorarrasate.com\\\/zh-hans\\\/?s={search_term_string}\"},\"query-input\":{\"@type\":\"PropertyValueSpecification\",\"valueRequired\":true,\"valueName\":\"search_term_string\"}}],\"inLanguage\":\"zh-Hans\"},{\"@type\":\"Organization\",\"@id\":\"https:\\\/\\\/fagorarrasate.com\\\/zh-hans\\\/#organization\",\"name\":\"\u6cd5\u683c\u585e\u8fbe\",\"url\":\"https:\\\/\\\/fagorarrasate.com\\\/zh-hans\\\/\",\"logo\":{\"@type\":\"ImageObject\",\"inLanguage\":\"zh-Hans\",\"@id\":\"https:\\\/\\\/fagorarrasate.com\\\/zh-hans\\\/#\\\/schema\\\/logo\\\/image\\\/\",\"url\":\"https:\\\/\\\/fagorarrasate.com\\\/wp-content\\\/uploads\\\/2022\\\/01\\\/fagor-logo.png\",\"contentUrl\":\"https:\\\/\\\/fagorarrasate.com\\\/wp-content\\\/uploads\\\/2022\\\/01\\\/fagor-logo.png\",\"width\":164,\"height\":52,\"caption\":\"\u6cd5\u683c\u585e\u8fbe\"},\"image\":{\"@id\":\"https:\\\/\\\/fagorarrasate.com\\\/zh-hans\\\/#\\\/schema\\\/logo\\\/image\\\/\"},\"sameAs\":[\"https:\\\/\\\/es.linkedin.com\\\/company\\\/fagor-arrasate-s--coop-\",\"https:\\\/\\\/www.youtube.com\\\/channel\\\/UCcIkM42cil4qiObWBRnotjA\"]}]}<\/script>\n<!-- \/ Yoast SEO plugin. -->","yoast_head_json":{"title":"\u552e\u540e\u670d\u52a1 - \u6cd5\u683c\u585e\u8fbe","description":"Contamos con plantas de servicio en Espa\u00f1a, Alemania, Estados Unidos, China, M\u00e9xico y Turqu\u00eda, que cuentan con un equipo humano altamente especializado.","robots":{"index":"index","follow":"follow","max-snippet":"max-snippet:-1","max-image-preview":"max-image-preview:large","max-video-preview":"max-video-preview:-1"},"canonical":"https:\/\/fagorarrasate.com\/zh-hans\/%e5%94%ae%e5%90%8e%e6%9c%8d%e5%8a%a1\/","twitter_misc":{"\u9884\u8ba1\u9605\u8bfb\u65f6\u95f4":"1 \u5206"},"schema":{"@context":"https:\/\/schema.org","@graph":[{"@type":"WebPage","@id":"https:\/\/fagorarrasate.com\/zh-hans\/%e5%94%ae%e5%90%8e%e6%9c%8d%e5%8a%a1\/","url":"https:\/\/fagorarrasate.com\/zh-hans\/%e5%94%ae%e5%90%8e%e6%9c%8d%e5%8a%a1\/","name":"\u552e\u540e\u670d\u52a1 - \u6cd5\u683c\u585e\u8fbe","isPartOf":{"@id":"https:\/\/fagorarrasate.com\/zh-hans\/#website"},"primaryImageOfPage":{"@id":"https:\/\/fagorarrasate.com\/zh-hans\/%e5%94%ae%e5%90%8e%e6%9c%8d%e5%8a%a1\/#primaryimage"},"image":{"@id":"https:\/\/fagorarrasate.com\/zh-hans\/%e5%94%ae%e5%90%8e%e6%9c%8d%e5%8a%a1\/#primaryimage"},"thumbnailUrl":"https:\/\/fagorarrasate.com\/wp-content\/uploads\/2020\/01\/Fagor-Arrasate-Service.png","datePublished":"2020-01-07T09:38:34+00:00","dateModified":"2022-02-14T11:06:30+00:00","description":"Contamos con plantas de servicio en Espa\u00f1a, Alemania, Estados Unidos, China, M\u00e9xico y Turqu\u00eda, que cuentan con un equipo humano altamente especializado.","breadcrumb":{"@id":"https:\/\/fagorarrasate.com\/zh-hans\/%e5%94%ae%e5%90%8e%e6%9c%8d%e5%8a%a1\/#breadcrumb"},"inLanguage":"zh-Hans","potentialAction":[{"@type":"ReadAction","target":["https:\/\/fagorarrasate.com\/zh-hans\/%e5%94%ae%e5%90%8e%e6%9c%8d%e5%8a%a1\/"]}]},{"@type":"ImageObject","inLanguage":"zh-Hans","@id":"https:\/\/fagorarrasate.com\/zh-hans\/%e5%94%ae%e5%90%8e%e6%9c%8d%e5%8a%a1\/#primaryimage","url":"https:\/\/fagorarrasate.com\/wp-content\/uploads\/2020\/01\/Fagor-Arrasate-Service.png","contentUrl":"https:\/\/fagorarrasate.com\/wp-content\/uploads\/2020\/01\/Fagor-Arrasate-Service.png","width":1927,"height":565},{"@type":"BreadcrumbList","@id":"https:\/\/fagorarrasate.com\/zh-hans\/%e5%94%ae%e5%90%8e%e6%9c%8d%e5%8a%a1\/#breadcrumb","itemListElement":[{"@type":"ListItem","position":1,"name":"\u4e3b\u9875","item":"https:\/\/fagorarrasate.com\/zh-hans\/"},{"@type":"ListItem","position":2,"name":"\u552e\u540e\u670d\u52a1"}]},{"@type":"WebSite","@id":"https:\/\/fagorarrasate.com\/zh-hans\/#website","url":"https:\/\/fagorarrasate.com\/zh-hans\/","name":"\u6cd5\u683c\u585e\u8fbe","description":"Sharing Your Challenges","publisher":{"@id":"https:\/\/fagorarrasate.com\/zh-hans\/#organization"},"potentialAction":[{"@type":"SearchAction","target":{"@type":"EntryPoint","urlTemplate":"https:\/\/fagorarrasate.com\/zh-hans\/?s={search_term_string}"},"query-input":{"@type":"PropertyValueSpecification","valueRequired":true,"valueName":"search_term_string"}}],"inLanguage":"zh-Hans"},{"@type":"Organization","@id":"https:\/\/fagorarrasate.com\/zh-hans\/#organization","name":"\u6cd5\u683c\u585e\u8fbe","url":"https:\/\/fagorarrasate.com\/zh-hans\/","logo":{"@type":"ImageObject","inLanguage":"zh-Hans","@id":"https:\/\/fagorarrasate.com\/zh-hans\/#\/schema\/logo\/image\/","url":"https:\/\/fagorarrasate.com\/wp-content\/uploads\/2022\/01\/fagor-logo.png","contentUrl":"https:\/\/fagorarrasate.com\/wp-content\/uploads\/2022\/01\/fagor-logo.png","width":164,"height":52,"caption":"\u6cd5\u683c\u585e\u8fbe"},"image":{"@id":"https:\/\/fagorarrasate.com\/zh-hans\/#\/schema\/logo\/image\/"},"sameAs":["https:\/\/es.linkedin.com\/company\/fagor-arrasate-s--coop-","https:\/\/www.youtube.com\/channel\/UCcIkM42cil4qiObWBRnotjA"]}]}},"_links":{"self":[{"href":"https:\/\/fagorarrasate.com\/zh-hans\/wp-json\/wp\/v2\/pages\/556677535","targetHints":{"allow":["GET"]}}],"collection":[{"href":"https:\/\/fagorarrasate.com\/zh-hans\/wp-json\/wp\/v2\/pages"}],"about":[{"href":"https:\/\/fagorarrasate.com\/zh-hans\/wp-json\/wp\/v2\/types\/page"}],"author":[{"embeddable":true,"href":"https:\/\/fagorarrasate.com\/zh-hans\/wp-json\/wp\/v2\/users\/1"}],"replies":[{"embeddable":true,"href":"https:\/\/fagorarrasate.com\/zh-hans\/wp-json\/wp\/v2\/comments?post=556677535"}],"version-history":[{"count":0,"href":"https:\/\/fagorarrasate.com\/zh-hans\/wp-json\/wp\/v2\/pages\/556677535\/revisions"}],"wp:featuredmedia":[{"embeddable":true,"href":"https:\/\/fagorarrasate.com\/zh-hans\/wp-json\/wp\/v2\/media\/556677545"}],"wp:attachment":[{"href":"https:\/\/fagorarrasate.com\/zh-hans\/wp-json\/wp\/v2\/media?parent=556677535"}],"curies":[{"name":"wp","href":"https:\/\/api.w.org\/{rel}","templated":true}]}}